{"id":19,"date":"2024-10-03T13:02:16","date_gmt":"2024-10-03T13:02:16","guid":{"rendered":"https:\/\/dev.qualitymade.eu\/terms-conditions\/"},"modified":"2026-01-21T14:30:56","modified_gmt":"2026-01-21T14:30:56","slug":"terms-conditions","status":"publish","type":"page","link":"https:\/\/www.qualitymade.eu\/en\/terms-conditions\/","title":{"rendered":"Terms and Conditions"},"content":{"rendered":"<p align=\"CENTER\"><span style=\"font-size: x-large;\"><span lang=\"it-IT\"><b>Piattaforma FESTA<\/b><\/span><\/span><\/p>\n<p><span lang=\"it-IT\"><b>TITOLO I QUALIT\u00c0 GENERALI DEL PROGETTO <\/b><\/span><\/p>\n<p align=\"JUSTIFY\"><span lang=\"it-IT\">Art. 1 Denominazione dell&#8217;operazione \u00e8 <\/span><span lang=\"it-IT\"><b>FESTA<\/b><\/span><span lang=\"it-IT\">, piattaforma di premialit\u00e0 volta a promuovere l\u2019adozione di abitudini di spostamento sostenibili. <\/span><\/p>\n<p align=\"JUSTIFY\"><span lang=\"it-IT\">Art. 2 FESTA \u00e8 promossa e gestita dalla societ\u00e0 TAGES s.c. con la sede legale a San Giuliano Terme (PI), via Carducci 64\/c, codice fiscale e partita IVA 00937910503 (in seguito \u201cTAGES\u201d). <\/span><\/p>\n<p align=\"JUSTIFY\"><span lang=\"it-IT\">Art. 3 FESTA informa il turista dei Punti di Interesse\/Sagre\/Aziende Quality Made (Certificate) che si trova nel territorio e lo mette in contatto con una serie di operatori di trasporto di ultimo miglio che lo possono portare verso ciascun punto. La piattaforma fornisce inoltre \u2019cartoline\u2019 ricompensa alla visita di particolari punti in chiave gamification. <\/span><\/p>\n<p align=\"JUSTIFY\"><span lang=\"it-IT\">Art. 4 Imprese associate e certificate con il marchio Quality Made (QM) partecipano a FESTA in qualit\u00e0 di esercizi convenzionati. Operatori di trasporto partecipano ricevendo richieste di trasporto direttamente dagli utenti e rispondendo agli stessi con preventivi ed altro. Infine altri operatori coinvolti sono i gestori di Feste\/sagre e di Punti di Interesse del Territorio (musei\/parchi o altro). Ogni operatore (impresa QM, trasportatore, gestore di POI\/FESTE) ha le proprie credenziali per accedere ed aggiornare i dati da lui gestiti.<\/span><\/p>\n<p align=\"JUSTIFY\"><span lang=\"it-IT\">Art. 5 FESTA avr\u00e0 un inizio progressivo presso tutti gli operatori fisici ed online dei Partner che aderiranno all\u2019iniziativa. Nel tempo si aggiungeranno nuovi operatori ad arricchire l\u2019offerta informativa e di servizi della piattaforma.<\/span><\/p>\n<p align=\"JUSTIFY\"><span lang=\"it-IT\">Art. 6 FESTA si svolge su tutto il territorio del partenariato di progetto (Var, Corsica, Sardegna, Liguria e Toscana) ma potr\u00e0 essere espansa su altri territori interessati a sviluppare un turismo sostenibile. <\/span><\/p>\n<p align=\"JUSTIFY\"><span lang=\"it-IT\">Art. 7 I Destinatari dell\u2019operazione FESTA, sono tutti coloro che abbiano scaricato gratuitamente l\u2019applicazione FESTA per smartphone disponibile su Google Play e App Store anche senza aver completato la procedura di registrazione. L&#8217;utilizzo dell\u2019applicazione \u00e8 gratuito e la partecipazione a FESTA \u00e8 gratuita. <\/span><\/p>\n<p align=\"JUSTIFY\"><span lang=\"it-IT\">Art. 8 La finalit\u00e0 dell&#8217;operazione \u00e8 diretta a promuovere il turismo sostenibile (utilizzo di spostamenti con mezzi pubblici e mobilit\u00e0 ciclabili nell\u2019ultimo miglio) e le aziende Quality Made, ovvero la produzione sostenibile di prodotti locali\/artigianali, oltre che le Feste locali che trasmettono cultura e tradizioni da conservare e valorizzare.<\/span><\/p>\n<p><span lang=\"it-IT\"><b>TITOLO II MODALIT\u00c0 DI ATTUAZIONE <\/b><\/span><\/p>\n<p align=\"JUSTIFY\"><span lang=\"it-IT\">Art. 9 Le presenti Condizioni di utilizzo costituiscono un contratto pienamente vincolante tra TAGES e l\u2019Utente, il quale dichiara di aver reso visione e di aver accettato integralmente, al momento dell\u2019adesione ed installazione dell\u2019Applicazione che non richiede alcuna registrazione dell\u2019utente ne fornitura di dati personali. Pertanto, l\u2019Utente \u00e8 tenuto a leggerle integralmente prima di avviare l\u2019utilizzo dell\u2019Applicazione. Con l\u2019installazione dell\u2019APP, TAGES concede agli Utenti una licenza gratuita, non esclusiva e limitata nel tempo, non trasferibile e non sub-licenziabile, revocabile liberamente, ad usare i Servizi per scopi non commerciali nel rispetto delle presenti Condizioni. Con l\u2019utilizzo dell\u2019applicazione si rende necessario monitorare la posizione dell\u2019utente in tempo reale in modo da mostrare i punti di interesse-POI\/Feste che si trovano nelle sue vicinanze oltre che poter indicare all\u2019operatore di trasporto il punto di inizio di una richiesta di viaggio. Inoltre la gamification localizza l\u2019utente e verifica la sua visita ad un POI\/Festa mediante la sua posizione, in automatico, e conferisce i premi\/cartoline di conseguenza.<\/span><\/p>\n<p align=\"JUSTIFY\"><span lang=\"it-IT\">Non son registrati gli spostamenti degli utenti e neppure le tracce GPS monitorare solo in tempo reale.<\/span><\/p>\n<p align=\"JUSTIFY\"><span lang=\"it-IT\">Durante la ricezione dei segnali GPS, e successivamente per l\u2019utilizzo dei vari servizi offerti dall\u2019app, viene chiesto di fornire informazioni identificative (nome e cognome, indirizzo e-mail attivo, dati anagrafici, codice fiscale, nickname, etc.), della cui completezza, accuratezza e veridicit\u00e0 gli Utenti assumono piena responsabilit\u00e0. Le suddette informazioni personali verranno raccolte in un database, gestito da TAGES secondo la Privacy Policy autorizzata dall\u2019utente. Fornire informazioni false, incomplete o erronee potrebbe impedire la corretta prestazione e per converso l&#8217;utilizzo dell\u2019applicazione e la sospensione dell\u2019account.<\/span><\/p>\n<p align=\"JUSTIFY\"><span lang=\"it-IT\">Art. 10 TAGES pu\u00f2 incorporare, e di fatto incorpora, nel proprio sito o nell\u2019applicazione FESTA informazioni relative a prodotti e servizi di Imprese partner. TAGES non pu\u00f2 garantirne l&#8217;affidabilit\u00e0 o accuratezza; i contenuti pubblicati dagli operatori non costituiscono una raccomandazione o incoraggiamento da parte di TAGES a procurarsi i beni o i servizi pubblicizzati dagli Operatori che si assumono ogni responsabilit\u00e0 in relazione a ci\u00f2. <\/span><\/p>\n<p align=\"JUSTIFY\"><span lang=\"it-IT\">Art. 11 Per i Servizi messi a disposizione dagli Operatori agli Utenti TAGES non si assume alcuna responsabilit\u00e0 in merito all\u2019utilizzo, al funzionamento, n\u00e9 ai danni che gli Utenti potrebbero dichiarare di aver subito in conseguenza del loro utilizzo. <\/span><\/p>\n<p align=\"JUSTIFY\"><span lang=\"it-IT\">TAGES si impegna a garantire la disponibilit\u00e0 dei Servizi 24 ore su 24 e 7 giorni su 7; ciononostante, pu\u00f2 verificarsi che l&#8217;accesso venga interrotto durante operazioni di manutenzione, aggiornamenti a livello fisico o informatico, riparazioni urgenti del sito o dell\u2019applicazione, nonch\u00e9, in seguito a circostanze indipendenti dalla volont\u00e0 di TAGES (come, ad esempio, malfunzionamenti nei collegamenti e nei sistemi di telecomunicazione). TAGES si impegna a mettere in atto tutte le misure opportune per limitare questi disservizi, qualora posti sotto la sua possibilit\u00e0 di intervento e controllo diretto. TAGES esercita ogni sforzo per fornire un\u2019alta qualit\u00e0 e un servizio soddisfacente, tuttavia, non garantisce che i Servizi funzionino in maniera ininterrotta o priva di errori, n\u00e9 che saranno sempre disponibili, sicuri, protetti da accessi non autorizzati, immuni da danni, privi di malfunzionamenti, errori o guasti, compresi ma non limitati a guasti hardware, errori del software e delle comunicazioni software dovuti ai server sui quali risiedono i Servizi o uno qualsiasi dei suoi fornitori. TAGES potr\u00e0, con pieno diritto e senza alcuna limitazione, n\u00e9 obbligazione di pre-informarne gli Utenti, modificare parzialmente od integralmente, adattare o cambiare i Servizi, l\u2019estensione e la disponibilit\u00e0 delle loro funzionalit\u00e0, i relativi software, l\u2019interfaccia ed il design, nonch\u00e9 ogni altro aspetto connesso: in relazione a ci\u00f2 nessuna lamentela n\u00e9 alcuna richiesta o indennizzo verr\u00e0 presa in considerazione. La societ\u00e0 TAGES s.c. e i proprietari, soci, dipendenti, fornitori, operatori partner, preposti, agenti ed in genere collaboratori di TAGES potranno essere considerati responsabili per danni diretti, indiretti, accidentali o consequenziali o altri (compresa la perdita di profitti e perdite di dati), costi, spese e pagamenti, inadempimenti o qualsiasi altra forma di responsabilit\u00e0 derivanti dall\u2019impossibilit\u00e0 di utilizzare l\u2019applicazione. TAGES non potr\u00e0 essere ritenuta responsabile per danni emergenti da o per il contenuto di servizi, prodotti o informazioni messi a disposizione o provenienti da terzi, o da qualsiasi difetto o mancanza di comunicazione con i Servizi o con altri Utenti tramite i Servizi, n\u00e9 per la negazione o la cancellazione di un account Utente. TAGES protegge e controlla l\u2019uso dei Servizi con mezzi tecnologici destinati a prevenire usi irregolari o non autorizzati degli stessi e l&#8217;Utente si impegna a non eludere questi mezzi. In caso di elusione dell\u2019obbligo appena esplicitato o comunque nel caso di mancato rispetto da parte dell&#8217;Utente delle Condizioni di utilizzo o di alcune di esse, o per qualsiasi ragione ritenuta rilevante ad insindacabile giudizio di TAGES, questa potr\u00e0 in qualsiasi momento, senza alcuna notifica preventiva, interrompere o sospenderne, in modo temporaneo o definitivo l&#8217;accesso ai Servizi. Gli Utenti comunque riconoscono e accettano che TAGES, in relazione a quanto sopra, non si assume alcuna responsabilit\u00e0 per qualsiasi indisponibilit\u00e0, sospensione o interruzione dei Servizi, e che non potr\u00e0 essere ritenuta responsabile dei danni diretti e indiretti di qualsiasi natura risultanti da tale fatto. L\u2019applicazione FESTA utilizza tecnologia GPS per determinare la sola posizione degli Utenti: le relative funzioni non possono essere fornite senza l&#8217;utilizzo di questa tecnologia e si assume quindi, come anche specificato nella Privacy Policy, che in relazione a ci\u00f2 l\u2019Utente autorizzi TAGES all\u2019utilizzo di queste tecnologie per consentire la georeferenziazione e, quindi, la sua posizione. Per utilizzare i Servizi, trasmettere e ricevere informazioni sar\u00e0, inoltre, necessaria una connessione Wifi, Lte, 3G\/4G\/5G o di altro tipo che verranno sviluppate nel futuro: le spese di tali connessioni sono regolamentate dal contratto esistente tra gli Utenti ed il proprio fornitore di servizi di comunicazione (gestore di telefonia cellulare) e secondo i termini applicabili: i relativi costi sono a responsabilit\u00e0 e spese degli Utenti e in nessun caso potranno essere attribuite a TAGES. L&#8217;Utente accetta e riconosce di assumersi piena, unica ed esclusiva responsabilit\u00e0 per l&#8217;utilizzo dell\u2019applicazione FESTA, che resta interamente a proprio rischio e pericolo. <\/span><\/p>\n<p align=\"JUSTIFY\"><span lang=\"it-IT\">Art. 12 Meccanica dell\u2019operazione FESTA. L&#8217;Utente installa, l\u2019applicazione che \u00e8 gi\u00e0 attiva sul suo cellulare al semplice primo accesso, senza alcuna registrazione. <\/span><\/p>\n<p align=\"JUSTIFY\"><span lang=\"it-IT\">L\u2019utente al primo accesso vede subito la propria posizione ed i punti notevoli presenti intorno a lui, potendoli interrogare e vederne i contenuti. L\u2019utente accede ad una serie di percorsi tematici pre-costituiti internamente all\u2019APP che pu\u00f2 filtrare, come anche i singoli elementi di interesse, sulla base di proprie preferenze (enogastronomia, religione, natura, etc..). L\u2019utente pu\u00f2 salvare punti del territorio come preferiti e costruirsi \u2018Percorsi personalizzati\u2019 per ogni punto inserito nella piattaforma l\u2019utente pu\u00f2 richiedere l\u2019accesso con un mezzo di trasporto fornendo i propri dati e le condizioni di viaggio (numero di adulti, bambini, presenza di disabili, bagagli, animali).<\/span><\/p>\n<p align=\"JUSTIFY\"><span lang=\"it-IT\">Art. 13 \u00c8 severamente vietato copiare, distribuire, portare a pubblica visualizzazione, attraverso la comunicazione, ogni elemento e contenuto del programma FESTA. Non \u00e8 consentito, inoltre, trasferire al pubblico e\/o agli Utenti la modifica, l&#8217;adattamento, l&#8217;elaborazione, la creazione di lavori derivati; come non \u00e8 permesso vendere o affittare qualsiasi parte dell\u2019applicazione FESTA e del loro substrato informatico, in qualsiasi modo o mezzo senza il previo consenso scritto di TAGES. La denominazione FESTA, il logo descrittivo e figurativo di FESTA ed eventuali altri marchi commerciali e\/o di servizio non possono essere utilizzati in nessuna delle modalit\u00e0 succitate se non previa autorizzazione di TAGES s.c.<\/span><b> <\/b><\/p>\n<p align=\"JUSTIFY\"><span lang=\"it-IT\">Art. 14 L\u2019accordo fra TAGES e l\u2019Utente acquisisce efficacia e validit\u00e0 dal momento dell\u2019avvio dell\u2019utilizzo dell\u2019App. L\u2019accordo fra TAGES e l\u2019Utente cessa con la disinstallazione della applicazione dal proprio dispositivo ad opera dello stesso. L\u2019Utente pu\u00f2 interrompere, quindi, l&#8217;uso del Servizio in qualsiasi momento e per qualsiasi motivo, oppure per intervento di TAGES nei casi in cui ci\u00f2 sia richiesto dalla legge. <\/span><\/p>\n<p align=\"JUSTIFY\"><span lang=\"it-IT\">Non essendoci alcuna registrazione l\u2019Utente \u00e8 individuato dall\u2019identificativo del suo Smartphone e, installando l\u2019App su altro Smartphone \u00e8 come se si creasse un nuovo utente, perdendo tutte le informazioni precedentemente registrate (storiche richieste di trasporto, preferenze di punti del territorio).<\/span><\/p>\n<p align=\"JUSTIFY\"><span lang=\"it-IT\">Art. 15 TAGES si riserva il diritto di bloccare l&#8217;accesso all&#8217;applicazione unitamente ai suoi servizi, e di interromperne l&#8217;utilizzo, in qualsiasi momento, e per qualsiasi ragione lo ritenga opportuno, a propria sola ed esclusiva discrezione. Inoltre, si riserva il diritto di condividere le informazioni personali o le informazioni appartenenti agli Utenti nelle seguenti circostanze: se si \u00e8 impegnati in qualsiasi atto nocivo o potenzialmente dannoso per TAGES cos\u00ec come per altri Utenti o terzi, inclusi ma non limitati a fornitori o partner di TAGES; se \u00e8 stato utilizzato o si \u00e8 tentato di utilizzare i Servizi per un atto illegale, o atto che \u00e8 apparentemente illegale, o se l\u2019utilizzo dell\u2019applicazione consente, facilita, aiuta o incoraggia la perpetrazione di tali atti; se in qualsiasi modo sia stato violato il presente Contratto; se si rende necessaria la condivisione delle informazioni per soddisfare un ordine proveniente da un&#8217;autorit\u00e0 giudiziaria o amministrativa; se \u00e8 necessaria la condivisione di informazioni con lo scopo di individuare, prevenire, o altrimenti affrontare, questioni tecniche, violazioni della sicurezza, o le istanze di presunte infrazioni di natura fraudolenta. <\/span><\/p>\n<p align=\"JUSTIFY\"><span lang=\"it-IT\">Art. 16 Il download all&#8217;installazione dell\u2019Applicazione avverr\u00e0 mediante piattaforme digitali (Store\/Market) previa approvazione tecnica da parte dei rispettivi proprietari, i quali, non sono , in alcun modo, nell&#8217;organizzazione e gestione del Programma, ma esclusivamente nella messa a disposizione dei suddetti sistemi di download. Tali piattaforme digitali sono infatti soltanto il mero tramite tecnologico per il download che, una volta effettuato, rende il software residente su smartphone. Pertanto, le funzionalit\u00e0 operative gestite tramite l\u2019Applicazione mantengono il requisito di svolgimento sul territorio nazionale, nel quale \u00e8 altres\u00ec allocato il server dal quale viene effettuata la gestione del Programma. In particolare, evidenziamo che Google e Apple non sono in alcuno modo coinvolte nell&#8217;organizzazione del Programma, o come sponsor dello stesso. Il download dell\u2019Applicazione e il relativo utilizzo sono gratuiti; la navigazione Internet avverr\u00e0 come da piano tariffario<\/span><b> <\/b><span lang=\"it-IT\">praticato dall&#8217;operatore di appartenenza dell\u2019Utente e senza alcun costo aggiuntivo. Al fine di garantire parit\u00e0 di trattamento tra tutti gli Utenti, a prescindere dall&#8217;apparato utilizzato per il download, qualora, nel corso del Programma, venisse rilasciata una versione dell\u2019Applicazione fruibile mediante ulteriore sistema operativo, verranno mantenute intatte le medesime funzionalit\u00e0. <\/span><\/p>\n<p align=\"JUSTIFY\"><span lang=\"it-IT\">Art. 17 TAGES si riserva espressamente il diritto di modificare ragionevolmente il presente Regolamento eventuali cambiamenti potranno essere resi noti tramite un avviso, e che verr\u00e0 pubblicato sul sito nella versione aggiornata. La prosecuzione d\u2019uso da parte degli Utenti implica esplicita approvazione ed accettazione per fatti concludenti: se si dissente, \u00e8 necessario smettere ogni ulteriore utilizzo e provvedere alla disinstallazione dell\u2019Applicazione.<\/span><\/p>\n<p><span lang=\"it-IT\">Art. 18 Per ogni eventuale comunicazione il Cliente dovr\u00e0 scrivere a: <\/span><\/p>\n<p><span lang=\"it-IT\"><b>TAGES S.C. <\/b><\/span><\/p>\n<p><span lang=\"it-IT\">San Giuliano Terme via Carducci 64\/c, 56017 (PI) Numero di telefono: +39 3929169328 <\/span><\/p>\n<p><span lang=\"it-IT\">E-mail: segreteria@tages.it <\/span><\/p>\n<p><span lang=\"it-IT\">PEC: tages.soc.coop@sicurezzapostale.it <\/span><\/p>\n<p>Valido dal 01.02.2026<\/p>","protected":false},"excerpt":{"rendered":"<p>Piattaforma FESTA TITOLO I QUALIT\u00c0 GENERALI DEL PROGETTO Art. 1 Denominazione dell&#8217;operazione \u00e8 FESTA, piattaforma di premialit\u00e0 volta a promuovere l\u2019adozione di abitudini di spostamento sostenibili. Art. 2 FESTA \u00e8 promossa e gestita dalla societ\u00e0 TAGES s.c. con la sede legale a San Giuliano Terme (PI), via Carducci 64\/c, codice fiscale e partita IVA 00937910503 (in seguito \u201cTAGES\u201d). Art. 3 FESTA informa il turista dei Punti di Interesse\/Sagre\/Aziende Quality Made (Certificate) che si trova nel territorio e lo mette in contatto con una serie di operatori di trasporto di ultimo miglio che lo possono portare verso ciascun punto. La piattaforma fornisce inoltre \u2019cartoline\u2019 ricompensa alla visita di particolari punti in chiave gamification. Art. 4 Imprese associate e certificate con il marchio Quality Made (QM) partecipano a FESTA in qualit\u00e0 di esercizi convenzionati. Operatori di trasporto partecipano ricevendo richieste di trasporto direttamente dagli utenti e rispondendo agli stessi con preventivi ed altro. Infine altri operatori coinvolti sono i gestori di Feste\/sagre e di Punti di Interesse del Territorio (musei\/parchi o altro). Ogni operatore (impresa QM, trasportatore, gestore di POI\/FESTE) ha le proprie credenziali per accedere ed aggiornare i dati da lui gestiti. Art. 5 FESTA avr\u00e0 un inizio progressivo presso tutti gli operatori fisici ed online dei Partner che aderiranno all\u2019iniziativa. Nel tempo si aggiungeranno nuovi operatori ad arricchire l\u2019offerta informativa e di servizi della piattaforma. Art. 6 FESTA si svolge su tutto il territorio del partenariato di progetto (Var, Corsica, Sardegna, Liguria e Toscana) ma potr\u00e0 essere espansa su altri territori interessati a sviluppare un turismo sostenibile. Art. 7 I Destinatari dell\u2019operazione FESTA, sono tutti coloro che abbiano scaricato gratuitamente l\u2019applicazione FESTA per smartphone disponibile su Google Play e App Store anche senza aver completato la procedura di registrazione. L&#8217;utilizzo dell\u2019applicazione \u00e8 gratuito e la partecipazione a FESTA \u00e8 gratuita. Art. 8 La finalit\u00e0 dell&#8217;operazione \u00e8 diretta a promuovere il turismo sostenibile (utilizzo di spostamenti con mezzi pubblici e mobilit\u00e0 ciclabili nell\u2019ultimo miglio) e le aziende Quality Made, ovvero la produzione sostenibile di prodotti locali\/artigianali, oltre che le Feste locali che trasmettono cultura e tradizioni da conservare e valorizzare. TITOLO II MODALIT\u00c0 DI ATTUAZIONE Art. 9 Le presenti Condizioni di utilizzo costituiscono un contratto pienamente vincolante tra TAGES e l\u2019Utente, il quale dichiara di aver reso visione e di aver accettato integralmente, al momento dell\u2019adesione ed installazione dell\u2019Applicazione che non richiede alcuna registrazione dell\u2019utente ne fornitura di dati personali. Pertanto, l\u2019Utente \u00e8 tenuto a leggerle integralmente prima di avviare l\u2019utilizzo dell\u2019Applicazione. Con l\u2019installazione dell\u2019APP, TAGES concede agli Utenti una licenza gratuita, non esclusiva e limitata nel tempo, non trasferibile e non sub-licenziabile, revocabile liberamente, ad usare i Servizi per scopi non commerciali nel rispetto delle presenti Condizioni. Con l\u2019utilizzo dell\u2019applicazione si rende necessario monitorare la posizione dell\u2019utente in tempo reale in modo da mostrare i punti di interesse-POI\/Feste che si trovano nelle sue vicinanze oltre che poter indicare all\u2019operatore di trasporto il punto di inizio di una richiesta di viaggio. Inoltre la gamification localizza l\u2019utente e verifica la sua visita ad un POI\/Festa mediante la sua posizione, in automatico, e conferisce i premi\/cartoline di conseguenza. Non son registrati gli spostamenti degli utenti e neppure le tracce GPS monitorare solo in tempo reale. Durante la ricezione dei segnali GPS, e successivamente per l\u2019utilizzo dei vari servizi offerti dall\u2019app, viene chiesto di fornire informazioni identificative (nome e cognome, indirizzo e-mail attivo, dati anagrafici, codice fiscale, nickname, etc.), della cui completezza, accuratezza e veridicit\u00e0 gli Utenti assumono piena responsabilit\u00e0. Le suddette informazioni personali verranno raccolte in un database, gestito da TAGES secondo la Privacy Policy autorizzata dall\u2019utente. Fornire informazioni false, incomplete o erronee potrebbe impedire la corretta prestazione e per converso l&#8217;utilizzo dell\u2019applicazione e la sospensione dell\u2019account. Art. 10 TAGES pu\u00f2 incorporare, e di fatto incorpora, nel proprio sito o nell\u2019applicazione FESTA informazioni relative a prodotti e servizi di Imprese partner. TAGES non pu\u00f2 garantirne l&#8217;affidabilit\u00e0 o accuratezza; i contenuti pubblicati dagli operatori non costituiscono una raccomandazione o incoraggiamento da parte di TAGES a procurarsi i beni o i servizi pubblicizzati dagli Operatori che si assumono ogni responsabilit\u00e0 in relazione a ci\u00f2. Art. 11 Per i Servizi messi a disposizione dagli Operatori agli Utenti TAGES non si assume alcuna responsabilit\u00e0 in merito all\u2019utilizzo, al funzionamento, n\u00e9 ai danni che gli Utenti potrebbero dichiarare di aver subito in conseguenza del loro utilizzo. TAGES si impegna a garantire la disponibilit\u00e0 dei Servizi 24 ore su 24 e 7 giorni su 7; ciononostante, pu\u00f2 verificarsi che l&#8217;accesso venga interrotto durante operazioni di manutenzione, aggiornamenti a livello fisico o informatico, riparazioni urgenti del sito o dell\u2019applicazione, nonch\u00e9, in seguito a circostanze indipendenti dalla volont\u00e0 di TAGES (come, ad esempio, malfunzionamenti nei collegamenti e nei sistemi di telecomunicazione). TAGES si impegna a mettere in atto tutte le misure opportune per limitare questi disservizi, qualora posti sotto la sua possibilit\u00e0 di intervento e controllo diretto. TAGES esercita ogni sforzo per fornire un\u2019alta qualit\u00e0 e un servizio soddisfacente, tuttavia, non garantisce che i Servizi funzionino in maniera ininterrotta o priva di errori, n\u00e9 che saranno sempre disponibili, sicuri, protetti da accessi non autorizzati, immuni da danni, privi di malfunzionamenti, errori o guasti, compresi ma non limitati a guasti hardware, errori del software e delle comunicazioni software dovuti ai server sui quali risiedono i Servizi o uno qualsiasi dei suoi fornitori. TAGES potr\u00e0, con pieno diritto e senza alcuna limitazione, n\u00e9 obbligazione di pre-informarne gli Utenti, modificare parzialmente od integralmente, adattare o cambiare i Servizi, l\u2019estensione e la disponibilit\u00e0 delle loro funzionalit\u00e0, i relativi software, l\u2019interfaccia ed il design, nonch\u00e9 ogni altro aspetto connesso: in relazione a ci\u00f2 nessuna lamentela n\u00e9 alcuna richiesta o indennizzo verr\u00e0 presa in considerazione. La societ\u00e0 TAGES s.c. e i proprietari, soci, dipendenti, fornitori, operatori partner, preposti, agenti ed in genere collaboratori di TAGES potranno essere considerati responsabili per danni diretti, indiretti, accidentali o consequenziali o altri (compresa la perdita di profitti e perdite di dati), costi, spese e pagamenti, inadempimenti o qualsiasi altra forma di responsabilit\u00e0 derivanti dall\u2019impossibilit\u00e0 di utilizzare l\u2019applicazione. TAGES non potr\u00e0<\/p>","protected":false},"author":1,"featured_media":0,"parent":0,"menu_order":0,"comment_status":"closed","ping_status":"closed","template":"","meta":{"footnotes":""},"class_list":["post-19","page","type-page","status-publish","hentry"],"_links":{"self":[{"href":"https:\/\/www.qualitymade.eu\/en\/wp-json\/wp\/v2\/pages\/19","targetHints":{"allow":["GET"]}}],"collection":[{"href":"https:\/\/www.qualitymade.eu\/en\/wp-json\/wp\/v2\/pages"}],"about":[{"href":"https:\/\/www.qualitymade.eu\/en\/wp-json\/wp\/v2\/types\/page"}],"author":[{"embeddable":true,"href":"https:\/\/www.qualitymade.eu\/en\/wp-json\/wp\/v2\/users\/1"}],"replies":[{"embeddable":true,"href":"https:\/\/www.qualitymade.eu\/en\/wp-json\/wp\/v2\/comments?post=19"}],"version-history":[{"count":2,"href":"https:\/\/www.qualitymade.eu\/en\/wp-json\/wp\/v2\/pages\/19\/revisions"}],"predecessor-version":[{"id":11389,"href":"https:\/\/www.qualitymade.eu\/en\/wp-json\/wp\/v2\/pages\/19\/revisions\/11389"}],"wp:attachment":[{"href":"https:\/\/www.qualitymade.eu\/en\/wp-json\/wp\/v2\/media?parent=19"}],"curies":[{"name":"wp","href":"https:\/\/api.w.org\/{rel}","templated":true}]}}