{"id":10876,"date":"2025-12-13T12:19:56","date_gmt":"2025-12-13T12:19:56","guid":{"rendered":"https:\/\/www.qualitymade.eu\/?page_id=10876"},"modified":"2025-12-17T08:07:44","modified_gmt":"2025-12-17T08:07:44","slug":"var","status":"publish","type":"page","link":"https:\/\/www.qualitymade.eu\/fr\/var\/","title":{"rendered":"Var"},"content":{"rendered":"<div data-elementor-type=\"wp-page\" data-elementor-id=\"10876\" class=\"elementor elementor-10876\" data-elementor-settings=\"{&quot;ha_cmc_init_switcher&quot;:&quot;no&quot;}\">\n\t\t\t\t<div class=\"elementor-element elementor-element-4cc6b2c3 e-flex e-con-boxed wpr-particle-no wpr-jarallax-no wpr-parallax-no wpr-sticky-section-no e-con e-parent\" data-id=\"4cc6b2c3\" data-element_type=\"container\">\n\t\t\t\t\t<div class=\"e-con-inner\">\n\t\t\t\t<div class=\"elementor-element elementor-element-550e3e8c elementor-widget elementor-widget-image\" data-id=\"550e3e8c\" data-element_type=\"widget\" data-widget_type=\"image.default\">\n\t\t\t\t<div class=\"elementor-widget-container\">\n\t\t\t\t\t\t\t\t\t\t\t\t\t<img fetchpriority=\"high\" decoding=\"async\" width=\"2000\" height=\"166\" src=\"https:\/\/www.qualitymade.eu\/wp-content\/uploads\/2025\/06\/header_esperienze.png\" class=\"attachment-full size-full wp-image-10451\" alt=\"\" srcset=\"https:\/\/www.qualitymade.eu\/wp-content\/uploads\/2025\/06\/header_esperienze.png 2000w, https:\/\/www.qualitymade.eu\/wp-content\/uploads\/2025\/06\/header_esperienze-300x25.png 300w, https:\/\/www.qualitymade.eu\/wp-content\/uploads\/2025\/06\/header_esperienze-1024x85.png 1024w, https:\/\/www.qualitymade.eu\/wp-content\/uploads\/2025\/06\/header_esperienze-768x64.png 768w, https:\/\/www.qualitymade.eu\/wp-content\/uploads\/2025\/06\/header_esperienze-1536x127.png 1536w, https:\/\/www.qualitymade.eu\/wp-content\/uploads\/2025\/06\/header_esperienze-600x50.png 600w\" sizes=\"(max-width: 2000px) 100vw, 2000px\" \/>\t\t\t\t\t\t\t\t\t\t\t\t\t<\/div>\n\t\t\t\t<\/div>\n\t\t\t\t\t<\/div>\n\t\t\t\t<\/div>\n\t\t<div class=\"elementor-element elementor-element-1ae3cfdb e-flex e-con-boxed wpr-particle-no wpr-jarallax-no wpr-parallax-no wpr-sticky-section-no e-con e-parent\" data-id=\"1ae3cfdb\" data-element_type=\"container\">\n\t\t\t\t\t<div class=\"e-con-inner\">\n\t\t<div class=\"elementor-element elementor-element-563f24b0 e-con-full e-flex wpr-particle-no wpr-jarallax-no wpr-parallax-no wpr-sticky-section-no e-con e-child\" data-id=\"563f24b0\" data-element_type=\"container\">\n\t\t\t\t<div class=\"elementor-element elementor-element-76453e2f elementor-widget elementor-widget-heading\" data-id=\"76453e2f\" data-element_type=\"widget\" data-widget_type=\"heading.default\">\n\t\t\t\t<div class=\"elementor-widget-container\">\n\t\t\t<h2 class=\"elementor-heading-title elementor-size-default\">VAR<\/h2>\t\t<\/div>\n\t\t\t\t<\/div>\n\t\t\t\t<\/div>\n\t\t\t\t\t<\/div>\n\t\t\t\t<\/div>\n\t\t<div class=\"elementor-element elementor-element-5da4c78e e-flex e-con-boxed wpr-particle-no wpr-jarallax-no wpr-parallax-no wpr-sticky-section-no e-con e-parent\" data-id=\"5da4c78e\" data-element_type=\"container\">\n\t\t\t\t\t<div class=\"e-con-inner\">\n\t\t<div class=\"elementor-element elementor-element-369816de e-con-full e-flex wpr-particle-no wpr-jarallax-no wpr-parallax-no wpr-sticky-section-no e-con e-child\" data-id=\"369816de\" data-element_type=\"container\">\n\t\t<div class=\"elementor-element elementor-element-4efe19df e-con-full e-flex wpr-particle-no wpr-jarallax-no wpr-parallax-no wpr-sticky-section-no e-con e-child\" data-id=\"4efe19df\" data-element_type=\"container\">\n\t\t\t\t<div class=\"elementor-element elementor-element-787a89a elementor-widget elementor-widget-heading\" data-id=\"787a89a\" data-element_type=\"widget\" data-widget_type=\"heading.default\">\n\t\t\t\t<div class=\"elementor-widget-container\">\n\t\t\t<h4 class=\"elementor-heading-title elementor-size-default\">Qu'est-ce que tu cherches?<\/h4>\t\t<\/div>\n\t\t\t\t<\/div>\n\t\t\t\t<div class=\"elementor-element elementor-element-e5d3b59 regiofiltri elementor-widget elementor-widget-havezic-nav-menu\" data-id=\"e5d3b59\" data-element_type=\"widget\" data-widget_type=\"havezic-nav-menu.default\">\n\t\t\t\t<div class=\"elementor-widget-container\">\n\t\t\t        <div class=\"elementor-nav-menu-wrapper\">\n\n            <nav class=\"mobile-menu-tab mobile-navigation mobile-pages-menu active\">\n                <div class=\"handheld-navigation\"><ul id=\"menu-2-e5d3b59\" class=\"menu\"><li id=\"menu-item-10945\" class=\"menu-item menu-item-type-custom menu-item-object-custom menu-item-10945\"><a href=\"https:\/\/www.qualitymade.eu\/fr\/risultati-ricerca\/?add_ids_qm_categoria=963&#038;add_ids_qm_locations=94&#038;add_ids_qm_activity=99&#038;add_ids_qm_dintorni=0&#038;request_search_results=1&#038;search_results_sort_by=title_asc&#038;terms%5B963%5D=963&#038;terms%5B88%5D=88&#038;terms%5B99%5D=99\"><span class=\"menu-title\"><span class=\"menu-title\" >ARTISANAT<\/span><\/span><\/a><\/li>\n<li id=\"menu-item-10946\" class=\"menu-item menu-item-type-custom menu-item-object-custom menu-item-10946\"><a href=\"https:\/\/www.qualitymade.eu\/fr\/risultati-ricerca\/?add_ids_qm_categoria=963&#038;add_ids_qm_locations=94&#038;add_ids_qm_activity=99&#038;add_ids_qm_dintorni=0&#038;request_search_results=1&#038;search_results_sort_by=title_asc&#038;terms%5B963%5D=963&#038;terms%5B88%5D=125&#038;terms%5B99%5D=99\"><span class=\"menu-title\"><span class=\"menu-title\" >V\u00e9lo<\/span><\/span><\/a><\/li>\n<li id=\"menu-item-10947\" class=\"menu-item menu-item-type-custom menu-item-object-custom menu-item-10947\"><a href=\"https:\/\/www.qualitymade.eu\/fr\/risultati-ricerca\/?add_ids_qm_categoria=963&#038;add_ids_qm_locations=94&#038;add_ids_qm_activity=124&#038;add_ids_qm_dintorni=0&#038;request_search_results=1&#038;search_results_sort_by=title_asc&#038;terms%5B963%5D=963&#038;terms%5B88%5D=88&#038;terms%5B124%5D=124\"><span class=\"menu-title\"><span class=\"menu-title\" >La marche en ville<\/span><\/span><\/a><\/li>\n<li id=\"menu-item-10948\" class=\"menu-item menu-item-type-custom menu-item-object-custom menu-item-10948\"><a href=\"https:\/\/www.qualitymade.eu\/fr\/risultati-ricerca\/?add_ids_qm_categoria=963&#038;add_ids_qm_locations=94&#038;add_ids_qm_activity=101&#038;add_ids_qm_dintorni=0&#038;request_search_results=1&#038;search_results_sort_by=title_asc&#038;terms%5B963%5D=963&#038;terms%5B88%5D=88&#038;terms%5B101%5D=101\"><span class=\"menu-title\"><span class=\"menu-title\" >CULTURE<\/span><\/span><\/a><\/li>\n<li id=\"menu-item-10949\" class=\"menu-item menu-item-type-custom menu-item-object-custom menu-item-10949\"><a href=\"https:\/\/www.qualitymade.eu\/fr\/risultati-ricerca\/?add_ids_qm_categoria=963&#038;add_ids_qm_locations=94&#038;add_ids_qm_activity=100&#038;add_ids_qm_dintorni=0&#038;request_search_results=1&#038;search_results_sort_by=title_asc&#038;terms%5B963%5D=963&#038;terms%5B88%5D=88&#038;terms%5B100%5D=100\"><span class=\"menu-title\"><span class=\"menu-title\" >Mets et vins<\/span><\/span><\/a><\/li>\n<li id=\"menu-item-10950\" class=\"menu-item menu-item-type-custom menu-item-object-custom menu-item-10950\"><a href=\"https:\/\/www.qualitymade.eu\/fr\/risultati-ricerca\/?add_ids_qm_categoria=963&#038;add_ids_qm_locations=94&#038;add_ids_qm_activity=127&#038;add_ids_qm_dintorni=0&#038;request_search_results=1&#038;search_results_sort_by=title_asc&#038;terms%5B963%5D=963&#038;terms%5B88%5D=88&#038;terms%5B127%5D=127\"><span class=\"menu-title\"><span class=\"menu-title\" >Montagne<\/span><\/span><\/a><\/li>\n<li id=\"menu-item-10951\" class=\"menu-item menu-item-type-custom menu-item-object-custom menu-item-10951\"><a href=\"https:\/\/www.qualitymade.eu\/fr\/risultati-ricerca\/?add_ids_qm_categoria=963&#038;add_ids_qm_locations=94&#038;add_ids_qm_activity=123&#038;add_ids_qm_dintorni=0&#038;request_search_results=1&#038;search_results_sort_by=title_asc&#038;terms%5B963%5D=963&#038;terms%5B88%5D=88&#038;terms%5B123%5D=123\"><span class=\"menu-title\"><span class=\"menu-title\" >MONUMENT<\/span><\/span><\/a><\/li>\n<li id=\"menu-item-10952\" class=\"menu-item menu-item-type-custom menu-item-object-custom menu-item-10952\"><a href=\"https:\/\/www.qualitymade.eu\/fr\/risultati-ricerca\/?add_ids_qm_categoria=963&#038;add_ids_qm_locations=94&#038;add_ids_qm_activity=98&#038;add_ids_qm_dintorni=0&#038;request_search_results=1&#038;search_results_sort_by=title_asc&#038;terms%5B963%5D=963&#038;terms%5B88%5D=88&#038;terms%5B98%5D=98\"><span class=\"menu-title\"><span class=\"menu-title\" >NATURE<\/span><\/span><\/a><\/li>\n<li id=\"menu-item-10953\" class=\"menu-item menu-item-type-custom menu-item-object-custom menu-item-10953\"><a href=\"https:\/\/www.qualitymade.eu\/fr\/risultati-ricerca\/?add_ids_qm_categoria=963&#038;add_ids_qm_locations=94&#038;add_ids_qm_activity=765&#038;add_ids_qm_dintorni=0&#038;request_search_results=1&#038;search_results_sort_by=title_asc&#038;terms%5B963%5D=963&#038;terms%5B88%5D=88&#038;terms%5B765%5D=765\"><span class=\"menu-title\"><span class=\"menu-title\" >CHEMIN<\/span><\/span><\/a><\/li>\n<li id=\"menu-item-10954\" class=\"menu-item menu-item-type-custom menu-item-object-custom menu-item-10954\"><a href=\"https:\/\/www.qualitymade.eu\/fr\/risultati-ricerca\/?add_ids_qm_categoria=963&#038;add_ids_qm_locations=94&#038;add_ids_qm_activity=126&#038;add_ids_qm_dintorni=0&#038;request_search_results=1&#038;search_results_sort_by=title_asc&#038;terms%5B963%5D=963&#038;terms%5B88%5D=88&#038;terms%5B126%5D=126\"><span class=\"menu-title\"><span class=\"menu-title\" >P\u00caCHE<\/span><\/span><\/a><\/li>\n<\/ul><\/div>            <\/nav>\n        <\/div>\n        \t\t<\/div>\n\t\t\t\t<\/div>\n\t\t\t\t<\/div>\n\t\t\t\t<\/div>\n\t\t<div class=\"elementor-element elementor-element-5f1bb42f e-con-full e-flex wpr-particle-no wpr-jarallax-no wpr-parallax-no wpr-sticky-section-no e-con e-child\" data-id=\"5f1bb42f\" data-element_type=\"container\">\n\t\t\t\t<div class=\"elementor-element elementor-element-d289e39 elementor-widget elementor-widget-babe-all-items\" data-id=\"d289e39\" data-element_type=\"widget\" data-widget_type=\"babe-all-items.default\">\n\t\t\t\t<div class=\"elementor-widget-container\">\n\t\t\t\n            <div class=\"babe_shortcode_block sc_all_items  all-items-2\">\n                <div class=\"babe_shortcode_block_bg_inner\">\n                    <div class=\"babe_shortcode_block_inner d-grid\">\n                        <div class=\"babe_items babe_items_2 grid-item\">\n    <div class=\"babe_all_items_item_inner\">\n        <div class=\"item_img\">\n            <div class=\"items_labels\">\n                                            <\/div>\n            <div class=\"items_action\">\n                                <a href=\"#\" data-images=\"[{&quot;image_id&quot;:10064,&quot;image&quot;:&quot;https:\\\/\\\/www.qualitymade.eu\\\/wp-content\\\/uploads\\\/2025\\\/11\\\/QM-FESTA_Fete-de-la-chataigne-Collobriere_Ottobre-2025_14.jpg&quot;,&quot;description&quot;:&quot;Image 1&quot;},{&quot;image_id&quot;:10062,&quot;image&quot;:&quot;https:\\\/\\\/www.qualitymade.eu\\\/wp-content\\\/uploads\\\/2025\\\/11\\\/QM-FESTA_Fete-de-la-chataigne-Collobriere_Ottobre-2025_10.jpg&quot;,&quot;description&quot;:&quot;Image 3&quot;},{&quot;image_id&quot;:10060,&quot;image&quot;:&quot;https:\\\/\\\/www.qualitymade.eu\\\/wp-content\\\/uploads\\\/2025\\\/11\\\/IMG_5880-scaled.jpg&quot;}]\" class=\"item-gallery item-meta-value\"><i class=\"havezic-icon-image\"><\/i><span class=\"screen-reader-text\">View Gallery<\/span><\/a><a href=\"http:\/\/DK1EqTW7F6o\" class=\"item-video item-meta-value\"><i class=\"havezic-icon-video-recorder\"><\/i><span class=\"screen-reader-text\">View Video<\/span><\/a>            <\/div>\n            <a class=\"item-thumb\" href=\"https:\/\/www.qualitymade.eu\/fr\/tour\/fete-de-la-chataigne-collobrieres\/\"><img decoding=\"async\" src=\"https:\/\/www.qualitymade.eu\/wp-content\/uploads\/2025\/11\/QM-FESTA_Fete-de-la-chataigne-Collobriere_Ottobre-2025_8.jpg\" alt=\"F\u00eate de la Chataigne \u2013 Collobri\u00e8res\"><\/a>        <\/div>\n        <div class=\"item_text\">\n            <div class=\"item-meta\">\n                <div class=\"rating\"><span class=\"star-rating\" aria-label=\"4 by 3 reviews\"><span><i class=\"havezic-icon-star\"><\/i><i class=\"havezic-icon-star\"><\/i><i class=\"havezic-icon-star\"><\/i><i class=\"havezic-icon-star\"><\/i><i class=\"havezic-icon-star\"><\/i><\/span><span style=\"width:80%\"><i class=\"havezic-icon-star\"><\/i><i class=\"havezic-icon-star\"><\/i><i class=\"havezic-icon-star\"><\/i><i class=\"havezic-icon-star\"><\/i><i class=\"havezic-icon-star\"><\/i><\/span><\/span><span class=\"rating-vote\">(3)<\/span><\/div>                <div class=\"item-days item-meta-value\"><i class=\"havezic-icon-time-line\"><\/i><span>5 jours<\/span><\/div>            <\/div>\n\n                        <div class=\"item_title\">\n                <a href=\"https:\/\/www.qualitymade.eu\/fr\/tour\/fete-de-la-chataigne-collobrieres\/\">F\u00eate de la Chataigne - Collobri\u00e8res<\/a>\n            <\/div>\n            <div class=\"item_info_price\">\n                <label>from<\/label>\n                <span class=\"item_info_price_new\"><span class=\"currency_amount\" data-amount=\"0\"><span class=\"currency_symbol\">\u20ac<\/span>0<\/span><\/span>\n                                            <\/div>\n            <div class=\"more-link-wrap\">\n                <a class=\"more-link link-background\" href=\"https:\/\/www.qualitymade.eu\/fr\/tour\/fete-de-la-chataigne-collobrieres\/\">\n                    <span class=\"elementor-button-icon left\"><i class=\"havezic-icon-arrow-small-right\"><\/i><\/span>\n                    <span class=\"more-text\">En savoir plus<\/span>\n                    <span class=\"elementor-button-icon right\"><i class=\"havezic-icon-arrow-small-right\"><\/i><\/span>\n                <\/a>\n            <\/div>\n        <\/div>\n    <\/div>\n<\/div>\n<div class=\"babe_items babe_items_2 grid-item\">\n    <div class=\"babe_all_items_item_inner\">\n        <div class=\"item_img\">\n            <div class=\"items_labels\">\n                                            <\/div>\n            <div class=\"items_action\">\n                                <a href=\"#\" data-images=\"[{&quot;image_id&quot;:10055,&quot;image&quot;:&quot;https:\\\/\\\/www.qualitymade.eu\\\/wp-content\\\/uploads\\\/2025\\\/11\\\/CCIFM-fete-de-la-figue-Sollies-2025-28-1.jpeg&quot;,&quot;description&quot;:&quot;Image 1&quot;},{&quot;image_id&quot;:10054,&quot;image&quot;:&quot;https:\\\/\\\/www.qualitymade.eu\\\/wp-content\\\/uploads\\\/2025\\\/11\\\/CCIFM-fete-de-la-figue-Sollies-2025-50-1.jpeg&quot;,&quot;description&quot;:&quot;Image 2&quot;},{&quot;image_id&quot;:10053,&quot;image&quot;:&quot;https:\\\/\\\/www.qualitymade.eu\\\/wp-content\\\/uploads\\\/2025\\\/11\\\/CCIFM-fete-de-la-figue-Sollies-2025-35-1.jpeg&quot;,&quot;description&quot;:&quot;Image 3&quot;},{&quot;image_id&quot;:10052,&quot;image&quot;:&quot;https:\\\/\\\/www.qualitymade.eu\\\/wp-content\\\/uploads\\\/2025\\\/11\\\/CCIFM-fete-de-la-figue-Sollies-2025-31-1.jpeg&quot;,&quot;description&quot;:&quot;Image 4&quot;},{&quot;image_id&quot;:10051,&quot;image&quot;:&quot;https:\\\/\\\/www.qualitymade.eu\\\/wp-content\\\/uploads\\\/2025\\\/11\\\/CCIFM-fete-de-la-figue-Sollies-2025-18-1.jpeg&quot;,&quot;description&quot;:&quot;&quot;},{&quot;image_id&quot;:10050,&quot;image&quot;:&quot;https:\\\/\\\/www.qualitymade.eu\\\/wp-content\\\/uploads\\\/2025\\\/11\\\/CCIFM-fete-de-la-figue-Sollies-2025-11-1.jpeg&quot;}]\" class=\"item-gallery item-meta-value\"><i class=\"havezic-icon-image\"><\/i><span class=\"screen-reader-text\">View Gallery<\/span><\/a><a href=\"http:\/\/axdF0APN0z8\" class=\"item-video item-meta-value\"><i class=\"havezic-icon-video-recorder\"><\/i><span class=\"screen-reader-text\">View Video<\/span><\/a>            <\/div>\n            <a class=\"item-thumb\" href=\"https:\/\/www.qualitymade.eu\/fr\/tour\/fete-de-la-figue-sollies-pont\/\"><img decoding=\"async\" src=\"https:\/\/www.qualitymade.eu\/wp-content\/uploads\/2025\/11\/CCIFM-fete-de-la-figue-Sollies-2025-11-1.jpeg\" alt=\"F\u00eate de la Figue \u2013 Solli\u00e8s-Pont\"><\/a>        <\/div>\n        <div class=\"item_text\">\n            <div class=\"item-meta\">\n                <div class=\"rating\"><span class=\"star-rating\" aria-label=\"4 by 3 reviews\"><span><i class=\"havezic-icon-star\"><\/i><i class=\"havezic-icon-star\"><\/i><i class=\"havezic-icon-star\"><\/i><i class=\"havezic-icon-star\"><\/i><i class=\"havezic-icon-star\"><\/i><\/span><span style=\"width:80%\"><i class=\"havezic-icon-star\"><\/i><i class=\"havezic-icon-star\"><\/i><i class=\"havezic-icon-star\"><\/i><i class=\"havezic-icon-star\"><\/i><i class=\"havezic-icon-star\"><\/i><\/span><\/span><span class=\"rating-vote\">(3)<\/span><\/div>                <div class=\"item-days item-meta-value\"><i class=\"havezic-icon-time-line\"><\/i><span>5 jours<\/span><\/div>            <\/div>\n\n                            <div class=\"item-location\">\n                    <span>La figue violette de Solli\u00e8s, symbole de la vall\u00e9e du Gapeau, entre tradition, gastronomie et culture locale.<\/span>\n                <\/div>\n                        <div class=\"item_title\">\n                <a href=\"https:\/\/www.qualitymade.eu\/fr\/tour\/fete-de-la-figue-sollies-pont\/\">F\u00eate de la Figue - Solli\u00e8s-Pont<\/a>\n            <\/div>\n            <div class=\"item_info_price\">\n                <label>from<\/label>\n                <span class=\"item_info_price_new\"><span class=\"currency_amount\" data-amount=\"0\"><span class=\"currency_symbol\">\u20ac<\/span>0<\/span><\/span>\n                                            <\/div>\n            <div class=\"more-link-wrap\">\n                <a class=\"more-link link-background\" href=\"https:\/\/www.qualitymade.eu\/fr\/tour\/fete-de-la-figue-sollies-pont\/\">\n                    <span class=\"elementor-button-icon left\"><i class=\"havezic-icon-arrow-small-right\"><\/i><\/span>\n                    <span class=\"more-text\">En savoir plus<\/span>\n                    <span class=\"elementor-button-icon right\"><i class=\"havezic-icon-arrow-small-right\"><\/i><\/span>\n                <\/a>\n            <\/div>\n        <\/div>\n    <\/div>\n<\/div>\n<div class=\"babe_items babe_items_2 grid-item\">\n    <div class=\"babe_all_items_item_inner\">\n        <div class=\"item_img\">\n            <div class=\"items_labels\">\n                                            <\/div>\n            <div class=\"items_action\">\n                                <a href=\"#\" data-images=\"[{&quot;image_id&quot;:10087,&quot;image&quot;:&quot;https:\\\/\\\/www.qualitymade.eu\\\/wp-content\\\/uploads\\\/2025\\\/11\\\/Fete-de-la-Saint-Pierre-Sainte-Maxime-CCIFM-40.jpg&quot;,&quot;description&quot;:&quot;Image 1&quot;},{&quot;image_id&quot;:10086,&quot;image&quot;:&quot;https:\\\/\\\/www.qualitymade.eu\\\/wp-content\\\/uploads\\\/2025\\\/11\\\/Fete-de-la-Saint-Pierre-Sainte-Maxime-CCIFM-27.jpg&quot;,&quot;description&quot;:&quot;Image 2&quot;},{&quot;image_id&quot;:10085,&quot;image&quot;:&quot;https:\\\/\\\/www.qualitymade.eu\\\/wp-content\\\/uploads\\\/2025\\\/11\\\/Fete-de-la-Saint-Pierre-Sainte-Maxime-CCIFM-22.jpg&quot;,&quot;description&quot;:&quot;Image 3&quot;},{&quot;image_id&quot;:10084,&quot;image&quot;:&quot;https:\\\/\\\/www.qualitymade.eu\\\/wp-content\\\/uploads\\\/2025\\\/11\\\/Fete-de-la-Saint-Pierre-Sainte-Maxime-CCIFM-11.jpg&quot;,&quot;description&quot;:&quot;Image 4&quot;},{&quot;image_id&quot;:10082,&quot;image&quot;:&quot;https:\\\/\\\/www.qualitymade.eu\\\/wp-content\\\/uploads\\\/2025\\\/11\\\/Fete-de-la-Saint-Pierre-Sainte-Maxime-CCIFM-2.jpg&quot;,&quot;description&quot;:&quot;&quot;},{&quot;image_id&quot;:10081,&quot;image&quot;:&quot;https:\\\/\\\/www.qualitymade.eu\\\/wp-content\\\/uploads\\\/2025\\\/11\\\/Fete-de-la-Saint-Pierre-Sainte-Maxime-CCIFM-44.jpg&quot;,&quot;description&quot;:&quot;&quot;},{&quot;image_id&quot;:10080,&quot;image&quot;:&quot;https:\\\/\\\/www.qualitymade.eu\\\/wp-content\\\/uploads\\\/2025\\\/11\\\/Fete-de-la-Saint-Pierre-Sainte-Maxime-CCIFM-41.jpg&quot;,&quot;description&quot;:&quot;&quot;},{&quot;image_id&quot;:10079,&quot;image&quot;:&quot;https:\\\/\\\/www.qualitymade.eu\\\/wp-content\\\/uploads\\\/2025\\\/11\\\/Fete-de-la-Saint-Pierre-Sainte-Maxime-CCIFM-29.jpg&quot;,&quot;description&quot;:&quot;&quot;},{&quot;image_id&quot;:10078,&quot;image&quot;:&quot;https:\\\/\\\/www.qualitymade.eu\\\/wp-content\\\/uploads\\\/2025\\\/11\\\/Fete-de-la-Saint-Pierre-Sainte-Maxime-CCIFM-8.jpg&quot;,&quot;description&quot;:&quot;&quot;},{&quot;image_id&quot;:10077,&quot;image&quot;:&quot;https:\\\/\\\/www.qualitymade.eu\\\/wp-content\\\/uploads\\\/2025\\\/11\\\/Fete-de-la-Saint-Pierre-Sainte-Maxime-CCIFM-6.jpg&quot;}]\" class=\"item-gallery item-meta-value\"><i class=\"havezic-icon-image\"><\/i><span class=\"screen-reader-text\">View Gallery<\/span><\/a><a href=\"http:\/\/oK5s_CAA5ko\" class=\"item-video item-meta-value\"><i class=\"havezic-icon-video-recorder\"><\/i><span class=\"screen-reader-text\">View Video<\/span><\/a>            <\/div>\n            <a class=\"item-thumb\" href=\"https:\/\/www.qualitymade.eu\/fr\/tour\/fete-de-saint-pierre-sainte-maxime\/\"><img decoding=\"async\" src=\"https:\/\/www.qualitymade.eu\/wp-content\/uploads\/2025\/11\/Fete-de-la-Saint-Pierre-Sainte-Maxime-CCIFM-8.jpg\" alt=\"F\u00eate de Saint-Pierre \u2013 Sainte-Maxime\"><\/a>        <\/div>\n        <div class=\"item_text\">\n            <div class=\"item-meta\">\n                <div class=\"rating\"><span class=\"star-rating\" aria-label=\"4 by 3 reviews\"><span><i class=\"havezic-icon-star\"><\/i><i class=\"havezic-icon-star\"><\/i><i class=\"havezic-icon-star\"><\/i><i class=\"havezic-icon-star\"><\/i><i class=\"havezic-icon-star\"><\/i><\/span><span style=\"width:80%\"><i class=\"havezic-icon-star\"><\/i><i class=\"havezic-icon-star\"><\/i><i class=\"havezic-icon-star\"><\/i><i class=\"havezic-icon-star\"><\/i><i class=\"havezic-icon-star\"><\/i><\/span><\/span><span class=\"rating-vote\">(3)<\/span><\/div>                <div class=\"item-days item-meta-value\"><i class=\"havezic-icon-time-line\"><\/i><span>5 jours<\/span><\/div>            <\/div>\n\n                        <div class=\"item_title\">\n                <a href=\"https:\/\/www.qualitymade.eu\/fr\/tour\/fete-de-saint-pierre-sainte-maxime\/\">F\u00eate de Saint-Pierre - Sainte-Maxime<\/a>\n            <\/div>\n            <div class=\"item_info_price\">\n                <label>from<\/label>\n                <span class=\"item_info_price_new\"><span class=\"currency_amount\" data-amount=\"0\"><span class=\"currency_symbol\">\u20ac<\/span>0<\/span><\/span>\n                                            <\/div>\n            <div class=\"more-link-wrap\">\n                <a class=\"more-link link-background\" href=\"https:\/\/www.qualitymade.eu\/fr\/tour\/fete-de-saint-pierre-sainte-maxime\/\">\n                    <span class=\"elementor-button-icon left\"><i class=\"havezic-icon-arrow-small-right\"><\/i><\/span>\n                    <span class=\"more-text\">En savoir plus<\/span>\n                    <span class=\"elementor-button-icon right\"><i class=\"havezic-icon-arrow-small-right\"><\/i><\/span>\n                <\/a>\n            <\/div>\n        <\/div>\n    <\/div>\n<\/div>\n\n                    <\/div>\n                <\/div>\n            <\/div>\n\t\t\t        \t\t<\/div>\n\t\t\t\t<\/div>\n\t\t\t\t<\/div>\n\t\t\t\t\t<\/div>\n\t\t\t\t<\/div>\n\t\t\t\t<\/div>","protected":false},"excerpt":{"rendered":"<p>VAR Cosa cerchi? Artigianato Bike City Walking Cultura Enogastronomia Montagna Monumenti Natura Percorso Pesca View GalleryView Video (3) 5 giorni F\u00eate de la Chataigne \u2013 Collobri\u00e8res from &euro;0 Scopri di pi\u00f9 View GalleryView Video (3) 5 giorni Il fico viola di Solli\u00e8s, simbolo della valle del Gapeau, tra tradizione, gastronomia e cultura locale F\u00eate de la Figue \u2013 Solli\u00e8s-Pont from &euro;0 Scopri di pi\u00f9 View GalleryView Video (3) 5 giorni F\u00eate de Saint-Pierre \u2013 Sainte-Maxime from &euro;0 Scopri di pi\u00f9<\/p>","protected":false},"author":1,"featured_media":0,"parent":0,"menu_order":0,"comment_status":"closed","ping_status":"closed","template":"","meta":{"footnotes":""},"class_list":["post-10876","page","type-page","status-publish","hentry"],"_links":{"self":[{"href":"https:\/\/www.qualitymade.eu\/fr\/wp-json\/wp\/v2\/pages\/10876","targetHints":{"allow":["GET"]}}],"collection":[{"href":"https:\/\/www.qualitymade.eu\/fr\/wp-json\/wp\/v2\/pages"}],"about":[{"href":"https:\/\/www.qualitymade.eu\/fr\/wp-json\/wp\/v2\/types\/page"}],"author":[{"embeddable":true,"href":"https:\/\/www.qualitymade.eu\/fr\/wp-json\/wp\/v2\/users\/1"}],"replies":[{"embeddable":true,"href":"https:\/\/www.qualitymade.eu\/fr\/wp-json\/wp\/v2\/comments?post=10876"}],"version-history":[{"count":13,"href":"https:\/\/www.qualitymade.eu\/fr\/wp-json\/wp\/v2\/pages\/10876\/revisions"}],"predecessor-version":[{"id":11176,"href":"https:\/\/www.qualitymade.eu\/fr\/wp-json\/wp\/v2\/pages\/10876\/revisions\/11176"}],"wp:attachment":[{"href":"https:\/\/www.qualitymade.eu\/fr\/wp-json\/wp\/v2\/media?parent=10876"}],"curies":[{"name":"wp","href":"https:\/\/api.w.org\/{rel}","templated":true}]}}