{"id":19,"date":"2024-10-03T13:02:16","date_gmt":"2024-10-03T13:02:16","guid":{"rendered":"https:\/\/dev.qualitymade.eu\/terms-conditions\/"},"modified":"2026-01-21T14:30:56","modified_gmt":"2026-01-21T14:30:56","slug":"terms-conditions","status":"publish","type":"page","link":"https:\/\/www.qualitymade.eu\/fr\/terms-conditions\/","title":{"rendered":"Termes et Conditions"},"content":{"rendered":"<p align=\"CENTER\"><span style=\"font-size: x-large;\"><span lang=\"it-IT\"><b>Plateforme FESTA<\/b><\/span><\/span><\/p>\n<p><span lang=\"it-IT\"><b>TITRE I QUALIT\u00c9S G\u00c9N\u00c9RALES DU PROJET <\/b><\/span><\/p>\n<p align=\"JUSTIFY\"><span lang=\"it-IT\">Art. 1 Le nom de l\u2019op\u00e9ration est <\/span><span lang=\"it-IT\"><b>FESTA<\/b><\/span><span lang=\"it-IT\">une plateforme de r\u00e9compenses visant \u00e0 promouvoir l\u2019adoption de comportements de voyage durables. <\/span><\/p>\n<p align=\"JUSTIFY\"><span lang=\"it-IT\">Art. 2 FESTA est promu et g\u00e9r\u00e9 par la soci\u00e9t\u00e9 TAGES sc dont le si\u00e8ge social est situ\u00e9 \u00e0 San Giuliano Terme (PI), via Carducci 64\/c, code fiscal et num\u00e9ro de TVA 00937910503 (ci-apr\u00e8s \u00ab TAGES \u00bb). <\/span><\/p>\n<p align=\"JUSTIFY\"><span lang=\"it-IT\">Article 3\u00a0: FESTA informe les touristes des points d\u2019int\u00e9r\u00eat, festivals et entreprises certifi\u00e9es de la r\u00e9gion et les met en relation avec des transporteurs pour les emmener sur place. La plateforme offre \u00e9galement des cartes postales de r\u00e9compense pour la visite de certains lieux, selon un syst\u00e8me ludique. <\/span><\/p>\n<p align=\"JUSTIFY\"><span lang=\"it-IT\">Article 4. Les entreprises associ\u00e9es, certifi\u00e9es par le label Quality Made (QM), participent \u00e0 FESTA en tant qu'entreprises affili\u00e9es. Les transporteurs y participent en recevant directement les demandes de transport des utilisateurs et en y r\u00e9pondant par des devis et autres services. Enfin, les organisateurs de festivals\/foires locales et les sites touristiques (mus\u00e9es, parcs, etc.) sont \u00e9galement impliqu\u00e9s. Chaque op\u00e9rateur (entreprise QM, transporteur, organisateur de site touristique\/festival) dispose de ses propres identifiants pour acc\u00e9der aux donn\u00e9es qu'il g\u00e8re et les mettre \u00e0 jour.<\/span><\/p>\n<p align=\"JUSTIFY\"><span lang=\"it-IT\">Article 5\u00a0: FESTA sera d\u00e9ploy\u00e9 progressivement aupr\u00e8s de tous les op\u00e9rateurs physiques et en ligne des partenaires participants. De nouveaux op\u00e9rateurs seront ajout\u00e9s au fil du temps afin d\u2019enrichir l\u2019offre d\u2019informations et de services de la plateforme.<\/span><\/p>\n<p align=\"JUSTIFY\"><span lang=\"it-IT\">Art. 6 FESTA se d\u00e9roule sur l'ensemble du territoire du partenariat du projet (Var, Corse, Sardaigne, Ligurie et Toscane) mais peut \u00eatre \u00e9tendu \u00e0 d'autres territoires int\u00e9ress\u00e9s par le d\u00e9veloppement d'un tourisme durable. <\/span><\/p>\n<p align=\"JUSTIFY\"><span lang=\"it-IT\">Art. 7. La campagne FESTA est ouverte \u00e0 toute personne ayant t\u00e9l\u00e9charg\u00e9 gratuitement l'application FESTA pour smartphone, disponible sur Google Play et l'App Store, m\u00eame sans inscription pr\u00e9alable. L'utilisation de l'application et la participation \u00e0 FESTA sont gratuites. <\/span><\/p>\n<p align=\"JUSTIFY\"><span lang=\"it-IT\">Art. 8 L'objectif de l'op\u00e9ration est de promouvoir le tourisme durable (utilisation des transports publics et du v\u00e9lo pour le dernier kilom\u00e8tre) et les entreprises de qualit\u00e9, c'est-\u00e0-dire la production durable de produits locaux\/artisanaux, ainsi que les festivals locaux qui transmettent la culture et les traditions \u00e0 pr\u00e9server et \u00e0 promouvoir.<\/span><\/p>\n<p><span lang=\"it-IT\"><b>TITRE II M\u00c9THODES DE MISE EN \u0152UVRE <\/b><\/span><\/p>\n<p align=\"JUSTIFY\"><span lang=\"it-IT\">Art. 9 Les pr\u00e9sentes Conditions d'utilisation constituent un contrat contraignant entre TAGES et l'Utilisateur, qui d\u00e9clare les avoir lues et accept\u00e9es int\u00e9gralement lors de son inscription et de l'installation de l'Application, laquelle ne requiert aucune inscription ni communication de donn\u00e9es personnelles. L'Utilisateur est donc tenu de lire attentivement les pr\u00e9sentes Conditions d'utilisation avant toute utilisation de l'Application. En installant l'Application, TAGES octroie \u00e0 l'Utilisateur une licence gratuite, non exclusive, \u00e0 dur\u00e9e limit\u00e9e, non transf\u00e9rable, non sous-licenciable et librement r\u00e9vocable pour utiliser les Services \u00e0 des fins non commerciales, conform\u00e9ment aux pr\u00e9sentes Conditions. L'utilisation de l'Application implique le suivi en temps r\u00e9el de la position de l'Utilisateur afin d'afficher les points d'int\u00e9r\u00eat (POI\/\u00e9v\u00e9nements) \u00e0 proximit\u00e9 et d'indiquer le point de d\u00e9part d'une demande de trajet au transporteur. Par ailleurs, la gamification permet de localiser automatiquement l'Utilisateur et de v\u00e9rifier sa visite \u00e0 un POI\/\u00e9v\u00e9nement gr\u00e2ce \u00e0 sa g\u00e9olocalisation, et d'attribuer des prix\/cartes postales en cons\u00e9quence.<\/span><\/p>\n<p align=\"JUSTIFY\"><span lang=\"it-IT\">Les d\u00e9placements des utilisateurs ne sont pas enregistr\u00e9s, et les trajectoires GPS ne sont surveill\u00e9es qu'en temps r\u00e9el.<\/span><\/p>\n<p align=\"JUSTIFY\"><span lang=\"it-IT\">Lors de la r\u00e9ception des signaux GPS, et par cons\u00e9quent pour utiliser les diff\u00e9rents services propos\u00e9s par l'application, il vous sera demand\u00e9 de fournir des informations d'identification (nom et pr\u00e9nom, adresse e-mail valide, donn\u00e9es personnelles, num\u00e9ro d'identification fiscale, pseudonyme, etc.). Vous \u00eates enti\u00e8rement responsable de l'exactitude, de l'exhaustivit\u00e9 et de la v\u00e9racit\u00e9 de ces informations. Ces donn\u00e9es personnelles seront collect\u00e9es dans une base de donn\u00e9es g\u00e9r\u00e9e par TAGES, conform\u00e9ment \u00e0 la politique de confidentialit\u00e9 que vous avez accept\u00e9e. Fournir des informations fausses, incompl\u00e8tes ou erron\u00e9es peut emp\u00eacher le bon fonctionnement de l'application et, par cons\u00e9quent, son utilisation, et peut entra\u00eener la suspension de votre compte.<\/span><\/p>\n<p align=\"JUSTIFY\"><span lang=\"it-IT\">Art. 10. TAGES peut int\u00e9grer, et int\u00e8gre effectivement, des informations relatives aux produits et services de soci\u00e9t\u00e9s partenaires sur son site internet ou dans l\u2019application FESTA. TAGES ne peut garantir ni leur fiabilit\u00e9 ni leur exactitude\u00a0; le contenu publi\u00e9 par les op\u00e9rateurs ne constitue ni une recommandation ni une incitation de la part de TAGES \u00e0 acheter les biens ou services annonc\u00e9s, ces op\u00e9rateurs assumant l\u2019enti\u00e8re responsabilit\u00e9 \u00e0 cet \u00e9gard. <\/span><\/p>\n<p align=\"JUSTIFY\"><span lang=\"it-IT\">Art. 11 Pour les Services mis \u00e0 disposition par les Op\u00e9rateurs aux Utilisateurs, TAGES n\u2019assume aucune responsabilit\u00e9 quant \u00e0 l\u2019utilisation, au fonctionnement ou aux dommages que les Utilisateurs pourraient d\u00e9clarer avoir subis du fait de leur utilisation. <\/span><\/p>\n<p align=\"JUSTIFY\"><span lang=\"it-IT\">TAGES s'engage \u00e0 assurer la disponibilit\u00e9 de ses Services 24h\/24 et 7j\/7. Cependant, l'acc\u00e8s peut \u00eatre interrompu lors de la maintenance, des mises \u00e0 jour mat\u00e9rielles ou logicielles, des r\u00e9parations urgentes du site web ou de l'application, ou en raison de circonstances ind\u00e9pendantes de sa volont\u00e9 (telles que des dysfonctionnements des connexions et syst\u00e8mes de t\u00e9l\u00e9communications). TAGES s'engage \u00e0 mettre en \u0153uvre toutes les mesures appropri\u00e9es pour limiter ces interruptions, dans la mesure o\u00f9 elles rel\u00e8vent de son contr\u00f4le direct. TAGES met tout en \u0153uvre pour fournir un service de haute qualit\u00e9 et satisfaisant. Toutefois, elle ne garantit pas le fonctionnement ininterrompu et sans erreur des Services, ni leur disponibilit\u00e9 permanente, leur s\u00e9curit\u00e9, leur protection contre les acc\u00e8s non autoris\u00e9s, l'absence de dommages, de dysfonctionnements, d'erreurs ou de pannes, y compris, mais sans s'y limiter, les pannes mat\u00e9rielles, logicielles et de communication logicielle caus\u00e9es par les serveurs h\u00e9bergeant les Services ou par l'un de ses fournisseurs. TAGES peut, avec le droit et sans obligation d' en informer pr\u00e9alablement les Utilisateurs, modifier, adapter ou changer, partiellement ou totalement, les Services, la port\u00e9e et la disponibilit\u00e9 de leurs fonctionnalit\u00e9s, les logiciels, l'interface et la conception associ\u00e9s, ainsi que tout autre aspect connexe\u00a0: aucune r\u00e9clamation, demande ou indemnisation ne sera prise en compte \u00e0 cet \u00e9gard. TAGES sc et ses propri\u00e9taires, actionnaires, employ\u00e9s, fournisseurs, partenaires, g\u00e9rants, agents et collaborateurs ne sauraient \u00eatre tenus responsables des dommages directs, indirects, accessoires, cons\u00e9cutifs ou autres (y compris les pertes de profits et de donn\u00e9es), des co\u00fbts, d\u00e9penses et paiements, des manquements ou de toute autre responsabilit\u00e9 d\u00e9coulant de l'impossibilit\u00e9 d'utiliser l'application. TAGES ne saurait \u00eatre tenu responsable des dommages d\u00e9coulant du contenu des services, produits ou informations mis \u00e0 disposition ou fournis par des tiers, ni de tout d\u00e9faut ou dysfonctionnement de la communication avec les Services ou avec d'autres Utilisateurs via les Services, ni du refus ou de la r\u00e9siliation d'un compte Utilisateur. TAGES prot\u00e8ge et contr\u00f4le l'utilisation des Services au moyen de mesures technologiques con\u00e7ues pour pr\u00e9venir toute utilisation abusive ou non autoris\u00e9e, et l'Utilisateur s'engage \u00e0 ne pas contourner ces mesures. En cas de non-respect de l'obligation susmentionn\u00e9e, de manquement de l'Utilisateur aux Conditions d'utilisation ou \u00e0 une partie de celles-ci, ou pour tout autre motif jug\u00e9 pertinent par TAGES \u00e0 sa seule discr\u00e9tion, TAGES peut, \u00e0 tout moment et sans pr\u00e9avis, interrompre ou suspendre l'acc\u00e8s aux Services, temporairement ou d\u00e9finitivement. Les Utilisateurs reconnaissent et acceptent que TAGES d\u00e9cline toute responsabilit\u00e9 en cas d'indisponibilit\u00e9, de suspension ou d'interruption des Services, et qu'elle ne peut \u00eatre tenue responsable des dommages directs ou indirects de quelque nature que ce soit r\u00e9sultant d'un tel \u00e9v\u00e9nement. L'application FESTA utilise la technologie GPS uniquement pour d\u00e9terminer la position des Utilisateurs. Ses fonctionnalit\u00e9s ne peuvent \u00eatre fournies sans cette technologie. Par cons\u00e9quent, comme indiqu\u00e9 dans la Politique de confidentialit\u00e9, l'Utilisateur autorise TAGES \u00e0 utiliser ces technologies pour permettre la g\u00e9olocalisation et, de ce fait, la d\u00e9termination de sa position. Pour utiliser les Services et transmettre et recevoir des informations, une connexion Wi-Fi , LTE , 3G\/4G\/5G ou autre est requise. Les co\u00fbts de ces connexions sont r\u00e9gis par le contrat conclu entre l'Utilisateur et son op\u00e9rateur de t\u00e9l\u00e9phonie mobile, conform\u00e9ment aux conditions applicables. Ces co\u00fbts sont \u00e0 la charge de l'Utilisateur et ne peuvent en aucun cas \u00eatre imput\u00e9s \u00e0 TAGES. L'Utilisateur reconna\u00eet et accepte qu'il assume l'enti\u00e8re responsabilit\u00e9 de l'utilisation de l'application FESTA, qui se fait enti\u00e8rement \u00e0 ses propres risques. <\/span><\/p>\n<p align=\"JUSTIFY\"><span lang=\"it-IT\">Art. 12. Modalit\u00e9s de fonctionnement de FESTA. L\u2019utilisateur installe l\u2019application, d\u00e9j\u00e0 active sur son t\u00e9l\u00e9phone mobile lors de la premi\u00e8re connexion, sans inscription. <\/span><\/p>\n<p align=\"JUSTIFY\"><span lang=\"it-IT\">D\u00e8s leur premi\u00e8re connexion, les utilisateurs visualisent leur position et les points d'int\u00e9r\u00eat \u00e0 proximit\u00e9, ce qui leur permet de les consulter. L'application leur donne acc\u00e8s \u00e0 des itin\u00e9raires th\u00e9matiques pr\u00e9d\u00e9finis , qu'ils peuvent filtrer, ainsi qu'\u00e0 des points d'int\u00e9r\u00eat individuels, selon leurs pr\u00e9f\u00e9rences (gastronomie, religion, nature, etc.). Ils peuvent enregistrer leurs points d'int\u00e9r\u00eat locaux pr\u00e9f\u00e9r\u00e9s et cr\u00e9er des itin\u00e9raires personnalis\u00e9s. Pour chaque point enregistr\u00e9 sur la plateforme, ils peuvent demander un acc\u00e8s en fournissant leurs informations de voyage et leurs conditions (nombre d'adultes, d'enfants, de personnes \u00e0 mobilit\u00e9 r\u00e9duite, de bagages et d'animaux de compagnie).<\/span><\/p>\n<p align=\"JUSTIFY\"><span lang=\"it-IT\">Art. 13. Toute reproduction, distribution ou diffusion publique, par quelque moyen que ce soit, d'\u00e9l\u00e9ments ou de contenus du programme FESTA est strictement interdite. De m\u00eame, toute modification, adaptation, transformation ou cr\u00e9ation d'\u0153uvres d\u00e9riv\u00e9es, transmise au public et\/ou aux utilisateurs, est interdite\u00a0; la vente ou la location de toute partie de l'application FESTA ou de son logiciel, par quelque moyen que ce soit, est interdite sans l'autorisation \u00e9crite pr\u00e9alable de TAGES. Le nom FESTA, le logo descriptif et figuratif FESTA, ainsi que toute autre marque de commerce et\/ou de service ne peuvent \u00eatre utilis\u00e9s de l'une des mani\u00e8res susmentionn\u00e9es sans l'autorisation \u00e9crite pr\u00e9alable de TAGES.<\/span><b> <\/b><\/p>\n<p align=\"JUSTIFY\"><span lang=\"it-IT\">Art. 14 Le contrat entre TAGES et l'Utilisateur entre en vigueur d\u00e8s le d\u00e9but de l'utilisation de l'Application. Il prend fin lorsque l'Utilisateur d\u00e9sinstalle l'Application de son appareil. L'Utilisateur peut donc cesser d'utiliser le Service \u00e0 tout moment et pour quelque raison que ce soit, ou suite \u00e0 l'intervention de TAGES lorsque la loi l'exige. <\/span><\/p>\n<p align=\"JUSTIFY\"><span lang=\"it-IT\">Comme il n'y a pas d'inscription, l'utilisateur est identifi\u00e9 par l'identifiant de son smartphone et, en installant l'application sur un autre smartphone, c'est comme si un nouvel utilisateur \u00e9tait cr\u00e9\u00e9, perdant toutes les informations pr\u00e9c\u00e9demment enregistr\u00e9es (historique des demandes de transport, pr\u00e9f\u00e9rences pour les points du territoire).<\/span><\/p>\n<p align=\"JUSTIFY\"><span lang=\"it-IT\">Art. 15 TAGES se r\u00e9serve le droit de bloquer l'acc\u00e8s \u00e0 l'application et \u00e0 ses services, et d'en interrompre l'utilisation, \u00e0 tout moment et pour tout motif qu'elle juge appropri\u00e9, \u00e0 son enti\u00e8re discr\u00e9tion. Par ailleurs, elle se r\u00e9serve le droit de partager des informations personnelles ou des informations appartenant aux utilisateurs dans les circonstances suivantes\u00a0: si vous commettez un acte pr\u00e9judiciable ou potentiellement pr\u00e9judiciable \u00e0 TAGES, aux autres utilisateurs ou \u00e0 des tiers, y compris, mais sans s'y limiter, aux fournisseurs ou partenaires de TAGES\u00a0; si vous avez utilis\u00e9 ou tent\u00e9 d'utiliser les services pour un acte ill\u00e9gal ou qui semble l'\u00eatre, ou si l'utilisation de l'application permet, facilite, aide ou encourage la commission de tels actes\u00a0; si le pr\u00e9sent contrat a \u00e9t\u00e9 viol\u00e9 de quelque mani\u00e8re que ce soit\u00a0; si le partage d'informations est n\u00e9cessaire pour se conformer \u00e0 une d\u00e9cision judiciaire ou administrative\u00a0; si le partage d'informations est n\u00e9cessaire pour d\u00e9tecter, pr\u00e9venir ou r\u00e9soudre des probl\u00e8mes techniques, des failles de s\u00e9curit\u00e9 ou des cas de suspicion de fraude. <\/span><\/p>\n<p align=\"JUSTIFY\"><span lang=\"it-IT\">Art. 16. Le t\u00e9l\u00e9chargement et l'installation de l'Application s'effectueront via des plateformes num\u00e9riques (App Store\/Magasin d'applications) sous r\u00e9serve de l'approbation technique de leurs propri\u00e9taires respectifs. Ces derniers ne sont aucunement impliqu\u00e9s dans l'organisation et la gestion du Programme, mais se contentent de fournir les syst\u00e8mes de t\u00e9l\u00e9chargement susmentionn\u00e9s. Ces plateformes num\u00e9riques constituent en r\u00e9alit\u00e9 le simple canal technologique permettant le t\u00e9l\u00e9chargement, qui, une fois termin\u00e9, installe le logiciel sur les smartphones. Par cons\u00e9quent, les fonctions op\u00e9rationnelles g\u00e9r\u00e9es par l'Application doivent \u00eatre ex\u00e9cut\u00e9es sur le territoire national o\u00f9 se situe \u00e9galement le serveur h\u00e9bergeant le Programme. Nous tenons \u00e0 pr\u00e9ciser que Google et Apple ne sont en aucun cas impliqu\u00e9s dans l'organisation du Programme, ni n'en sont les sponsors. Le t\u00e9l\u00e9chargement et l'utilisation de l'Application sont gratuits\u00a0; la navigation Internet est factur\u00e9e selon le forfait internet. Fourni par l'op\u00e9rateur de l'utilisateur et sans frais suppl\u00e9mentaires. Afin de garantir l'\u00e9galit\u00e9 de traitement entre tous les utilisateurs, quel que soit l'appareil utilis\u00e9 pour le t\u00e9l\u00e9chargement, si, pendant le Programme, une version de l'Application compatible avec un autre syst\u00e8me d'exploitation est publi\u00e9e, les m\u00eames fonctionnalit\u00e9s seront conserv\u00e9es.<\/span><b> <\/b><span lang=\"it-IT\">praticato dall&#8217;operatore di appartenenza dell\u2019Utente e senza alcun costo aggiuntivo. Al fine di garantire parit\u00e0 di trattamento tra tutti gli Utenti, a prescindere dall&#8217;apparato utilizzato per il download, qualora, nel corso del Programma, venisse rilasciata una versione dell\u2019Applicazione fruibile mediante ulteriore sistema operativo, verranno mantenute intatte le medesime funzionalit\u00e0. <\/span><\/p>\n<p align=\"JUSTIFY\"><span lang=\"it-IT\">Art. 17. TAGES se r\u00e9serve express\u00e9ment le droit de modifier les pr\u00e9sentes Conditions g\u00e9n\u00e9rales. Toute modification sera communiqu\u00e9e par voie d'avis, lequel sera publi\u00e9 sur le site web dans sa version mise \u00e0 jour. La poursuite de l'utilisation par les Utilisateurs implique leur acceptation expresse et d\u00e9finitive\u00a0: \u00e0 d\u00e9faut, vous devez cesser toute utilisation et d\u00e9sinstaller l'Application.<\/span><\/p>\n<p><span lang=\"it-IT\">Art. 18 Pour toute communication, le Client doit \u00e9crire \u00e0 : <\/span><\/p>\n<p><span lang=\"it-IT\"><b>TAGES S.C. <\/b><\/span><\/p>\n<p><span lang=\"it-IT\">San Giuliano Terme, Via Carducci 64\/c, 56017 (PI), Italie. Num\u00e9ro de t\u00e9l\u00e9phone : +39 3929169328 <\/span><\/p>\n<p><span lang=\"it-IT\">Courriel\u00a0: segreteria@tages.it <\/span><\/p>\n<p><span lang=\"it-IT\">PEC: tages.soc.coop@sicurezzapostale.it <\/span><\/p>\n<p>Valable \u00e0 partir du 01\/02\/2026<\/p>","protected":false},"excerpt":{"rendered":"<p>Piattaforma FESTA TITOLO I QUALIT\u00c0 GENERALI DEL PROGETTO Art. 1 Denominazione dell&#8217;operazione \u00e8 FESTA, piattaforma di premialit\u00e0 volta a promuovere l\u2019adozione di abitudini di spostamento sostenibili. Art. 2 FESTA \u00e8 promossa e gestita dalla societ\u00e0 TAGES s.c. con la sede legale a San Giuliano Terme (PI), via Carducci 64\/c, codice fiscale e partita IVA 00937910503 (in seguito \u201cTAGES\u201d). Art. 3 FESTA informa il turista dei Punti di Interesse\/Sagre\/Aziende Quality Made (Certificate) che si trova nel territorio e lo mette in contatto con una serie di operatori di trasporto di ultimo miglio che lo possono portare verso ciascun punto. La piattaforma fornisce inoltre \u2019cartoline\u2019 ricompensa alla visita di particolari punti in chiave gamification. Art. 4 Imprese associate e certificate con il marchio Quality Made (QM) partecipano a FESTA in qualit\u00e0 di esercizi convenzionati. Operatori di trasporto partecipano ricevendo richieste di trasporto direttamente dagli utenti e rispondendo agli stessi con preventivi ed altro. Infine altri operatori coinvolti sono i gestori di Feste\/sagre e di Punti di Interesse del Territorio (musei\/parchi o altro). Ogni operatore (impresa QM, trasportatore, gestore di POI\/FESTE) ha le proprie credenziali per accedere ed aggiornare i dati da lui gestiti. Art. 5 FESTA avr\u00e0 un inizio progressivo presso tutti gli operatori fisici ed online dei Partner che aderiranno all\u2019iniziativa. Nel tempo si aggiungeranno nuovi operatori ad arricchire l\u2019offerta informativa e di servizi della piattaforma. Art. 6 FESTA si svolge su tutto il territorio del partenariato di progetto (Var, Corsica, Sardegna, Liguria e Toscana) ma potr\u00e0 essere espansa su altri territori interessati a sviluppare un turismo sostenibile. Art. 7 I Destinatari dell\u2019operazione FESTA, sono tutti coloro che abbiano scaricato gratuitamente l\u2019applicazione FESTA per smartphone disponibile su Google Play e App Store anche senza aver completato la procedura di registrazione. L&#8217;utilizzo dell\u2019applicazione \u00e8 gratuito e la partecipazione a FESTA \u00e8 gratuita. Art. 8 La finalit\u00e0 dell&#8217;operazione \u00e8 diretta a promuovere il turismo sostenibile (utilizzo di spostamenti con mezzi pubblici e mobilit\u00e0 ciclabili nell\u2019ultimo miglio) e le aziende Quality Made, ovvero la produzione sostenibile di prodotti locali\/artigianali, oltre che le Feste locali che trasmettono cultura e tradizioni da conservare e valorizzare. TITOLO II MODALIT\u00c0 DI ATTUAZIONE Art. 9 Le presenti Condizioni di utilizzo costituiscono un contratto pienamente vincolante tra TAGES e l\u2019Utente, il quale dichiara di aver reso visione e di aver accettato integralmente, al momento dell\u2019adesione ed installazione dell\u2019Applicazione che non richiede alcuna registrazione dell\u2019utente ne fornitura di dati personali. Pertanto, l\u2019Utente \u00e8 tenuto a leggerle integralmente prima di avviare l\u2019utilizzo dell\u2019Applicazione. Con l\u2019installazione dell\u2019APP, TAGES concede agli Utenti una licenza gratuita, non esclusiva e limitata nel tempo, non trasferibile e non sub-licenziabile, revocabile liberamente, ad usare i Servizi per scopi non commerciali nel rispetto delle presenti Condizioni. Con l\u2019utilizzo dell\u2019applicazione si rende necessario monitorare la posizione dell\u2019utente in tempo reale in modo da mostrare i punti di interesse-POI\/Feste che si trovano nelle sue vicinanze oltre che poter indicare all\u2019operatore di trasporto il punto di inizio di una richiesta di viaggio. Inoltre la gamification localizza l\u2019utente e verifica la sua visita ad un POI\/Festa mediante la sua posizione, in automatico, e conferisce i premi\/cartoline di conseguenza. Non son registrati gli spostamenti degli utenti e neppure le tracce GPS monitorare solo in tempo reale. Durante la ricezione dei segnali GPS, e successivamente per l\u2019utilizzo dei vari servizi offerti dall\u2019app, viene chiesto di fornire informazioni identificative (nome e cognome, indirizzo e-mail attivo, dati anagrafici, codice fiscale, nickname, etc.), della cui completezza, accuratezza e veridicit\u00e0 gli Utenti assumono piena responsabilit\u00e0. Le suddette informazioni personali verranno raccolte in un database, gestito da TAGES secondo la Privacy Policy autorizzata dall\u2019utente. Fornire informazioni false, incomplete o erronee potrebbe impedire la corretta prestazione e per converso l&#8217;utilizzo dell\u2019applicazione e la sospensione dell\u2019account. Art. 10 TAGES pu\u00f2 incorporare, e di fatto incorpora, nel proprio sito o nell\u2019applicazione FESTA informazioni relative a prodotti e servizi di Imprese partner. TAGES non pu\u00f2 garantirne l&#8217;affidabilit\u00e0 o accuratezza; i contenuti pubblicati dagli operatori non costituiscono una raccomandazione o incoraggiamento da parte di TAGES a procurarsi i beni o i servizi pubblicizzati dagli Operatori che si assumono ogni responsabilit\u00e0 in relazione a ci\u00f2. Art. 11 Per i Servizi messi a disposizione dagli Operatori agli Utenti TAGES non si assume alcuna responsabilit\u00e0 in merito all\u2019utilizzo, al funzionamento, n\u00e9 ai danni che gli Utenti potrebbero dichiarare di aver subito in conseguenza del loro utilizzo. TAGES si impegna a garantire la disponibilit\u00e0 dei Servizi 24 ore su 24 e 7 giorni su 7; ciononostante, pu\u00f2 verificarsi che l&#8217;accesso venga interrotto durante operazioni di manutenzione, aggiornamenti a livello fisico o informatico, riparazioni urgenti del sito o dell\u2019applicazione, nonch\u00e9, in seguito a circostanze indipendenti dalla volont\u00e0 di TAGES (come, ad esempio, malfunzionamenti nei collegamenti e nei sistemi di telecomunicazione). TAGES si impegna a mettere in atto tutte le misure opportune per limitare questi disservizi, qualora posti sotto la sua possibilit\u00e0 di intervento e controllo diretto. TAGES esercita ogni sforzo per fornire un\u2019alta qualit\u00e0 e un servizio soddisfacente, tuttavia, non garantisce che i Servizi funzionino in maniera ininterrotta o priva di errori, n\u00e9 che saranno sempre disponibili, sicuri, protetti da accessi non autorizzati, immuni da danni, privi di malfunzionamenti, errori o guasti, compresi ma non limitati a guasti hardware, errori del software e delle comunicazioni software dovuti ai server sui quali risiedono i Servizi o uno qualsiasi dei suoi fornitori. TAGES potr\u00e0, con pieno diritto e senza alcuna limitazione, n\u00e9 obbligazione di pre-informarne gli Utenti, modificare parzialmente od integralmente, adattare o cambiare i Servizi, l\u2019estensione e la disponibilit\u00e0 delle loro funzionalit\u00e0, i relativi software, l\u2019interfaccia ed il design, nonch\u00e9 ogni altro aspetto connesso: in relazione a ci\u00f2 nessuna lamentela n\u00e9 alcuna richiesta o indennizzo verr\u00e0 presa in considerazione. La societ\u00e0 TAGES s.c. e i proprietari, soci, dipendenti, fornitori, operatori partner, preposti, agenti ed in genere collaboratori di TAGES potranno essere considerati responsabili per danni diretti, indiretti, accidentali o consequenziali o altri (compresa la perdita di profitti e perdite di dati), costi, spese e pagamenti, inadempimenti o qualsiasi altra forma di responsabilit\u00e0 derivanti dall\u2019impossibilit\u00e0 di utilizzare l\u2019applicazione. TAGES non potr\u00e0<\/p>","protected":false},"author":1,"featured_media":0,"parent":0,"menu_order":0,"comment_status":"closed","ping_status":"closed","template":"","meta":{"footnotes":""},"class_list":["post-19","page","type-page","status-publish","hentry"],"_links":{"self":[{"href":"https:\/\/www.qualitymade.eu\/fr\/wp-json\/wp\/v2\/pages\/19","targetHints":{"allow":["GET"]}}],"collection":[{"href":"https:\/\/www.qualitymade.eu\/fr\/wp-json\/wp\/v2\/pages"}],"about":[{"href":"https:\/\/www.qualitymade.eu\/fr\/wp-json\/wp\/v2\/types\/page"}],"author":[{"embeddable":true,"href":"https:\/\/www.qualitymade.eu\/fr\/wp-json\/wp\/v2\/users\/1"}],"replies":[{"embeddable":true,"href":"https:\/\/www.qualitymade.eu\/fr\/wp-json\/wp\/v2\/comments?post=19"}],"version-history":[{"count":2,"href":"https:\/\/www.qualitymade.eu\/fr\/wp-json\/wp\/v2\/pages\/19\/revisions"}],"predecessor-version":[{"id":11389,"href":"https:\/\/www.qualitymade.eu\/fr\/wp-json\/wp\/v2\/pages\/19\/revisions\/11389"}],"wp:attachment":[{"href":"https:\/\/www.qualitymade.eu\/fr\/wp-json\/wp\/v2\/media?parent=19"}],"curies":[{"name":"wp","href":"https:\/\/api.w.org\/{rel}","templated":true}]}}