{"id":2129,"date":"2024-08-01T02:08:58","date_gmt":"2024-08-01T02:08:58","guid":{"rendered":"https:\/\/demo2wpopal.b-cdn.net\/havezic\/?page_id=2129"},"modified":"2026-01-07T15:21:36","modified_gmt":"2026-01-07T15:21:36","slug":"territori","status":"publish","type":"page","link":"https:\/\/www.qualitymade.eu\/fr\/territori\/","title":{"rendered":"Les entreprises"},"content":{"rendered":"<div data-elementor-type=\"wp-page\" data-elementor-id=\"2129\" class=\"elementor elementor-2129\" data-elementor-settings=\"{&quot;ha_cmc_init_switcher&quot;:&quot;no&quot;}\">\n\t\t\t\t<div class=\"elementor-element elementor-element-23e0318 e-flex e-con-boxed wpr-particle-no wpr-jarallax-no wpr-parallax-no wpr-sticky-section-no e-con e-parent\" data-id=\"23e0318\" data-element_type=\"container\">\n\t\t\t\t\t<div class=\"e-con-inner\">\n\t\t<div class=\"elementor-element elementor-element-195aecf e-con-full e-flex wpr-particle-no wpr-jarallax-no wpr-parallax-no wpr-sticky-section-no e-con e-child\" data-id=\"195aecf\" data-element_type=\"container\">\n\t\t\t\t<div class=\"elementor-element elementor-element-5d402f6 elementor-widget elementor-widget-image\" data-id=\"5d402f6\" data-element_type=\"widget\" data-widget_type=\"image.default\">\n\t\t\t\t<div class=\"elementor-widget-container\">\n\t\t\t\t\t\t\t\t\t\t\t\t\t<img fetchpriority=\"high\" decoding=\"async\" width=\"595\" height=\"841\" src=\"https:\/\/www.qualitymade.eu\/wp-content\/uploads\/2024\/10\/mappaQM.svg\" class=\"attachment-large size-large wp-image-6924\" alt=\"\" \/>\t\t\t\t\t\t\t\t\t\t\t\t\t<\/div>\n\t\t\t\t<\/div>\n\t\t\t\t<\/div>\n\t\t<div class=\"elementor-element elementor-element-b9b1999 e-con-full e-flex wpr-particle-no wpr-jarallax-no wpr-parallax-no wpr-sticky-section-no e-con e-child\" data-id=\"b9b1999\" data-element_type=\"container\">\n\t\t\t\t<div class=\"elementor-element elementor-element-d543790 elementor-widget elementor-widget-heading\" data-id=\"d543790\" data-element_type=\"widget\" data-widget_type=\"heading.default\">\n\t\t\t\t<div class=\"elementor-widget-container\">\n\t\t\t<h2 class=\"elementor-heading-title elementor-size-default\">Nos entreprises<\/h2>\t\t<\/div>\n\t\t\t\t<\/div>\n\t\t\t\t<div class=\"elementor-element elementor-element-618ec45 elementor-widget elementor-widget-heading\" data-id=\"618ec45\" data-element_type=\"widget\" data-widget_type=\"heading.default\">\n\t\t\t\t<div class=\"elementor-widget-container\">\n\t\t\t<h3 class=\"elementor-heading-title elementor-size-default\">Les lieux du voyage Qualitymade.<\/h3>\t\t<\/div>\n\t\t\t\t<\/div>\n\t\t\t\t<div class=\"elementor-element elementor-element-635da8d elementor-widget elementor-widget-text-editor\" data-id=\"635da8d\" data-element_type=\"widget\" data-widget_type=\"text-editor.default\">\n\t\t\t\t<div class=\"elementor-widget-container\">\n\t\t\t\t\t\t\t<p><strong>Qualit\u00e9<\/strong> accueille le voyageur dans une exp\u00e9rience unique et personnelle \u00e0 vivre dans les cinq territoires o\u00f9 sont bas\u00e9es les entreprises certifi\u00e9es avec leur offre d'exp\u00e9riences authentiques.<\/p><p><strong>Les entreprises<\/strong> sont situ\u00e9s sur un territoire h\u00e9t\u00e9rog\u00e8ne, qui correspond aux cinq territoires des zones dans lesquelles le programme intervient <strong>Interreg Maritime<\/strong>, diversifi\u00e9 en paysages entre c\u00f4tes d\u00e9coup\u00e9es, plages, for\u00eats de pins, montagnes, villes d'art, villages historiques, parcs naturels, campagnes agricoles et vignobles.<\/p><p><strong>Les itin\u00e9raires ont \u00e9t\u00e9 con\u00e7us<\/strong> dans le but de permettre au voyageur conscient de vivre des exp\u00e9riences uniques, identificatoires et respectueuses de l'environnement et des communaut\u00e9s locales ; une v\u00e9ritable immersion dans les traditions et la culture des territoires.<\/p><p>Les voyages s'adressent \u00e0 toutes les personnes qui souhaitent se sentir impliqu\u00e9es et vivre pleinement les itin\u00e9raires non pas en tant que touristes mais en tant que voyageurs locaux, accueillis par l'hospitalit\u00e9 unique et authentique qui caract\u00e9rise ces lieux.<\/p>\t\t\t\t\t\t<\/div>\n\t\t\t\t<\/div>\n\t\t\t\t<div class=\"elementor-element elementor-element-66c64b3 elementor-widget elementor-widget-html\" data-id=\"66c64b3\" data-element_type=\"widget\" data-widget_type=\"html.default\">\n\t\t\t\t<div class=\"elementor-widget-container\">\n\t\t\t<style>div.territorio  .elementor-image-box-img img {\r\nposition: absolute;\r\n    left: 0;\r\n    top: 0;\r\n    width: 100%;\r\n    height: 100%;\r\n    object-fit: cover;\r\n}\r\ndiv.territorio  .elementor-widget-container {\r\nbox-shadow: 0 4px 30px rgba(0, 0, 0, 0.05);\r\n    border-radius: 20px!important;\r\n}\r\ndiv.territorio .elementor-image-box-img {\r\nborder-radius: 20px 20px 0 0;\r\n    margin-bottom: -45px!important;\r\n    overflow: hidden;\r\n    padding-top: 120%;\r\n    position: relative;\r\n}\r\ndiv.territorio .elementor-image-box-content\r\n{\r\nposition: relative;\r\n    padding: 26px 24px;\r\n    background-color: #fff;\r\n    border-radius: 20px;\r\n}\r\n<\/style>\t\t<\/div>\n\t\t\t\t<\/div>\n\t\t\t\t<\/div>\n\t\t\t\t\t<\/div>\n\t\t\t\t<\/div>\n\t\t<div class=\"elementor-element elementor-element-81f378c e-grid e-con-boxed wpr-particle-no wpr-jarallax-no wpr-parallax-no wpr-sticky-section-no e-con e-parent\" data-id=\"81f378c\" data-element_type=\"container\">\n\t\t\t\t\t<div class=\"e-con-inner\">\n\t\t\t\t<div class=\"elementor-element elementor-element-a3727eb elementor-widget__width-inherit territorio elementor-position-top elementor-widget elementor-widget-image-box\" data-id=\"a3727eb\" data-element_type=\"widget\" data-widget_type=\"image-box.default\">\n\t\t\t\t<div class=\"elementor-widget-container\">\n\t\t\t<div class=\"elementor-image-box-wrapper\"><figure class=\"elementor-image-box-img\"><a href=\"https:\/\/www.qualitymade.eu\/fr\/territori\/toscana\/\" tabindex=\"-1\"><img decoding=\"async\" width=\"1920\" height=\"1368\" src=\"https:\/\/www.qualitymade.eu\/wp-content\/uploads\/2024\/10\/siena-4677913_1920.jpg\" class=\"attachment-full size-full wp-image-6286\" alt=\"\" srcset=\"https:\/\/www.qualitymade.eu\/wp-content\/uploads\/2024\/10\/siena-4677913_1920.jpg 1920w, https:\/\/www.qualitymade.eu\/wp-content\/uploads\/2024\/10\/siena-4677913_1920-600x428.jpg 600w, https:\/\/www.qualitymade.eu\/wp-content\/uploads\/2024\/10\/siena-4677913_1920-300x214.jpg 300w, https:\/\/www.qualitymade.eu\/wp-content\/uploads\/2024\/10\/siena-4677913_1920-1024x730.jpg 1024w, https:\/\/www.qualitymade.eu\/wp-content\/uploads\/2024\/10\/siena-4677913_1920-768x547.jpg 768w, https:\/\/www.qualitymade.eu\/wp-content\/uploads\/2024\/10\/siena-4677913_1920-1536x1094.jpg 1536w\" sizes=\"(max-width: 1920px) 100vw, 1920px\" \/><\/a><\/figure><div class=\"elementor-image-box-content\"><h4 class=\"elementor-image-box-title\"><a href=\"https:\/\/www.qualitymade.eu\/fr\/territori\/toscana\/\">Toscane<\/a><\/h4><p class=\"elementor-image-box-description\">La Toscane de Bolgheri, c'est le vin des collines ondulantes et des villages m\u00e9di\u00e9vaux surplombant la mer, des kilom\u00e8tres de pin\u00e8des verdoyantes baign\u00e9es par la mer et les Alpes Apuanes riches en marbre.<\/p><\/div><\/div>\t\t<\/div>\n\t\t\t\t<\/div>\n\t\t\t\t<div class=\"elementor-element elementor-element-f6cf4ee elementor-widget__width-inherit territorio elementor-position-top elementor-widget elementor-widget-image-box\" data-id=\"f6cf4ee\" data-element_type=\"widget\" data-widget_type=\"image-box.default\">\n\t\t\t\t<div class=\"elementor-widget-container\">\n\t\t\t<div class=\"elementor-image-box-wrapper\"><figure class=\"elementor-image-box-img\"><a href=\"https:\/\/www.qualitymade.eu\/fr\/territori\/sardegna\/\" tabindex=\"-1\"><img decoding=\"async\" width=\"1920\" height=\"1079\" src=\"https:\/\/www.qualitymade.eu\/wp-content\/uploads\/2024\/10\/castelsardo-g52406768a_1920.jpg\" class=\"attachment-full size-full wp-image-6583\" alt=\"\" srcset=\"https:\/\/www.qualitymade.eu\/wp-content\/uploads\/2024\/10\/castelsardo-g52406768a_1920.jpg 1920w, https:\/\/www.qualitymade.eu\/wp-content\/uploads\/2024\/10\/castelsardo-g52406768a_1920-600x337.jpg 600w, https:\/\/www.qualitymade.eu\/wp-content\/uploads\/2024\/10\/castelsardo-g52406768a_1920-300x169.jpg 300w, https:\/\/www.qualitymade.eu\/wp-content\/uploads\/2024\/10\/castelsardo-g52406768a_1920-1024x575.jpg 1024w, https:\/\/www.qualitymade.eu\/wp-content\/uploads\/2024\/10\/castelsardo-g52406768a_1920-768x432.jpg 768w, https:\/\/www.qualitymade.eu\/wp-content\/uploads\/2024\/10\/castelsardo-g52406768a_1920-1536x863.jpg 1536w\" sizes=\"(max-width: 1920px) 100vw, 1920px\" \/><\/a><\/figure><div class=\"elementor-image-box-content\"><h4 class=\"elementor-image-box-title\"><a href=\"https:\/\/www.qualitymade.eu\/fr\/territori\/sardegna\/\">Sardaigne<\/a><\/h4><p class=\"elementor-image-box-description\">La Sardegna \u00e8 l\u2019isola che stupisce il viaggiatore per i suoi contrasti naturali di luci e colori. Un luogo di antichissime tradizioni immerso in una natura...<\/p><\/div><\/div>\t\t<\/div>\n\t\t\t\t<\/div>\n\t\t\t\t<div class=\"elementor-element elementor-element-9b6b82a elementor-widget__width-inherit territorio elementor-position-top elementor-widget elementor-widget-image-box\" data-id=\"9b6b82a\" data-element_type=\"widget\" data-widget_type=\"image-box.default\">\n\t\t\t\t<div class=\"elementor-widget-container\">\n\t\t\t<div class=\"elementor-image-box-wrapper\"><figure class=\"elementor-image-box-img\"><a href=\"https:\/\/www.qualitymade.eu\/fr\/territori\/region-sud-var\/\" tabindex=\"-1\"><img loading=\"lazy\" decoding=\"async\" width=\"825\" height=\"814\" src=\"https:\/\/www.qualitymade.eu\/wp-content\/uploads\/2024\/10\/Provenza-1.jpg\" class=\"attachment-full size-full wp-image-6594\" alt=\"\" srcset=\"https:\/\/www.qualitymade.eu\/wp-content\/uploads\/2024\/10\/Provenza-1.jpg 825w, https:\/\/www.qualitymade.eu\/wp-content\/uploads\/2024\/10\/Provenza-1-100x100.jpg 100w, https:\/\/www.qualitymade.eu\/wp-content\/uploads\/2024\/10\/Provenza-1-600x592.jpg 600w, https:\/\/www.qualitymade.eu\/wp-content\/uploads\/2024\/10\/Provenza-1-300x296.jpg 300w, https:\/\/www.qualitymade.eu\/wp-content\/uploads\/2024\/10\/Provenza-1-768x758.jpg 768w\" sizes=\"(max-width: 825px) 100vw, 825px\" \/><\/a><\/figure><div class=\"elementor-image-box-content\"><h4 class=\"elementor-image-box-title\"><a href=\"https:\/\/www.qualitymade.eu\/fr\/territori\/region-sud-var\/\">Region Sud-Var<\/a><\/h4><p class=\"elementor-image-box-description\">Il dipartimento del Var, tra il viola della lavanda, gli olivi, i muri in pietra e il ros\u00e9 del suo vino. Il sorprendente Lago Saint-Cassien, perfetto per gli sport acquatici <\/p><\/div><\/div>\t\t<\/div>\n\t\t\t\t<\/div>\n\t\t\t\t<div class=\"elementor-element elementor-element-1190f69 elementor-widget__width-inherit territorio elementor-position-top elementor-widget elementor-widget-image-box\" data-id=\"1190f69\" data-element_type=\"widget\" data-widget_type=\"image-box.default\">\n\t\t\t\t<div class=\"elementor-widget-container\">\n\t\t\t<div class=\"elementor-image-box-wrapper\"><figure class=\"elementor-image-box-img\"><a href=\"https:\/\/www.qualitymade.eu\/fr\/territori\/liguria\/\" tabindex=\"-1\"><img loading=\"lazy\" decoding=\"async\" width=\"2040\" height=\"1360\" src=\"https:\/\/www.qualitymade.eu\/wp-content\/uploads\/2024\/10\/5terre.jpg\" class=\"attachment-full size-full wp-image-6283\" alt=\"\" srcset=\"https:\/\/www.qualitymade.eu\/wp-content\/uploads\/2024\/10\/5terre.jpg 2040w, https:\/\/www.qualitymade.eu\/wp-content\/uploads\/2024\/10\/5terre-600x400.jpg 600w, https:\/\/www.qualitymade.eu\/wp-content\/uploads\/2024\/10\/5terre-300x200.jpg 300w, https:\/\/www.qualitymade.eu\/wp-content\/uploads\/2024\/10\/5terre-1024x683.jpg 1024w, https:\/\/www.qualitymade.eu\/wp-content\/uploads\/2024\/10\/5terre-768x512.jpg 768w, https:\/\/www.qualitymade.eu\/wp-content\/uploads\/2024\/10\/5terre-1536x1024.jpg 1536w\" sizes=\"(max-width: 2040px) 100vw, 2040px\" \/><\/a><\/figure><div class=\"elementor-image-box-content\"><h4 class=\"elementor-image-box-title\"><a href=\"https:\/\/www.qualitymade.eu\/fr\/territori\/liguria\/\">Ligurie<\/a><\/h4><p class=\"elementor-image-box-description\">La Liguria che profuma di basilico e salmastro, con le sue celebri Cinque Terre, chilometri di costa affacciata sul mare, con le baie di acqua cristallina <\/p><\/div><\/div>\t\t<\/div>\n\t\t\t\t<\/div>\n\t\t\t\t<div class=\"elementor-element elementor-element-ac75287 elementor-widget__width-inherit territorio elementor-position-top elementor-widget elementor-widget-image-box\" data-id=\"ac75287\" data-element_type=\"widget\" data-widget_type=\"image-box.default\">\n\t\t\t\t<div class=\"elementor-widget-container\">\n\t\t\t<div class=\"elementor-image-box-wrapper\"><figure class=\"elementor-image-box-img\"><a href=\"https:\/\/www.qualitymade.eu\/fr\/territori\/corsica\/\" tabindex=\"-1\"><img loading=\"lazy\" decoding=\"async\" width=\"1920\" height=\"1280\" src=\"https:\/\/www.qualitymade.eu\/wp-content\/uploads\/2024\/10\/ajaccio-g0b1583b3a_1920.jpg\" class=\"attachment-full size-full wp-image-6584\" alt=\"\" srcset=\"https:\/\/www.qualitymade.eu\/wp-content\/uploads\/2024\/10\/ajaccio-g0b1583b3a_1920.jpg 1920w, https:\/\/www.qualitymade.eu\/wp-content\/uploads\/2024\/10\/ajaccio-g0b1583b3a_1920-600x400.jpg 600w, https:\/\/www.qualitymade.eu\/wp-content\/uploads\/2024\/10\/ajaccio-g0b1583b3a_1920-300x200.jpg 300w, https:\/\/www.qualitymade.eu\/wp-content\/uploads\/2024\/10\/ajaccio-g0b1583b3a_1920-1024x683.jpg 1024w, https:\/\/www.qualitymade.eu\/wp-content\/uploads\/2024\/10\/ajaccio-g0b1583b3a_1920-768x512.jpg 768w, https:\/\/www.qualitymade.eu\/wp-content\/uploads\/2024\/10\/ajaccio-g0b1583b3a_1920-1536x1024.jpg 1536w\" sizes=\"(max-width: 1920px) 100vw, 1920px\" \/><\/a><\/figure><div class=\"elementor-image-box-content\"><h4 class=\"elementor-image-box-title\"><a href=\"https:\/\/www.qualitymade.eu\/fr\/territori\/corsica\/\">Corse<\/a><\/h4><p class=\"elementor-image-box-description\">La Corsica isola amena e selvatica, \u00e8 una terra ricca di fascino con le sue meravigliose spiagge di sabbia e le sue montagne da percorrere a piedi...<\/p><\/div><\/div>\t\t<\/div>\n\t\t\t\t<\/div>\n\t\t\t\t\t<\/div>\n\t\t\t\t<\/div>\n\t\t\t\t<\/div>","protected":false},"excerpt":{"rendered":"<p>Le nostre Imprese I luoghi del viaggio Qualitymade. Quality Made accoglie il viaggiatore in una esperienza unica e personale da vivere nei cinque territori in cui hanno sede le imprese certificate con la loro offerta di esperienze autentiche. Le aziende sono dislocate su un territorio eterogeneo, che corrisponde ai cinque territori delle aree in cui opera il programma Interreg Marittimo, diversificato paesaggisticamente tra coste frastagliate, spiagge, pinete, montagne, citt\u00e0 d\u2019arte, borghi storici, parchi naturalistici, campagne agricole e vigneti. I percorsi sono stati ideati con l\u2019obiettivo di far vivere al viaggiatore consapevole, esperienze uniche, identitarie e rispettose dell\u2019ambiente e delle comunit\u00e0 locali; una vera e propria immersione nelle tradizioni e nella cultura dei territori. I viaggi sono rivolti a tutte le persone che vogliono sentirsi coinvolte e vivere pienamente gli itinerari non come turisti ma come viaggiatori-local, accolti da un\u2019ospitalit\u00e0 unica e autentica che caratterizza questi luoghi. Toscana La Toscana del vino di Bolgheri fra dolci colline e borghi medievali affacciati sul mare, fra chilometri di verdi pinete lambite dal mare e le Apuane ricche di marmo. Sardegna La Sardegna \u00e8 l\u2019isola che stupisce il viaggiatore per i suoi contrasti naturali di luci e colori. Un luogo di antichissime tradizioni immerso in una natura&#8230; Region Sud-Var Il dipartimento del Var, tra il viola della lavanda, gli olivi, i muri in pietra e il ros\u00e9 del suo vino. Il sorprendente Lago Saint-Cassien, perfetto per gli sport acquatici Liguria La Liguria che profuma di basilico e salmastro, con le sue celebri Cinque Terre, chilometri di costa affacciata sul mare, con le baie di acqua cristallina Corsica La Corsica isola amena e selvatica, \u00e8 una terra ricca di fascino con le sue meravigliose spiagge di sabbia e le sue montagne da percorrere a piedi&#8230;<\/p>","protected":false},"author":1,"featured_media":0,"parent":0,"menu_order":0,"comment_status":"closed","ping_status":"closed","template":"","meta":{"footnotes":""},"class_list":["post-2129","page","type-page","status-publish","hentry"],"_links":{"self":[{"href":"https:\/\/www.qualitymade.eu\/fr\/wp-json\/wp\/v2\/pages\/2129","targetHints":{"allow":["GET"]}}],"collection":[{"href":"https:\/\/www.qualitymade.eu\/fr\/wp-json\/wp\/v2\/pages"}],"about":[{"href":"https:\/\/www.qualitymade.eu\/fr\/wp-json\/wp\/v2\/types\/page"}],"author":[{"embeddable":true,"href":"https:\/\/www.qualitymade.eu\/fr\/wp-json\/wp\/v2\/users\/1"}],"replies":[{"embeddable":true,"href":"https:\/\/www.qualitymade.eu\/fr\/wp-json\/wp\/v2\/comments?post=2129"}],"version-history":[{"count":52,"href":"https:\/\/www.qualitymade.eu\/fr\/wp-json\/wp\/v2\/pages\/2129\/revisions"}],"predecessor-version":[{"id":11303,"href":"https:\/\/www.qualitymade.eu\/fr\/wp-json\/wp\/v2\/pages\/2129\/revisions\/11303"}],"wp:attachment":[{"href":"https:\/\/www.qualitymade.eu\/fr\/wp-json\/wp\/v2\/media?parent=2129"}],"curies":[{"name":"wp","href":"https:\/\/api.w.org\/{rel}","templated":true}]}}