{"id":7366,"date":"2024-12-16T11:23:29","date_gmt":"2024-12-16T11:23:29","guid":{"rendered":"https:\/\/dev.qualitymade.eu\/?page_id=7366"},"modified":"2025-10-28T09:57:20","modified_gmt":"2025-10-28T09:57:20","slug":"progetto-qm-export","status":"publish","type":"page","link":"https:\/\/www.qualitymade.eu\/fr\/progetto-qm-export\/","title":{"rendered":"Projet d'exportation QM"},"content":{"rendered":"<div data-elementor-type=\"wp-page\" data-elementor-id=\"7366\" class=\"elementor elementor-7366\" data-elementor-settings=\"{&quot;ha_cmc_init_switcher&quot;:&quot;no&quot;}\">\n\t\t\t\t<div class=\"elementor-element elementor-element-a8141d7 e-flex e-con-boxed wpr-particle-no wpr-jarallax-no wpr-parallax-no wpr-sticky-section-no e-con e-parent\" data-id=\"a8141d7\" data-element_type=\"container\">\n\t\t\t\t\t<div class=\"e-con-inner\">\n\t\t<div class=\"elementor-element elementor-element-9eb1ae5 e-con-full e-flex wpr-particle-no wpr-jarallax-no wpr-parallax-no wpr-sticky-section-no e-con e-child\" data-id=\"9eb1ae5\" data-element_type=\"container\">\n\t\t\t\t<div class=\"elementor-element elementor-element-02519a0 elementor-widget elementor-widget-image\" data-id=\"02519a0\" data-element_type=\"widget\" data-widget_type=\"image.default\">\n\t\t\t\t<div class=\"elementor-widget-container\">\n\t\t\t\t\t\t\t\t\t\t\t\t\t<img fetchpriority=\"high\" decoding=\"async\" width=\"900\" height=\"229\" src=\"https:\/\/www.qualitymade.eu\/wp-content\/uploads\/2024\/12\/QM-EXPORT-1024x261.png\" class=\"attachment-large size-large wp-image-7358\" alt=\"\" srcset=\"https:\/\/www.qualitymade.eu\/wp-content\/uploads\/2024\/12\/QM-EXPORT-1024x261.png 1024w, https:\/\/www.qualitymade.eu\/wp-content\/uploads\/2024\/12\/QM-EXPORT-600x153.png 600w, https:\/\/www.qualitymade.eu\/wp-content\/uploads\/2024\/12\/QM-EXPORT-300x76.png 300w, https:\/\/www.qualitymade.eu\/wp-content\/uploads\/2024\/12\/QM-EXPORT-768x196.png 768w, https:\/\/www.qualitymade.eu\/wp-content\/uploads\/2024\/12\/QM-EXPORT-1536x391.png 1536w, https:\/\/www.qualitymade.eu\/wp-content\/uploads\/2024\/12\/QM-EXPORT-2048x522.png 2048w\" sizes=\"(max-width: 900px) 100vw, 900px\" \/>\t\t\t\t\t\t\t\t\t\t\t\t\t<\/div>\n\t\t\t\t<\/div>\n\t\t\t\t<div class=\"elementor-element elementor-element-0fba2ac elementor-widget elementor-widget-heading\" data-id=\"0fba2ac\" data-element_type=\"widget\" data-widget_type=\"heading.default\">\n\t\t\t\t<div class=\"elementor-widget-container\">\n\t\t\t<h3 class=\"elementor-heading-title elementor-size-default\">Il progetto QM Export della blu e green economy, finanziato dal Programma IT- FR Marittimo 2021-2027, ha lo scopo di rafforzare la crescita sostenibile e la competitivit\u00e0 delle piccole e medie imprese legate all\u2019Economia del Benessere, intesa come attivit\u00e0, servizi e prodotti che garantiscono uno stato fisico e mentale vantaggioso per la persona.<\/h3>\t\t<\/div>\n\t\t\t\t<\/div>\n\t\t\t\t<\/div>\n\t\t<div class=\"elementor-element elementor-element-ffa30e3 e-con-full e-flex wpr-particle-no wpr-jarallax-no wpr-parallax-no wpr-sticky-section-no e-con e-child\" data-id=\"ffa30e3\" data-element_type=\"container\">\n\t\t\t\t<div class=\"elementor-element elementor-element-ba9933c elementor-widget__width-initial elementor-widget elementor-widget-text-editor\" data-id=\"ba9933c\" data-element_type=\"widget\" data-widget_type=\"text-editor.default\">\n\t\t\t\t<div class=\"elementor-widget-container\">\n\t\t\t\t\t\t\t<p>A beneficiarne sono 35 micro, piccole e medie imprese (15 certificate Quality Made e 20 in corso di certificazione) legate all\u2019economia della riduzione di materiali inquinanti (green economy) e alla produzione zero di rifiuti pericolosi (blue economy). Queste realt\u00e0, coinvolte attraverso un bando di partecipazione, saranno guidate in un processo di crescita all\u2019interno dei mercati internazionali.<\/p><p>Tre le azioni del progetto: una strategia di internazionalizzazione che garantisca una presenza stabile ed organizzata sui mercati internazionali, un percorso di aumento delle competitivit\u00e0 attraverso la qualificazione di prodotti e servizi e la partecipazione per i soggetti coinvolti a villaggi italiani, con possibilit\u00e0 per le 10 migliori aziende di presentare i loro prodotti\/servizi nel mercato canadese e statunitense.<\/p><p>Grazie alle azioni messe in campo dal progetto le imprese saranno coinvolte in un percorso di definizione di una strategia di internazionalizzazione e beneficeranno di strumenti innovativi basati su tecnologie di nuova generazione per rendere pi\u00f9 veloce ed efficace la produttivit\u00e0.<\/p><p>La partecipazione ad eventi di internazionalizzazione dei prodotti identitaria permetter\u00e0 alle imprese di conoscere e collocarsi sul mercato internazionale grazie alle relazioni con stakeholders commerciali, della comunicazione e della promozione.<\/p><p><strong>Vai al sito di progetto<\/strong><\/p><p><a href=\"https:\/\/interreg-marittimo.eu\/web\/festa\/progetto\" target=\"_blank\" rel=\"noopener\">https:\/\/interreg-marittimo.eu\/web\/festa\/progetto<\/a><\/p>\t\t\t\t\t\t<\/div>\n\t\t\t\t<\/div>\n\t\t\t\t<div class=\"elementor-element elementor-element-971afed elementor-widget elementor-widget-image\" data-id=\"971afed\" data-element_type=\"widget\" data-widget_type=\"image.default\">\n\t\t\t\t<div class=\"elementor-widget-container\">\n\t\t\t\t\t\t\t\t\t\t\t\t\t<img decoding=\"async\" width=\"900\" height=\"148\" src=\"https:\/\/www.qualitymade.eu\/wp-content\/uploads\/2024\/12\/QM-EXPORT_integrato-1024x168.png\" class=\"attachment-large size-large wp-image-7359\" alt=\"\" srcset=\"https:\/\/www.qualitymade.eu\/wp-content\/uploads\/2024\/12\/QM-EXPORT_integrato-1024x168.png 1024w, https:\/\/www.qualitymade.eu\/wp-content\/uploads\/2024\/12\/QM-EXPORT_integrato-600x98.png 600w, https:\/\/www.qualitymade.eu\/wp-content\/uploads\/2024\/12\/QM-EXPORT_integrato-300x49.png 300w, https:\/\/www.qualitymade.eu\/wp-content\/uploads\/2024\/12\/QM-EXPORT_integrato-768x126.png 768w, https:\/\/www.qualitymade.eu\/wp-content\/uploads\/2024\/12\/QM-EXPORT_integrato-1536x252.png 1536w, https:\/\/www.qualitymade.eu\/wp-content\/uploads\/2024\/12\/QM-EXPORT_integrato-2048x336.png 2048w\" sizes=\"(max-width: 900px) 100vw, 900px\" \/>\t\t\t\t\t\t\t\t\t\t\t\t\t<\/div>\n\t\t\t\t<\/div>\n\t\t\t\t<div class=\"elementor-element elementor-element-390dafc elementor-widget elementor-widget-button\" data-id=\"390dafc\" data-element_type=\"widget\" data-widget_type=\"button.default\">\n\t\t\t\t<div class=\"elementor-widget-container\">\n\t\t\t\t\t<div class=\"elementor-button-wrapper\">\n\t\t\t<a class=\"elementor-button elementor-button-link elementor-size-sm\" href=\"#\">\n\t\t\t\t\t\t<span class=\"elementor-button-content-wrapper\">\n\t\t\t\t\t\t\t\t\t<span class=\"elementor-button-text\">Compila il questionario<\/span>\n\t\t\t\t\t<\/span>\n\t\t\t\t\t<\/a>\n\t\t<\/div>\n\t\t\t\t<\/div>\n\t\t\t\t<\/div>\n\t\t\t\t<\/div>\n\t\t\t\t\t<\/div>\n\t\t\t\t<\/div>\n\t\t\t\t<\/div>","protected":false},"excerpt":{"rendered":"<p>Il progetto QM Export della blu e green economy, finanziato dal Programma IT- FR Marittimo 2021-2027, ha lo scopo di rafforzare la crescita sostenibile e la competitivit\u00e0 delle piccole e medie imprese legate all\u2019Economia del Benessere, intesa come attivit\u00e0, servizi e prodotti che garantiscono uno stato fisico e mentale vantaggioso per la persona. A beneficiarne sono 35 micro, piccole e medie imprese (15 certificate Quality Made e 20 in corso di certificazione) legate all\u2019economia della riduzione di materiali inquinanti (green economy) e alla produzione zero di rifiuti pericolosi (blue economy). Queste realt\u00e0, coinvolte attraverso un bando di partecipazione, saranno guidate in un processo di crescita all\u2019interno dei mercati internazionali. Tre le azioni del progetto: una strategia di internazionalizzazione che garantisca una presenza stabile ed organizzata sui mercati internazionali, un percorso di aumento delle competitivit\u00e0 attraverso la qualificazione di prodotti e servizi e la partecipazione per i soggetti coinvolti a villaggi italiani, con possibilit\u00e0 per le 10 migliori aziende di presentare i loro prodotti\/servizi nel mercato canadese e statunitense. Grazie alle azioni messe in campo dal progetto le imprese saranno coinvolte in un percorso di definizione di una strategia di internazionalizzazione e beneficeranno di strumenti innovativi basati su tecnologie di nuova generazione per rendere pi\u00f9 veloce ed efficace la produttivit\u00e0. La partecipazione ad eventi di internazionalizzazione dei prodotti identitaria permetter\u00e0 alle imprese di conoscere e collocarsi sul mercato internazionale grazie alle relazioni con stakeholders commerciali, della comunicazione e della promozione. Vai al sito di progetto https:\/\/interreg-marittimo.eu\/web\/festa\/progetto Compila il questionario<\/p>","protected":false},"author":1,"featured_media":0,"parent":0,"menu_order":0,"comment_status":"closed","ping_status":"closed","template":"","meta":{"footnotes":""},"class_list":["post-7366","page","type-page","status-publish","hentry"],"_links":{"self":[{"href":"https:\/\/www.qualitymade.eu\/fr\/wp-json\/wp\/v2\/pages\/7366","targetHints":{"allow":["GET"]}}],"collection":[{"href":"https:\/\/www.qualitymade.eu\/fr\/wp-json\/wp\/v2\/pages"}],"about":[{"href":"https:\/\/www.qualitymade.eu\/fr\/wp-json\/wp\/v2\/types\/page"}],"author":[{"embeddable":true,"href":"https:\/\/www.qualitymade.eu\/fr\/wp-json\/wp\/v2\/users\/1"}],"replies":[{"embeddable":true,"href":"https:\/\/www.qualitymade.eu\/fr\/wp-json\/wp\/v2\/comments?post=7366"}],"version-history":[{"count":19,"href":"https:\/\/www.qualitymade.eu\/fr\/wp-json\/wp\/v2\/pages\/7366\/revisions"}],"predecessor-version":[{"id":9678,"href":"https:\/\/www.qualitymade.eu\/fr\/wp-json\/wp\/v2\/pages\/7366\/revisions\/9678"}],"wp:attachment":[{"href":"https:\/\/www.qualitymade.eu\/fr\/wp-json\/wp\/v2\/media?parent=7366"}],"curies":[{"name":"wp","href":"https:\/\/api.w.org\/{rel}","templated":true}]}}