{"id":9733,"date":"2025-11-06T15:24:34","date_gmt":"2025-11-06T15:24:34","guid":{"rendered":"https:\/\/www.qualitymade.eu\/?page_id=9733"},"modified":"2026-03-05T08:16:11","modified_gmt":"2026-03-05T08:16:11","slug":"match-making","status":"publish","type":"page","link":"https:\/\/www.qualitymade.eu\/fr\/match-making\/","title":{"rendered":"Match Making"},"content":{"rendered":"<div data-elementor-type=\"wp-page\" data-elementor-id=\"9733\" class=\"elementor elementor-9733\" data-elementor-settings=\"{&quot;ha_cmc_init_switcher&quot;:&quot;no&quot;}\">\n\t\t\t\t<div class=\"elementor-element elementor-element-a8141d7 e-flex e-con-boxed wpr-particle-no wpr-jarallax-no wpr-parallax-no wpr-sticky-section-no e-con e-parent\" data-id=\"a8141d7\" data-element_type=\"container\">\n\t\t\t\t\t<div class=\"e-con-inner\">\n\t\t<div class=\"elementor-element elementor-element-9eb1ae5 e-con-full e-flex wpr-particle-no wpr-jarallax-no wpr-parallax-no wpr-sticky-section-no e-con e-child\" data-id=\"9eb1ae5\" data-element_type=\"container\">\n\t\t\t\t<div class=\"elementor-element elementor-element-390dafc elementor-invisible elementor-widget elementor-widget-button\" data-id=\"390dafc\" data-element_type=\"widget\" data-settings=\"{&quot;_animation&quot;:&quot;fadeInUp&quot;}\" data-widget_type=\"button.default\">\n\t\t\t\t<div class=\"elementor-widget-container\">\n\t\t\t\t\t<div class=\"elementor-button-wrapper\">\n\t\t\t<a class=\"elementor-button elementor-button-link elementor-size-sm\" href=\"https:\/\/matchmaking.qualitymade.eu\/qualitymade\/login.htm\" target=\"_blank\">\n\t\t\t\t\t\t<span class=\"elementor-button-content-wrapper\">\n\t\t\t\t\t\t<span class=\"elementor-button-icon\">\n\t\t\t\t<svg aria-hidden=\"true\" class=\"e-font-icon-svg e-fas-hand-point-right\" viewbox=\"0 0 512 512\" xmlns=\"http:\/\/www.w3.org\/2000\/svg\"><path d=\"M512 199.652c0 23.625-20.65 43.826-44.8 43.826h-99.851c16.34 17.048 18.346 49.766-6.299 70.944 14.288 22.829 2.147 53.017-16.45 62.315C353.574 425.878 322.654 448 272 448c-2.746 0-13.276-.203-16-.195-61.971.168-76.894-31.065-123.731-38.315C120.596 407.683 112 397.599 112 385.786V214.261l.002-.001c.011-18.366 10.607-35.889 28.464-43.845 28.886-12.994 95.413-49.038 107.534-77.323 7.797-18.194 21.384-29.084 40-29.092 34.222-.014 57.752 35.098 44.119 66.908-3.583 8.359-8.312 16.67-14.153 24.918H467.2c23.45 0 44.8 20.543 44.8 43.826zM96 200v192c0 13.255-10.745 24-24 24H24c-13.255 0-24-10.745-24-24V200c0-13.255 10.745-24 24-24h48c13.255 0 24 10.745 24 24zM68 368c0-11.046-8.954-20-20-20s-20 8.954-20 20 8.954 20 20 20 20-8.954 20-20z\"><\/path><\/svg>\t\t\t<\/span>\n\t\t\t\t\t\t\t\t\t<span class=\"elementor-button-text\">Acc\u00e9dez \/ Inscrivez-vous \u00e0 la plateforme de match-making<\/span>\n\t\t\t\t\t<\/span>\n\t\t\t\t\t<\/a>\n\t\t<\/div>\n\t\t\t\t<\/div>\n\t\t\t\t<\/div>\n\t\t\t\t<div class=\"elementor-element elementor-element-0fba2ac elementor-invisible elementor-widget elementor-widget-heading\" data-id=\"0fba2ac\" data-element_type=\"widget\" data-settings=\"{&quot;_animation&quot;:&quot;fadeInLeft&quot;}\" data-widget_type=\"heading.default\">\n\t\t\t\t<div class=\"elementor-widget-container\">\n\t\t\t<h2 class=\"elementor-heading-title elementor-size-default\"><span><b>Quality Made et Match-making<\/span><\/h2>\t\t<\/div>\n\t\t\t\t<\/div>\n\t\t\t\t<div class=\"elementor-element elementor-element-59aa487 elementor-invisible elementor-widget elementor-widget-image\" data-id=\"59aa487\" data-element_type=\"widget\" data-settings=\"{&quot;_animation&quot;:&quot;fadeInUp&quot;}\" data-widget_type=\"image.default\">\n\t\t\t\t<div class=\"elementor-widget-container\">\n\t\t\t\t\t\t\t\t\t\t\t\t\t<img fetchpriority=\"high\" decoding=\"async\" width=\"480\" height=\"106\" src=\"https:\/\/www.qualitymade.eu\/wp-content\/uploads\/2025\/11\/intereg_qmexport.jpg\" class=\"attachment-large size-large wp-image-9735\" alt=\"\" srcset=\"https:\/\/www.qualitymade.eu\/wp-content\/uploads\/2025\/11\/intereg_qmexport.jpg 480w, https:\/\/www.qualitymade.eu\/wp-content\/uploads\/2025\/11\/intereg_qmexport-300x66.jpg 300w\" sizes=\"(max-width: 480px) 100vw, 480px\" \/>\t\t\t\t\t\t\t\t\t\t\t\t\t<\/div>\n\t\t\t\t<\/div>\n\t\t\t\t<div class=\"elementor-element elementor-element-48c2575 elementor-widget elementor-widget-heading\" data-id=\"48c2575\" data-element_type=\"widget\" data-widget_type=\"heading.default\">\n\t\t\t\t<div class=\"elementor-widget-container\">\n\t\t\t<h2 class=\"elementor-heading-title elementor-size-default\"><span>Trouvez le bon partenaire pour d\u00e9velopper votre activit\u00e9 touristique<\/span><\/h2>\t\t<\/div>\n\t\t\t\t<\/div>\n\t\t\t\t<div class=\"elementor-element elementor-element-d1098d4 elementor-widget elementor-widget-heading\" data-id=\"d1098d4\" data-element_type=\"widget\" data-widget_type=\"heading.default\">\n\t\t\t\t<div class=\"elementor-widget-container\">\n\t\t\t<p class=\"elementor-heading-title elementor-size-default\"><b>QMM <\/b>est la plateforme qui met en relation des entreprises compatibles pour des collaborations, des projets partag\u00e9s et de nouvelles opportunit\u00e9s d'affaires. Un syst\u00e8me intelligent con\u00e7u pour ceux qui veulent innover dans le tourisme.<\/p>\t\t<\/div>\n\t\t\t\t<\/div>\n\t\t\t\t<\/div>\n\t\t<div class=\"elementor-element elementor-element-ffa30e3 e-con-full e-flex wpr-particle-no wpr-jarallax-no wpr-parallax-no wpr-sticky-section-no e-con e-child\" data-id=\"ffa30e3\" data-element_type=\"container\">\n\t\t\t\t<div class=\"elementor-element elementor-element-ba9933c elementor-widget__width-initial elementor-invisible elementor-widget elementor-widget-text-editor\" data-id=\"ba9933c\" data-element_type=\"widget\" data-settings=\"{&quot;_animation&quot;:&quot;fadeIn&quot;}\" data-widget_type=\"text-editor.default\">\n\t\t\t\t<div class=\"elementor-widget-container\">\n\t\t\t\t\t\t\t<h4 style=\"text-align: center;\">Qu'est-ce que l'appariement \u00e0 l'exportation QM ?<\/h4><p><b>QMM <\/b>est une plateforme num\u00e9rique de <b>L'appariement B2B<\/b> d\u00e9di\u00e9 aux entreprises touristiques qui font partie de la marque Quality Made.<br \/>Gr\u00e2ce \u00e0 un syst\u00e8me de profilage avanc\u00e9, il vous aide \u00e0 trouver des entreprises partageant les m\u00eames id\u00e9es pour entamer des collaborations, partager des services, cr\u00e9er des exp\u00e9riences int\u00e9gr\u00e9es et se d\u00e9velopper ensemble.<br \/><b>Il s'agit d'une agence num\u00e9rique pour les entreprises<\/b>vous entrez votre profil, elle vous propose des partenaires id\u00e9aux.<\/p>\t\t\t\t\t\t<\/div>\n\t\t\t\t<\/div>\n\t\t\t\t<div class=\"elementor-element elementor-element-dff4c9f elementor-widget__width-initial elementor-invisible elementor-widget elementor-widget-text-editor\" data-id=\"dff4c9f\" data-element_type=\"widget\" data-settings=\"{&quot;_animation&quot;:&quot;fadeIn&quot;}\" data-widget_type=\"text-editor.default\">\n\t\t\t\t<div class=\"elementor-widget-container\">\n\t\t\t\t\t\t\t<h4 style=\"text-align: center;\"><span style=\"text-align: left;\">Comment cela fonctionne-t-il ?<\/span><\/h4><p align=\"JUSTIFY\"><b>Le processus est simple et guid\u00e9 :<\/b><\/p>\t\t\t\t\t\t<\/div>\n\t\t\t\t<\/div>\n\t\t\t\t<div class=\"elementor-element elementor-element-bbc4f76 elementor-icon-list--layout-traditional elementor-list-item-link-full_width elementor-invisible elementor-widget elementor-widget-icon-list\" data-id=\"bbc4f76\" data-element_type=\"widget\" data-settings=\"{&quot;_animation&quot;:&quot;fadeIn&quot;}\" data-widget_type=\"icon-list.default\">\n\t\t\t\t<div class=\"elementor-widget-container\">\n\t\t\t\t\t<ul class=\"elementor-icon-list-items\">\n\t\t\t\t\t\t\t<li class=\"elementor-icon-list-item\">\n\t\t\t\t\t\t\t\t\t\t\t<span class=\"elementor-icon-list-icon\">\n\t\t\t\t\t\t\t<i aria-hidden=\"true\" class=\"huge huge-tick-04\"><\/i>\t\t\t\t\t\t<\/span>\n\t\t\t\t\t\t\t\t\t\t<span class=\"elementor-icon-list-text\">Cr\u00e9ez votre profil d'entreprise avec des informations d\u00e9taill\u00e9es<\/span>\n\t\t\t\t\t\t\t\t\t<\/li>\n\t\t\t\t\t\t\t\t<li class=\"elementor-icon-list-item\">\n\t\t\t\t\t\t\t\t\t\t\t<span class=\"elementor-icon-list-icon\">\n\t\t\t\t\t\t\t<i aria-hidden=\"true\" class=\"huge huge-tick-04\"><\/i>\t\t\t\t\t\t<\/span>\n\t\t\t\t\t\t\t\t\t\t<span class=\"elementor-icon-list-text\">D\u00e9finissez vos crit\u00e8res de recherche : secteurs, march\u00e9s, langues, services, certifications<\/span>\n\t\t\t\t\t\t\t\t\t<\/li>\n\t\t\t\t\t\t\t\t<li class=\"elementor-icon-list-item\">\n\t\t\t\t\t\t\t\t\t\t\t<span class=\"elementor-icon-list-icon\">\n\t\t\t\t\t\t\t<i aria-hidden=\"true\" class=\"huge huge-tick-04\"><\/i>\t\t\t\t\t\t<\/span>\n\t\t\t\t\t\t\t\t\t\t<span class=\"elementor-icon-list-text\">D\u00e9couvrez les entreprises les plus similaires gr\u00e2ce au syst\u00e8me intelligent de mise en relation<\/span>\n\t\t\t\t\t\t\t\t\t<\/li>\n\t\t\t\t\t\t\t\t<li class=\"elementor-icon-list-item\">\n\t\t\t\t\t\t\t\t\t\t\t<span class=\"elementor-icon-list-icon\">\n\t\t\t\t\t\t\t<i aria-hidden=\"true\" class=\"huge huge-tick-04\"><\/i>\t\t\t\t\t\t<\/span>\n\t\t\t\t\t\t\t\t\t\t<span class=\"elementor-icon-list-text\">Contactez-les directement et cr\u00e9ez de nouveaux partenariats<\/span>\n\t\t\t\t\t\t\t\t\t<\/li>\n\t\t\t\t\t\t<\/ul>\n\t\t\t\t<\/div>\n\t\t\t\t<\/div>\n\t\t\t\t<div class=\"elementor-element elementor-element-8517a5a elementor-widget__width-initial elementor-invisible elementor-widget elementor-widget-text-editor\" data-id=\"8517a5a\" data-element_type=\"widget\" data-settings=\"{&quot;_animation&quot;:&quot;fadeIn&quot;}\" data-widget_type=\"text-editor.default\">\n\t\t\t\t<div class=\"elementor-widget-container\">\n\t\t\t\t\t\t\t<p align=\"JUSTIFY\"><strong>Tout en quelques clics<\/strong>, avec la possibilit\u00e9 d'exporter les r\u00e9sultats et de visualiser les <strong>les entreprises sur une carte interactive<\/strong>.<\/p>\t\t\t\t\t\t<\/div>\n\t\t\t\t<\/div>\n\t\t<div class=\"elementor-element elementor-element-025d1a8 e-con-full e-flex wpr-particle-no wpr-jarallax-no wpr-parallax-no wpr-sticky-section-no e-con e-child\" data-id=\"025d1a8\" data-element_type=\"container\" data-settings=\"{&quot;background_background&quot;:&quot;classic&quot;}\">\n\t\t<div class=\"elementor-element elementor-element-c063652 e-grid e-con-full wpr-particle-no wpr-jarallax-no wpr-parallax-no wpr-sticky-section-no e-con e-child\" data-id=\"c063652\" data-element_type=\"container\">\n\t\t\t\t<div class=\"elementor-element elementor-element-fb8bb28 elementor-widget__width-initial elementor-invisible elementor-widget elementor-widget-text-editor\" data-id=\"fb8bb28\" data-element_type=\"widget\" data-settings=\"{&quot;_animation&quot;:&quot;fadeIn&quot;}\" data-widget_type=\"text-editor.default\">\n\t\t\t\t<div class=\"elementor-widget-container\">\n\t\t\t\t\t\t\t<h4><span style=\"text-align: left;\">Avantages pour les entreprises<\/span><\/h4>\n<h4><b style=\" font-size: 18px; text-align: left;\">Avec QMExport, vous pouvez :<\/b><\/h4>\t\t\t\t\t\t<\/div>\n\t\t\t\t<\/div>\n\t\t\t\t<div class=\"elementor-element elementor-element-ff5af27 elementor-icon-list--layout-traditional elementor-list-item-link-full_width elementor-invisible elementor-widget elementor-widget-icon-list\" data-id=\"ff5af27\" data-element_type=\"widget\" data-settings=\"{&quot;_animation&quot;:&quot;fadeIn&quot;}\" data-widget_type=\"icon-list.default\">\n\t\t\t\t<div class=\"elementor-widget-container\">\n\t\t\t\t\t<ul class=\"elementor-icon-list-items\">\n\t\t\t\t\t\t\t<li class=\"elementor-icon-list-item\">\n\t\t\t\t\t\t\t\t\t\t\t<span class=\"elementor-icon-list-icon\">\n\t\t\t\t\t\t\t<i aria-hidden=\"true\" class=\"huge huge-checkmark-circle-01\"><\/i>\t\t\t\t\t\t<\/span>\n\t\t\t\t\t\t\t\t\t\t<span class=\"elementor-icon-list-text\">Gagner du temps dans la recherche de partenaires commerciaux<\/span>\n\t\t\t\t\t\t\t\t\t<\/li>\n\t\t\t\t\t\t\t\t<li class=\"elementor-icon-list-item\">\n\t\t\t\t\t\t\t\t\t\t\t<span class=\"elementor-icon-list-icon\">\n\t\t\t\t\t\t\t<i aria-hidden=\"true\" class=\"huge huge-checkmark-circle-01\"><\/i>\t\t\t\t\t\t<\/span>\n\t\t\t\t\t\t\t\t\t\t<span class=\"elementor-icon-list-text\">Acc\u00e8s \u00e0 un r\u00e9seau qualifi\u00e9 d'entreprises touristiques<\/span>\n\t\t\t\t\t\t\t\t\t<\/li>\n\t\t\t\t\t\t\t\t<li class=\"elementor-icon-list-item\">\n\t\t\t\t\t\t\t\t\t\t\t<span class=\"elementor-icon-list-icon\">\n\t\t\t\t\t\t\t<i aria-hidden=\"true\" class=\"huge huge-checkmark-circle-01\"><\/i>\t\t\t\t\t\t<\/span>\n\t\t\t\t\t\t\t\t\t\t<span class=\"elementor-icon-list-text\">Personnalisez votre recherche avec des crit\u00e8res avanc\u00e9s<\/span>\n\t\t\t\t\t\t\t\t\t<\/li>\n\t\t\t\t\t\t\t\t<li class=\"elementor-icon-list-item\">\n\t\t\t\t\t\t\t\t\t\t\t<span class=\"elementor-icon-list-icon\">\n\t\t\t\t\t\t\t<i aria-hidden=\"true\" class=\"huge huge-checkmark-circle-01\"><\/i>\t\t\t\t\t\t<\/span>\n\t\t\t\t\t\t\t\t\t\t<span class=\"elementor-icon-list-text\">Exporter les r\u00e9sultats et contacter directement les entreprises<\/span>\n\t\t\t\t\t\t\t\t\t<\/li>\n\t\t\t\t\t\t\t\t<li class=\"elementor-icon-list-item\">\n\t\t\t\t\t\t\t\t\t\t\t<span class=\"elementor-icon-list-icon\">\n\t\t\t\t\t\t\t<i aria-hidden=\"true\" class=\"huge huge-checkmark-circle-01\"><\/i>\t\t\t\t\t\t<\/span>\n\t\t\t\t\t\t\t\t\t\t<span class=\"elementor-icon-list-text\">Augmentez votre visibilit\u00e9 dans le r\u00e9seau Quality Made<\/span>\n\t\t\t\t\t\t\t\t\t<\/li>\n\t\t\t\t\t\t\t\t<li class=\"elementor-icon-list-item\">\n\t\t\t\t\t\t\t\t\t\t\t<span class=\"elementor-icon-list-icon\">\n\t\t\t\t\t\t\t<i aria-hidden=\"true\" class=\"huge huge-checkmark-circle-01\"><\/i>\t\t\t\t\t\t<\/span>\n\t\t\t\t\t\t\t\t\t\t<span class=\"elementor-icon-list-text\">Cro\u00eetre gr\u00e2ce \u00e0 l'innovation collaborative<\/span>\n\t\t\t\t\t\t\t\t\t<\/li>\n\t\t\t\t\t\t<\/ul>\n\t\t\t\t<\/div>\n\t\t\t\t<\/div>\n\t\t\t\t<\/div>\n\t\t\t\t<\/div>\n\t\t\t\t<div class=\"elementor-element elementor-element-41ebffe elementor-invisible elementor-widget elementor-widget-image\" data-id=\"41ebffe\" data-element_type=\"widget\" data-settings=\"{&quot;_animation&quot;:&quot;fadeIn&quot;}\" data-widget_type=\"image.default\">\n\t\t\t\t<div class=\"elementor-widget-container\">\n\t\t\t\t\t\t\t\t\t\t\t\t\t<img decoding=\"async\" width=\"1722\" height=\"645\" src=\"https:\/\/www.qualitymade.eu\/wp-content\/uploads\/2026\/03\/image_FR.png\" class=\"attachment-full size-full wp-image-9753\" alt=\"\" srcset=\"https:\/\/www.qualitymade.eu\/wp-content\/uploads\/2026\/03\/image_FR.png 1767w, https:\/\/www.qualitymade.eu\/wp-content\/uploads\/2026\/03\/image_FR-300x108.png 300w, https:\/\/www.qualitymade.eu\/wp-content\/uploads\/2026\/03\/image_FR-1024x368.png 1024w, https:\/\/www.qualitymade.eu\/wp-content\/uploads\/2026\/03\/image_FR-768x276.png 768w, https:\/\/www.qualitymade.eu\/wp-content\/uploads\/2026\/03\/image_FR-1536x552.png 1536w, https:\/\/www.qualitymade.eu\/wp-content\/uploads\/2026\/03\/image_FR-18x6.png 18w, https:\/\/www.qualitymade.eu\/wp-content\/uploads\/2026\/03\/image_FR-600x216.png 600w\" sizes=\"(max-width: 1722px) 100vw, 1722px\" \/>\t\t\t\t\t\t\t\t\t\t\t\t\t<\/div>\n\t\t\t\t<\/div>\n\t\t\t\t<div class=\"elementor-element elementor-element-15bc071 elementor-widget elementor-widget-text-editor\" data-id=\"15bc071\" data-element_type=\"widget\" data-widget_type=\"text-editor.default\">\n\t\t\t\t<div class=\"elementor-widget-container\">\n\t\t\t\t\t\t\t<p style=\"text-align: center;\"><a href=\"https:\/\/www.qualitymade.eu\/wp-content\/uploads\/2026\/01\/QMexport_MatchMaking_250126.pdf\">QMexport_MatchMaking_250126<\/a><strong>QMExport vous offre les outils pour trouver des partenaires<\/strong>, partager des projets et innover dans le domaine du tourisme.<br \/>Inscrivez-vous gratuitement et commencez \u00e0 nouer de nouveaux partenariats d\u00e8s maintenant.<\/p>\t\t\t\t\t\t<\/div>\n\t\t\t\t<\/div>\n\t\t\t\t<div class=\"elementor-element elementor-element-3b6125d elementor-invisible elementor-widget elementor-widget-button\" data-id=\"3b6125d\" data-element_type=\"widget\" data-settings=\"{&quot;_animation&quot;:&quot;fadeInUp&quot;}\" data-widget_type=\"button.default\">\n\t\t\t\t<div class=\"elementor-widget-container\">\n\t\t\t\t\t<div class=\"elementor-button-wrapper\">\n\t\t\t<a class=\"elementor-button elementor-button-link elementor-size-sm\" href=\"https:\/\/matchmaking.qualitymade.eu\/qualitymade\/registration.htm\" target=\"_blank\">\n\t\t\t\t\t\t<span class=\"elementor-button-content-wrapper\">\n\t\t\t\t\t\t<span class=\"elementor-button-icon\">\n\t\t\t\t<svg aria-hidden=\"true\" class=\"e-font-icon-svg e-fas-hand-point-right\" viewbox=\"0 0 512 512\" xmlns=\"http:\/\/www.w3.org\/2000\/svg\"><path d=\"M512 199.652c0 23.625-20.65 43.826-44.8 43.826h-99.851c16.34 17.048 18.346 49.766-6.299 70.944 14.288 22.829 2.147 53.017-16.45 62.315C353.574 425.878 322.654 448 272 448c-2.746 0-13.276-.203-16-.195-61.971.168-76.894-31.065-123.731-38.315C120.596 407.683 112 397.599 112 385.786V214.261l.002-.001c.011-18.366 10.607-35.889 28.464-43.845 28.886-12.994 95.413-49.038 107.534-77.323 7.797-18.194 21.384-29.084 40-29.092 34.222-.014 57.752 35.098 44.119 66.908-3.583 8.359-8.312 16.67-14.153 24.918H467.2c23.45 0 44.8 20.543 44.8 43.826zM96 200v192c0 13.255-10.745 24-24 24H24c-13.255 0-24-10.745-24-24V200c0-13.255 10.745-24 24-24h48c13.255 0 24 10.745 24 24zM68 368c0-11.046-8.954-20-20-20s-20 8.954-20 20 8.954 20 20 20 20-8.954 20-20z\"><\/path><\/svg>\t\t\t<\/span>\n\t\t\t\t\t\t\t\t\t<span class=\"elementor-button-text\">S'inscrire<\/span>\n\t\t\t\t\t<\/span>\n\t\t\t\t\t<\/a>\n\t\t<\/div>\n\t\t\t\t<\/div>\n\t\t\t\t<\/div>\n\t\t\t\t<div class=\"elementor-element elementor-element-d7a9c9d elementor-invisible elementor-widget elementor-widget-text-editor\" data-id=\"d7a9c9d\" data-element_type=\"widget\" data-settings=\"{&quot;_animation&quot;:&quot;fadeInUp&quot;}\" data-widget_type=\"text-editor.default\">\n\t\t\t\t<div class=\"elementor-widget-container\">\n\t\t\t\t\t\t\t<p style=\"text-align: center;\"><strong>C'est simple, rapide et gratuit<\/strong><\/p>\t\t\t\t\t\t<\/div>\n\t\t\t\t<\/div>\n\t\t\t\t<div class=\"elementor-element elementor-element-2b0fd99 elementor-invisible elementor-widget elementor-widget-button\" data-id=\"2b0fd99\" data-element_type=\"widget\" data-settings=\"{&quot;_animation&quot;:&quot;fadeInUp&quot;}\" data-widget_type=\"button.default\">\n\t\t\t\t<div class=\"elementor-widget-container\">\n\t\t\t\t\t<div class=\"elementor-button-wrapper\">\n\t\t\t<a class=\"elementor-button elementor-button-link elementor-size-sm\" href=\"https:\/\/www.qualitymade.eu\/wp-content\/uploads\/2026\/01\/QMexport_MatchMaking_260126_FR.pdf\">\n\t\t\t\t\t\t<span class=\"elementor-button-content-wrapper\">\n\t\t\t\t\t\t<span class=\"elementor-button-icon\">\n\t\t\t\t<svg aria-hidden=\"true\" class=\"e-font-icon-svg e-fas-download\" viewbox=\"0 0 512 512\" xmlns=\"http:\/\/www.w3.org\/2000\/svg\"><path d=\"M216 0h80c13.3 0 24 10.7 24 24v168h87.7c17.8 0 26.7 21.5 14.1 34.1L269.7 378.3c-7.5 7.5-19.8 7.5-27.3 0L90.1 226.1c-12.6-12.6-3.7-34.1 14.1-34.1H192V24c0-13.3 10.7-24 24-24zm296 376v112c0 13.3-10.7 24-24 24H24c-13.3 0-24-10.7-24-24V376c0-13.3 10.7-24 24-24h146.7l49 49c20.1 20.1 52.5 20.1 72.6 0l49-49H488c13.3 0 24 10.7 24 24zm-124 88c0-11-9-20-20-20s-20 9-20 20 9 20 20 20 20-9 20-20zm64 0c0-11-9-20-20-20s-20 9-20 20 9 20 20 20 20-9 20-20z\"><\/path><\/svg>\t\t\t<\/span>\n\t\t\t\t\t\t\t\t\t<span class=\"elementor-button-text\">T\u00e9l\u00e9charger la pr\u00e9sentation<\/span>\n\t\t\t\t\t<\/span>\n\t\t\t\t\t<\/a>\n\t\t<\/div>\n\t\t\t\t<\/div>\n\t\t\t\t<\/div>\n\t\t\t\t<\/div>\n\t\t\t\t\t<\/div>\n\t\t\t\t<\/div>\n\t\t\t\t<\/div>","protected":false},"excerpt":{"rendered":"<p>Accedi\/Registrati alla piattaforma di Match-Making Quality Made e Match-making Trova il partner giusto per far crescere la tua impresa turistica QMM \u00e8 la piattaforma che connette aziende compatibili per collaborazioni, progetti condivisi e nuove opportunit\u00e0 di business. Un sistema intelligente, pensato per chi vuole innovare nel turismo. Cos\u2019\u00e8 QM Export Match-making QMM \u00e8 una piattaforma digitale di Match-Making B2B dedicata alle imprese turistiche che fanno parte del marchio Quality Made.Attraverso un sistema di profilazione avanzata ti aiuta a trovare aziende affini per avviare collaborazioni, condividere servizi, creare esperienze integrate e crescere insieme.\u00c8 come un\u2019agenzia digitale per imprese: tu inserisci il tuo profilo, lei ti suggerisce i partner ideali. Come Funziona? Il processo \u00e8 semplice e guidato: Crea il profilo della tua azienda con informazioni dettagliate Imposta i tuoi criteri di ricerca: settori, mercati, lingue, servizi, certificazioni Scopri le aziende pi\u00f9 affini grazie al sistema di match-making intelligente Contattale direttamente e avvia nuove collaborazioni Tutto in pochi clic, con la possibilit\u00e0 di esportare i risultati e visualizzare le aziende su una mappa interattiva. Vantaggi per le imprese Con QMExport puoi: Risparmiare tempo nella ricerca di partner commerciali Accedere a una rete qualificata di aziende turistiche Personalizzare la tua ricerca con criteri avanzati Esportare i risultati e contattare direttamente le aziende Aumentare la tua visibilit\u00e0 nel network Quality Made Crescere attraverso l\u2019innovazione collaborativa QMexport_MatchMaking_250126QMExport ti offre gli strumenti per trovare partner, condividere progetti e innovare nel turismo.Registrati gratuitamente e inizia subito a costruire nuove collaborazioni. Registrati Ora \u00c8 semplice, veloce e gratuito Scarica la presentazione<\/p>","protected":false},"author":1,"featured_media":0,"parent":0,"menu_order":0,"comment_status":"closed","ping_status":"closed","template":"","meta":{"footnotes":""},"class_list":["post-9733","page","type-page","status-publish","hentry"],"_links":{"self":[{"href":"https:\/\/www.qualitymade.eu\/fr\/wp-json\/wp\/v2\/pages\/9733","targetHints":{"allow":["GET"]}}],"collection":[{"href":"https:\/\/www.qualitymade.eu\/fr\/wp-json\/wp\/v2\/pages"}],"about":[{"href":"https:\/\/www.qualitymade.eu\/fr\/wp-json\/wp\/v2\/types\/page"}],"author":[{"embeddable":true,"href":"https:\/\/www.qualitymade.eu\/fr\/wp-json\/wp\/v2\/users\/1"}],"replies":[{"embeddable":true,"href":"https:\/\/www.qualitymade.eu\/fr\/wp-json\/wp\/v2\/comments?post=9733"}],"version-history":[{"count":55,"href":"https:\/\/www.qualitymade.eu\/fr\/wp-json\/wp\/v2\/pages\/9733\/revisions"}],"predecessor-version":[{"id":11449,"href":"https:\/\/www.qualitymade.eu\/fr\/wp-json\/wp\/v2\/pages\/9733\/revisions\/11449"}],"wp:attachment":[{"href":"https:\/\/www.qualitymade.eu\/fr\/wp-json\/wp\/v2\/media?parent=9733"}],"curies":[{"name":"wp","href":"https:\/\/api.w.org\/{rel}","templated":true}]}}