{"id":1148,"date":"2022-04-11T00:00:00","date_gmt":"2022-04-11T00:00:00","guid":{"rendered":"https:\/\/dev.qualitymade.eu\/?post_type=product&#038;p=1148"},"modified":"2025-02-01T16:54:39","modified_gmt":"2025-02-01T16:54:39","slug":"a-tutto-sport-in-valle-argentina","status":"publish","type":"product","link":"https:\/\/www.qualitymade.eu\/fr\/produit\/a-tutto-sport-in-valle-argentina\/","title":{"rendered":"Tous les sports dans la vall\u00e9e de l'Argentine"},"content":{"rendered":"<p>[vc_row type=&#8221;full_width_background&#8221; full_screen_row_position=&#8221;middle&#8221; column_margin=&#8221;default&#8221; column_direction=&#8221;default&#8221; column_direction_tablet=&#8221;default&#8221; column_direction_phone=&#8221;default&#8221; bg_image=&#8221;72&#8243; bg_position=&#8221;center center&#8221; background_image_loading=&#8221;lazy-load&#8221; bg_repeat=&#8221;no-repeat&#8221; scene_position=&#8221;center&#8221; top_padding=&#8221;6%&#8221; bottom_padding=&#8221;6%&#8221; text_color=&#8221;dark&#8221; text_align=&#8221;left&#8221; row_border_radius=&#8221;none&#8221; row_border_radius_applies=&#8221;bg&#8221; overflow=&#8221;visible&#8221; id=&#8221;dettagli&#8221; advanced_gradient=&#8221;linear-gradient(320deg, rgba(130,193,194,0.4) 14%, rgba(130, 193, 194, 0.2) 79%)&#8221; advanced_gradient_angle=&#8221;320&#8243; shape_divider_position=&#8221;bottom&#8221; bg_image_animation=&#8221;none&#8221; shape_type=&#8221;&#8221; gradient_type=&#8221;advanced&#8221; advanced_gradient_display_type=&#8221;linear&#8221;][vc_column column_padding=&#8221;no-extra-padding&#8221; column_padding_tablet=&#8221;inherit&#8221; column_padding_phone=&#8221;inherit&#8221; column_padding_position=&#8221;all&#8221; column_element_spacing=&#8221;default&#8221; background_color_opacity=&#8221;1&#8243; background_hover_color_opacity=&#8221;1&#8243; column_shadow=&#8221;none&#8221; column_border_radius=&#8221;none&#8221; column_link_target=&#8221;_self&#8221; column_position=&#8221;default&#8221; gradient_direction=&#8221;left_to_right&#8221; overlay_strength=&#8221;0.3&#8243; width=&#8221;1\/1&#8243; tablet_width_inherit=&#8221;default&#8221; tablet_text_alignment=&#8221;default&#8221; phone_text_alignment=&#8221;default&#8221; animation_type=&#8221;default&#8221; bg_image_animation=&#8221;none&#8221; border_type=&#8221;simple&#8221; column_border_width=&#8221;none&#8221; column_border_style=&#8221;solid&#8221;][tabbed_section style=&#8221;vertical_scrolling&#8221; tab_color=&#8221;extra-color-gradient-1&#8243; vs_navigation_func=&#8221;active_link_only&#8221; vs_navigation_width=&#8221;regular&#8221; vs_tab_spacing=&#8221;20%&#8221; vs_tab_tag=&#8221;h5&#8243; vs_cta_style=&#8221;see-through&#8221; vs_cta_bg_color=&#8221;default&#8221; vs_cta_heading_tag=&#8221;h6&#8243; vs_sticky_aspect=&#8221;default&#8221; vs_font_size=&#8221;28px&#8221;][tab icon_family=&#8221;none&#8221; title=&#8221;Itinerario&#8221; id=&#8221;1649668055448-4&#8243; sub_desc=&#8221;Percorsi, indicazioni e suggestioni.&#8221; tab_id=&#8221;1649668055448-10&#8243;][vc_row_inner column_margin=&#8221;none&#8221; column_direction=&#8221;default&#8221; column_direction_tablet=&#8221;default&#8221; column_direction_phone=&#8221;default&#8221; text_align=&#8221;left&#8221; row_position=&#8221;default&#8221; row_position_tablet=&#8221;inherit&#8221; row_position_phone=&#8221;inherit&#8221; overflow=&#8221;visible&#8221; pointer_events=&#8221;all&#8221;][vc_column_inner column_padding=&#8221;no-extra-padding&#8221; column_padding_tablet=&#8221;inherit&#8221; column_padding_phone=&#8221;inherit&#8221; column_padding_position=&#8221;all&#8221; column_element_spacing=&#8221;default&#8221; background_color_opacity=&#8221;1&#8243; background_hover_color_opacity=&#8221;1&#8243; column_shadow=&#8221;none&#8221; column_border_radius=&#8221;none&#8221; column_link_target=&#8221;_self&#8221; gradient_direction=&#8221;left_to_right&#8221; overlay_strength=&#8221;0.3&#8243; width=&#8221;1\/1&#8243; tablet_width_inherit=&#8221;default&#8221; animation_type=&#8221;default&#8221; bg_image_animation=&#8221;none&#8221; border_type=&#8221;simple&#8221; column_border_width=&#8221;none&#8221; column_border_style=&#8221;solid&#8221;][vc_custom_heading text=&#8221;3 giorni a tutto sport, nella splendida Valle Argentina.&#8221; font_container=&#8221;tag:h2|font_size:30|text_align:left|line_height:40px&#8221; use_theme_fonts=&#8221;yes&#8221; css=&#8221;.vc_custom_1649668819565&#8243;][vc_column_text]3 fantastici giorni, con tre differenti sport da fare:<br \/>\nun trekking, un percorso in e-bike e un\u2019esperienza di canyoning.<\/p>\n<p>Il tutto nella meravigliosa cornice della <em>Vall\u00e9e de l'Argentine <\/em>perla delle alpi liguri.[\/vc_column_text][divider line_type=&#8221;Full Width Line&#8221; line_thickness=&#8221;1&#8243; divider_color=&#8221;extra-color-gradient-2&#8243; animate=&#8221;yes&#8221; delay=&#8221;150&#8243;][\/vc_column_inner][\/vc_row_inner][\/tab][tab icon_family=&#8221;none&#8221; title=&#8221;Giorno 1&#8243; id=&#8221;1649668055524-5&#8243; sub_desc=&#8221;TREKKING &#8211; CIMA MARTA&#8221; tab_id=&#8221;1649668055525-6&#8243;][vc_row_inner content_placement=&#8221;top&#8221; column_margin=&#8221;none&#8221; column_direction=&#8221;default&#8221; column_direction_tablet=&#8221;default&#8221; column_direction_phone=&#8221;default&#8221; text_align=&#8221;left&#8221; row_position=&#8221;default&#8221; row_position_tablet=&#8221;inherit&#8221; row_position_phone=&#8221;inherit&#8221; overflow=&#8221;visible&#8221; pointer_events=&#8221;all&#8221;][vc_column_inner column_padding=&#8221;no-extra-padding&#8221; column_padding_tablet=&#8221;inherit&#8221; column_padding_phone=&#8221;inherit&#8221; column_padding_position=&#8221;all&#8221; column_element_spacing=&#8221;default&#8221; background_color_opacity=&#8221;1&#8243; background_hover_color_opacity=&#8221;1&#8243; column_shadow=&#8221;none&#8221; column_border_radius=&#8221;none&#8221; column_link_target=&#8221;_self&#8221; gradient_direction=&#8221;left_to_right&#8221; overlay_strength=&#8221;0.3&#8243; width=&#8221;1\/1&#8243; tablet_width_inherit=&#8221;default&#8221; animation_type=&#8221;default&#8221; bg_image_animation=&#8221;none&#8221; border_type=&#8221;simple&#8221; column_border_width=&#8221;none&#8221; column_border_style=&#8221;solid&#8221;][fancy-ul icon_type=&#8221;font_icon&#8221; icon=&#8221;icon-minus&#8221; color=&#8221;Accent-Color&#8221; alignment=&#8221;left&#8221; spacing=&#8221;default&#8221; enable_animation=&#8221;true&#8221;]<\/p>\n<ul>\n<li>Arriv\u00e9e en d\u00e9but d'apr\u00e8s-midi \u00e0 <strong><em>Caserne Cima Marta<\/em><\/strong>, \u00e0 2 000 m d'altitude, et le d\u00e9but de l'itin\u00e9raire circulaire (dur\u00e9e : environ 1 h + visite de la caserne, facile), qui vous permettra de d\u00e9couvrir les environs de l'h\u00f4tel de ville. <em>Le balcon de Marta<\/em>, fortemente caratterizzata dalla presenza di fortificazioni soprattutto risalenti al secondo conflitto mondiale, sulla dorsale spartiacque tra l&#8217;alta valle Argentina e la valle Roia.<\/li>\n<li>Ensuite, transfert en v\u00e9hicule priv\u00e9 vers <strong><em>Molini di Triora<\/em><\/strong>, d\u00eener dans un restaurant affili\u00e9 et nuit \u00e0 l'Affittacamere Atipico.<\/li>\n<\/ul>\n<p>[\/fancy-ul][divider line_type=&#8221;Full Width Line&#8221; line_thickness=&#8221;1&#8243; divider_color=&#8221;extra-color-gradient-2&#8243; animate=&#8221;yes&#8221; delay=&#8221;150&#8243;][\/vc_column_inner][\/vc_row_inner][\/tab][tab icon_family=&#8221;none&#8221; title=&#8221;Giorno 2&#8243; id=&#8221;1649668055561-3&#8243; sub_desc=&#8221;GIORNO 2: E-BIKE &#8211; TRIORA&#8221; tab_id=&#8221;1649668055561-0&#8243;][vc_row_inner content_placement=&#8221;top&#8221; column_margin=&#8221;none&#8221; column_direction=&#8221;default&#8221; column_direction_tablet=&#8221;default&#8221; column_direction_phone=&#8221;default&#8221; text_align=&#8221;left&#8221; row_position=&#8221;default&#8221; row_position_tablet=&#8221;inherit&#8221; row_position_phone=&#8221;inherit&#8221; overflow=&#8221;visible&#8221; pointer_events=&#8221;all&#8221;][vc_column_inner column_padding=&#8221;no-extra-padding&#8221; column_padding_tablet=&#8221;inherit&#8221; column_padding_phone=&#8221;inherit&#8221; column_padding_position=&#8221;all&#8221; column_element_spacing=&#8221;default&#8221; background_color_opacity=&#8221;1&#8243; background_hover_color_opacity=&#8221;1&#8243; column_shadow=&#8221;none&#8221; column_border_radius=&#8221;none&#8221; column_link_target=&#8221;_self&#8221; gradient_direction=&#8221;left_to_right&#8221; overlay_strength=&#8221;0.3&#8243; width=&#8221;1\/1&#8243; tablet_width_inherit=&#8221;default&#8221; animation_type=&#8221;default&#8221; bg_image_animation=&#8221;none&#8221; border_type=&#8221;simple&#8221; column_border_width=&#8221;none&#8221; column_border_style=&#8221;solid&#8221;][fancy-ul icon_type=&#8221;font_icon&#8221; icon=&#8221;icon-minus&#8221; color=&#8221;Accent-Color&#8221; alignment=&#8221;left&#8221; spacing=&#8221;default&#8221; enable_animation=&#8221;true&#8221;]<\/p>\n<ul>\n<li>Petit d\u00e9jeuner \u00e0 l'h\u00f4tel et d\u00e9part en e-bike pour une boucle panoramique au d\u00e9part de Molini di Triora (longueur : environ 20 km).<\/li>\n<li>Ensuite, d\u00e9jeuner typique dans un restaurant<\/li>\n<li>Apr\u00e8s-midi libre pour visiter le village caract\u00e9ristique de Triora, un beau hameau m\u00e9di\u00e9val, perch\u00e9 \u00e0 environ 800 m d'altitude et connu sous le nom de Terre des sorci\u00e8res en raison des proc\u00e8s de sorcellerie qui s'y sont d\u00e9roul\u00e9s dans la seconde moiti\u00e9 du XVIe si\u00e8cle. Promenade parmi les maisons du village, envelopp\u00e9e par le charme et le myst\u00e8re des l\u00e9gendes et des traditions ancestrales racont\u00e9es dans le mus\u00e9e de la ville.<\/li>\n<li>D\u00eener dans un restaurant affili\u00e9 et nuit\u00e9e.<\/li>\n<\/ul>\n<p>[\/fancy-ul][divider line_type=&#8221;Full Width Line&#8221; line_thickness=&#8221;1&#8243; divider_color=&#8221;extra-color-gradient-2&#8243; animate=&#8221;yes&#8221; delay=&#8221;150&#8243;][\/vc_column_inner][\/vc_row_inner][\/tab][tab icon_family=&#8221;none&#8221; title=&#8221;Giorno 3&#8243; id=&#8221;1649668055590-6&#8243; sub_desc=&#8221;GIORNO 3: CANYONING &#8211; VALLE ARGENTINA&#8221; tab_id=&#8221;1649668055591-10&#8243;][vc_row_inner content_placement=&#8221;top&#8221; column_margin=&#8221;none&#8221; column_direction=&#8221;default&#8221; column_direction_tablet=&#8221;default&#8221; column_direction_phone=&#8221;default&#8221; text_align=&#8221;left&#8221; row_position=&#8221;default&#8221; row_position_tablet=&#8221;inherit&#8221; row_position_phone=&#8221;inherit&#8221; overflow=&#8221;visible&#8221; pointer_events=&#8221;all&#8221;][vc_column_inner column_padding=&#8221;no-extra-padding&#8221; column_padding_tablet=&#8221;inherit&#8221; column_padding_phone=&#8221;inherit&#8221; column_padding_position=&#8221;all&#8221; column_element_spacing=&#8221;default&#8221; background_color_opacity=&#8221;1&#8243; background_hover_color_opacity=&#8221;1&#8243; column_shadow=&#8221;none&#8221; column_border_radius=&#8221;none&#8221; column_link_target=&#8221;_self&#8221; gradient_direction=&#8221;left_to_right&#8221; overlay_strength=&#8221;0.3&#8243; width=&#8221;1\/1&#8243; tablet_width_inherit=&#8221;default&#8221; animation_type=&#8221;default&#8221; bg_image_animation=&#8221;none&#8221; border_type=&#8221;simple&#8221; column_border_width=&#8221;none&#8221; column_border_style=&#8221;solid&#8221;][fancy-ul icon_type=&#8221;font_icon&#8221; icon=&#8221;icon-minus&#8221; color=&#8221;Accent-Color&#8221; alignment=&#8221;left&#8221; spacing=&#8221;default&#8221; enable_animation=&#8221;true&#8221;]<\/p>\n<ul>\n<li>Petit d\u00e9jeuner \u00e0 l'h\u00f4tel et transfert en v\u00e9hicule priv\u00e9 vers le point de d\u00e9part des canyons entre les <em>Rio Grognardo<\/em> et le <em>Rio Argentine<\/em>.<\/li>\n<li>Sar\u00e0 possibile lasciarsi andare lungo scivoli naturali formati dall&#8217;erosione dell&#8217;acqua e nuotare in mezzo a grandi pareti, immersi in un ambiente di straordinaria bellezza, in un\u2019acqua dalle mille sfumature di verde e azzurro.<\/li>\n<\/ul>\n<p>[\/fancy-ul][divider line_type=\u201dFull Width Line\u201d line_thickness=\u201d1\u2033 divider_colour=\u201dextra-colour-gradient-2\u2033 animate=\u201dyes\u201d delay=\u201d150\u2033][\/vc_column_inner][\/vc_row_inner][\/tab][\/tabbed_section][\/vc_column][\/vc_row][\/vc_column][\/vc_row]<\/p>","protected":false},"excerpt":{"rendered":"<p>3 fantastici giorni, con tre differenti sport da fare:<br \/>\nun trekking, un percorso in e-bike e un\u2019esperienza di canyoning.<\/p>\n<p><a href=\"#dettagli\">En savoir plus<\/a><\/p>\n<p>&nbsp;<\/p>","protected":false},"featured_media":7817,"comment_status":"closed","ping_status":"closed","template":"","meta":[],"product_brand":[],"product_cat":[751],"product_tag":[569,568,567,570,571],"berocket_brand":[],"class_list":{"0":"post-1148","1":"product","2":"type-product","3":"status-publish","4":"has-post-thumbnail","6":"product_cat-liguria-percorsi","7":"product_tag-canyoning","8":"product_tag-e-bike","9":"product_tag-liguria","10":"product_tag-trekking","11":"product_tag-valle-argentina","13":"first","14":"outofstock","15":"virtual","16":"product-type-simple"},"_links":{"self":[{"href":"https:\/\/www.qualitymade.eu\/fr\/wp-json\/wp\/v2\/product\/1148","targetHints":{"allow":["GET"]}}],"collection":[{"href":"https:\/\/www.qualitymade.eu\/fr\/wp-json\/wp\/v2\/product"}],"about":[{"href":"https:\/\/www.qualitymade.eu\/fr\/wp-json\/wp\/v2\/types\/product"}],"replies":[{"embeddable":true,"href":"https:\/\/www.qualitymade.eu\/fr\/wp-json\/wp\/v2\/comments?post=1148"}],"wp:featuredmedia":[{"embeddable":true,"href":"https:\/\/www.qualitymade.eu\/fr\/wp-json\/wp\/v2\/media\/7817"}],"wp:attachment":[{"href":"https:\/\/www.qualitymade.eu\/fr\/wp-json\/wp\/v2\/media?parent=1148"}],"wp:term":[{"taxonomy":"product_brand","embeddable":true,"href":"https:\/\/www.qualitymade.eu\/fr\/wp-json\/wp\/v2\/product_brand?post=1148"},{"taxonomy":"product_cat","embeddable":true,"href":"https:\/\/www.qualitymade.eu\/fr\/wp-json\/wp\/v2\/product_cat?post=1148"},{"taxonomy":"product_tag","embeddable":true,"href":"https:\/\/www.qualitymade.eu\/fr\/wp-json\/wp\/v2\/product_tag?post=1148"},{"taxonomy":"berocket_brand","embeddable":true,"href":"https:\/\/www.qualitymade.eu\/fr\/wp-json\/wp\/v2\/berocket_brand?post=1148"}],"curies":[{"name":"wp","href":"https:\/\/api.w.org\/{rel}","templated":true}]}}