{"id":1202,"date":"2022-04-11T00:00:00","date_gmt":"2022-04-11T00:00:00","guid":{"rendered":"https:\/\/dev.qualitymade.eu\/?post_type=product&#038;p=1202"},"modified":"2025-02-01T16:54:40","modified_gmt":"2025-02-01T16:54:40","slug":"arte-natura-e-gusto-nel-parco-del-beigua","status":"publish","type":"product","link":"https:\/\/www.qualitymade.eu\/fr\/produit\/arte-natura-e-gusto-nel-parco-del-beigua\/","title":{"rendered":"Art, nature et saveurs dans le parc de Beigua"},"content":{"rendered":"<p>[vc_row type=&#8221;full_width_background&#8221; full_screen_row_position=&#8221;middle&#8221; column_margin=&#8221;default&#8221; column_direction=&#8221;default&#8221; column_direction_tablet=&#8221;default&#8221; column_direction_phone=&#8221;default&#8221; bg_image=&#8221;72&#8243; bg_position=&#8221;center center&#8221; background_image_loading=&#8221;lazy-load&#8221; bg_repeat=&#8221;no-repeat&#8221; scene_position=&#8221;center&#8221; top_padding=&#8221;6%&#8221; bottom_padding=&#8221;6%&#8221; text_color=&#8221;dark&#8221; text_align=&#8221;left&#8221; row_border_radius=&#8221;none&#8221; row_border_radius_applies=&#8221;bg&#8221; overflow=&#8221;visible&#8221; id=&#8221;dettagli&#8221; advanced_gradient=&#8221;linear-gradient(320deg, rgba(130,193,194,0.4) 14%, rgba(130, 193, 194, 0.2) 79%)&#8221; advanced_gradient_angle=&#8221;320&#8243; shape_divider_position=&#8221;bottom&#8221; bg_image_animation=&#8221;none&#8221; shape_type=&#8221;&#8221; gradient_type=&#8221;advanced&#8221; advanced_gradient_display_type=&#8221;linear&#8221;][vc_column column_padding=&#8221;no-extra-padding&#8221; column_padding_tablet=&#8221;inherit&#8221; column_padding_phone=&#8221;inherit&#8221; column_padding_position=&#8221;all&#8221; column_element_spacing=&#8221;default&#8221; background_color_opacity=&#8221;1&#8243; background_hover_color_opacity=&#8221;1&#8243; column_shadow=&#8221;none&#8221; column_border_radius=&#8221;none&#8221; column_link_target=&#8221;_self&#8221; column_position=&#8221;default&#8221; gradient_direction=&#8221;left_to_right&#8221; overlay_strength=&#8221;0.3&#8243; width=&#8221;1\/1&#8243; tablet_width_inherit=&#8221;default&#8221; tablet_text_alignment=&#8221;default&#8221; phone_text_alignment=&#8221;default&#8221; animation_type=&#8221;default&#8221; bg_image_animation=&#8221;none&#8221; border_type=&#8221;simple&#8221; column_border_width=&#8221;none&#8221; column_border_style=&#8221;solid&#8221;][tabbed_section style=&#8221;vertical_scrolling&#8221; tab_color=&#8221;extra-color-gradient-1&#8243; vs_navigation_func=&#8221;active_link_only&#8221; vs_navigation_width=&#8221;regular&#8221; vs_tab_spacing=&#8221;20%&#8221; vs_tab_tag=&#8221;h5&#8243; vs_cta_style=&#8221;see-through&#8221; vs_cta_bg_color=&#8221;default&#8221; vs_cta_heading_tag=&#8221;h6&#8243; vs_sticky_aspect=&#8221;default&#8221; vs_font_size=&#8221;28px&#8221;][tab icon_family=&#8221;none&#8221; title=&#8221;Itinerario&#8221; id=&#8221;1649686517120-8&#8243; sub_desc=&#8221;Percorsi, indicazioni e suggestioni.&#8221; tab_id=&#8221;1649686517120-7&#8243;][vc_row_inner column_margin=&#8221;none&#8221; column_direction=&#8221;default&#8221; column_direction_tablet=&#8221;default&#8221; column_direction_phone=&#8221;default&#8221; text_align=&#8221;left&#8221; row_position=&#8221;default&#8221; row_position_tablet=&#8221;inherit&#8221; row_position_phone=&#8221;inherit&#8221; overflow=&#8221;visible&#8221; pointer_events=&#8221;all&#8221;][vc_column_inner column_padding=&#8221;no-extra-padding&#8221; column_padding_tablet=&#8221;inherit&#8221; column_padding_phone=&#8221;inherit&#8221; column_padding_position=&#8221;all&#8221; column_element_spacing=&#8221;default&#8221; background_color_opacity=&#8221;1&#8243; background_hover_color_opacity=&#8221;1&#8243; column_shadow=&#8221;none&#8221; column_border_radius=&#8221;none&#8221; column_link_target=&#8221;_self&#8221; gradient_direction=&#8221;left_to_right&#8221; overlay_strength=&#8221;0.3&#8243; width=&#8221;1\/1&#8243; tablet_width_inherit=&#8221;default&#8221; animation_type=&#8221;default&#8221; bg_image_animation=&#8221;none&#8221; border_type=&#8221;simple&#8221; column_border_width=&#8221;none&#8221; column_border_style=&#8221;solid&#8221;][vc_custom_heading text=&#8221;Il parco del Beigua e i suoi borghi meravigliosi.&#8221; font_container=&#8221;tag:h2|font_size:30|text_align:left|line_height:40px&#8221; use_theme_fonts=&#8221;yes&#8221; css=&#8221;.vc_custom_1649686544202&#8243;][vc_column_text]La splendida cornice del Parco del Beigua (UNESCO Global Geopark), fa da cornice ad un percorso in tre dei pi\u00f9 bei borghi del suo territorio.[\/vc_column_text][divider line_type=&#8221;Full Width Line&#8221; line_thickness=&#8221;1&#8243; divider_color=&#8221;extra-color-gradient-2&#8243; animate=&#8221;yes&#8221; delay=&#8221;150&#8243;][\/vc_column_inner][\/vc_row_inner][\/tab][tab icon_family=&#8221;none&#8221; title=&#8221;Giorno 1&#8243; id=&#8221;1649686517188-10&#8243; sub_desc=&#8221;TIGLIETO &#8211; SASSELLO&#8221; tab_id=&#8221;1649686517188-10&#8243;][vc_row_inner content_placement=&#8221;top&#8221; column_margin=&#8221;none&#8221; column_direction=&#8221;default&#8221; column_direction_tablet=&#8221;default&#8221; column_direction_phone=&#8221;default&#8221; text_align=&#8221;left&#8221; row_position=&#8221;default&#8221; row_position_tablet=&#8221;inherit&#8221; row_position_phone=&#8221;inherit&#8221; overflow=&#8221;visible&#8221; pointer_events=&#8221;all&#8221;][vc_column_inner column_padding=&#8221;no-extra-padding&#8221; column_padding_tablet=&#8221;inherit&#8221; column_padding_phone=&#8221;inherit&#8221; column_padding_position=&#8221;all&#8221; column_element_spacing=&#8221;default&#8221; background_color_opacity=&#8221;1&#8243; background_hover_color_opacity=&#8221;1&#8243; column_shadow=&#8221;none&#8221; column_border_radius=&#8221;none&#8221; column_link_target=&#8221;_self&#8221; gradient_direction=&#8221;left_to_right&#8221; overlay_strength=&#8221;0.3&#8243; width=&#8221;1\/1&#8243; tablet_width_inherit=&#8221;default&#8221; animation_type=&#8221;default&#8221; bg_image_animation=&#8221;none&#8221; border_type=&#8221;simple&#8221; column_border_width=&#8221;none&#8221; column_border_style=&#8221;solid&#8221;][fancy-ul icon_type=&#8221;font_icon&#8221; icon=&#8221;icon-minus&#8221; color=&#8221;Accent-Color&#8221; alignment=&#8221;left&#8221; spacing=&#8221;default&#8221; enable_animation=&#8221;true&#8221;]<\/p>\n<ul>\n<li>Arriv\u00e9e en d\u00e9but d'apr\u00e8s-midi \u00e0 <strong>Tiglieto<\/strong>, sur les hauteurs de <strong>Savona<\/strong>. Vous y trouverez les c\u00e9l\u00e8bres <em>Abbaye de Tiglieto<\/em>, un ensemble monumental d'une grande importance architecturale et culturelle, le premier \u00e9tablissement cistercien construit en Italie (1120), dont la structure ext\u00e9rieure respecte les canons m\u00e9di\u00e9vaux, contrastant avec l'ex\u00e9cution du XVIIIe si\u00e8cle \u00e0 l'int\u00e9rieur.<\/li>\n<li>Visite gratuite du complexe.<\/li>\n<li>A l'issue, continuation en v\u00e9hicule priv\u00e9 vers <strong>Sassello<\/strong>, noto fin dal Medioevo quale centro industriale per la lavorazione del ferro e oggi centro culturale tra i pi\u00f9 vitali dell&#8217;entroterra savonese.<\/li>\n<li>H\u00e9bergement, d\u00eener gratuit et nuit\u00e9e.<\/li>\n<\/ul>\n<p>[\/fancy-ul][divider line_type=&#8221;Full Width Line&#8221; line_thickness=&#8221;1&#8243; divider_color=&#8221;extra-color-gradient-2&#8243; animate=&#8221;yes&#8221; delay=&#8221;150&#8243;][\/vc_column_inner][\/vc_row_inner][\/tab][tab icon_family=&#8221;none&#8221; title=&#8221;Giorno 2&#8243; id=&#8221;1649686517227-5&#8243; sub_desc=&#8221;PARCO DEL BEIGUA e BEIGUA DOCK&#8221; tab_id=&#8221;1649686517228-3&#8243;][vc_row_inner content_placement=&#8221;top&#8221; column_margin=&#8221;none&#8221; column_direction=&#8221;default&#8221; column_direction_tablet=&#8221;default&#8221; column_direction_phone=&#8221;default&#8221; text_align=&#8221;left&#8221; row_position=&#8221;default&#8221; row_position_tablet=&#8221;inherit&#8221; row_position_phone=&#8221;inherit&#8221; overflow=&#8221;visible&#8221; pointer_events=&#8221;all&#8221;][vc_column_inner column_padding=&#8221;no-extra-padding&#8221; column_padding_tablet=&#8221;inherit&#8221; column_padding_phone=&#8221;inherit&#8221; column_padding_position=&#8221;all&#8221; column_element_spacing=&#8221;default&#8221; background_color_opacity=&#8221;1&#8243; background_hover_color_opacity=&#8221;1&#8243; column_shadow=&#8221;none&#8221; column_border_radius=&#8221;none&#8221; column_link_target=&#8221;_self&#8221; gradient_direction=&#8221;left_to_right&#8221; overlay_strength=&#8221;0.3&#8243; width=&#8221;1\/1&#8243; tablet_width_inherit=&#8221;default&#8221; animation_type=&#8221;default&#8221; bg_image_animation=&#8221;none&#8221; border_type=&#8221;simple&#8221; column_border_width=&#8221;none&#8221; column_border_style=&#8221;solid&#8221;][fancy-ul icon_type=&#8221;font_icon&#8221; icon=&#8221;icon-minus&#8221; color=&#8221;Accent-Color&#8221; alignment=&#8221;left&#8221; spacing=&#8221;default&#8221; enable_animation=&#8221;true&#8221;]<\/p>\n<ul>\n<li>Petit d\u00e9jeuner \u00e0 l'h\u00f4tel et d\u00e9part pour un trek moyen\/facile (4 heures) le long du sentier de randonn\u00e9e. <em>For\u00eat de Deiva<\/em>. Le sentier naturel est un itin\u00e9raire id\u00e9al pour d\u00e9couvrir les diff\u00e9rentes formations foresti\u00e8res qui caract\u00e9risent le territoire de l'\u00eele. <strong>Parc Beigua<\/strong>. La grande variet\u00e0 di ambienti e lo scarso disturbo, sono all&#8217;origine dell&#8217;elevata diversit\u00e0 faunistica che potremmo osservare lungo il percorso attraverso i molti uccelli tipici degli habitat forestali, e le tracce di molti mammiferi.<\/li>\n<li>Retour \u00e0 Sassello et d\u00e9jeuner \u00e0 <a href=\"https:\/\/www.qualitymade.eu\/fr\/azienda\/beigua-store\/\" target=\"_blank\" rel=\"noopener\">Docks de Beigua<\/a> avec des produits locaux typiques<\/li>\n<li>L'apr\u00e8s-midi, temps libre pour visiter le vieux moulin encore en activit\u00e9 \u00e0 c\u00f4t\u00e9 du restaurant, d'o\u00f9 provient la farine utilis\u00e9e pour pr\u00e9parer les plats servis, et le centre historique du village, le premier \u00e0 avoir \u00e9t\u00e9 inscrit sur la liste du drapeau orange du Touring Club.<\/li>\n<li>Possibilit\u00e9 de d\u00e9guster les c\u00e9l\u00e8bres macarons locaux<\/li>\n<li>D\u00eener et nuit\u00e9e gratuits<\/li>\n<\/ul>\n<p>[\/fancy-ul][divider line_type=&#8221;Full Width Line&#8221; line_thickness=&#8221;1&#8243; divider_color=&#8221;extra-color-gradient-2&#8243; animate=&#8221;yes&#8221; delay=&#8221;150&#8243;][\/vc_column_inner][\/vc_row_inner][\/tab][tab icon_family=&#8221;none&#8221; title=&#8221;Giorno 3&#8243; id=&#8221;1649686517257-8&#8243; sub_desc=&#8221;MILLESIMO&#8221; tab_id=&#8221;1649686517258-8&#8243;][vc_row_inner content_placement=&#8221;top&#8221; column_margin=&#8221;none&#8221; column_direction=&#8221;default&#8221; column_direction_tablet=&#8221;default&#8221; column_direction_phone=&#8221;default&#8221; text_align=&#8221;left&#8221; row_position=&#8221;default&#8221; row_position_tablet=&#8221;inherit&#8221; row_position_phone=&#8221;inherit&#8221; overflow=&#8221;visible&#8221; pointer_events=&#8221;all&#8221;][vc_column_inner column_padding=&#8221;no-extra-padding&#8221; column_padding_tablet=&#8221;inherit&#8221; column_padding_phone=&#8221;inherit&#8221; column_padding_position=&#8221;all&#8221; column_element_spacing=&#8221;default&#8221; background_color_opacity=&#8221;1&#8243; background_hover_color_opacity=&#8221;1&#8243; column_shadow=&#8221;none&#8221; column_border_radius=&#8221;none&#8221; column_link_target=&#8221;_self&#8221; gradient_direction=&#8221;left_to_right&#8221; overlay_strength=&#8221;0.3&#8243; width=&#8221;1\/1&#8243; tablet_width_inherit=&#8221;default&#8221; animation_type=&#8221;default&#8221; bg_image_animation=&#8221;none&#8221; border_type=&#8221;simple&#8221; column_border_width=&#8221;none&#8221; column_border_style=&#8221;solid&#8221;][fancy-ul icon_type=&#8221;font_icon&#8221; icon=&#8221;icon-minus&#8221; color=&#8221;Accent-Color&#8221; alignment=&#8221;left&#8221; spacing=&#8221;default&#8221; enable_animation=&#8221;true&#8221;]<\/p>\n<ul>\n<li>Petit d\u00e9jeuner \u00e0 l'h\u00f4tel et d\u00e9part pour <strong>Millesimo<\/strong>, caract\u00e9ris\u00e9e par la forme triangulaire unique de son centre historique et r\u00e9put\u00e9e pour l'un de ses produits d'excellence, la truffe. Accompagn\u00e9s par les chasseurs de truffes experts de la\u2019<a href=\"https:\/\/www.qualitymade.eu\/fr\/azienda\/associazione-tartufai-liguri\/\" target=\"_blank\" rel=\"noopener\">Association de la truffe<\/a>, Il sera possible de participer \u00e0 une chasse aux truffes ; vous apprendrez les techniques de cette activit\u00e9 ancienne, ainsi que les secrets de la conservation et de la consommation de ce tubercule tr\u00e8s pris\u00e9.<\/li>\n<li>D\u00e9jeuner aux truffes dans un restaurant<\/li>\n<\/ul>\n<p>[\/fancy-ul][divider line_type=\u201dFull Width Line\u201d line_thickness=\u201d1\u2033 divider_colour=\u201dextra-colour-gradient-2\u2033 animate=\u201dyes\u201d delay=\u201d150\u2033][\/vc_column_inner][\/vc_row_inner][\/tab][\/tabbed_section][\/vc_column][\/vc_row][\/vc_column][\/vc_row]<\/p>","protected":false},"excerpt":{"rendered":"<p>Le cadre splendide du parc de Beigua (G\u00e9oparc mondial de l'UNESCO) sert de toile de fond \u00e0 un itin\u00e9raire qui traverse trois de ses plus beaux villages.<\/p>\n<p><a href=\"#dettagli\">En savoir plus<\/a><\/p>\n<p>&nbsp;<\/p>","protected":false},"featured_media":7829,"comment_status":"closed","ping_status":"closed","template":"","meta":[],"product_brand":[],"product_cat":[751],"product_tag":[567,580,581,579,578],"berocket_brand":[],"class_list":{"0":"post-1202","1":"product","2":"type-product","3":"status-publish","4":"has-post-thumbnail","6":"product_cat-liguria-percorsi","7":"product_tag-liguria","8":"product_tag-millessimo","9":"product_tag-parco-del-beigua","10":"product_tag-sassello","11":"product_tag-tiglieto","13":"first","14":"outofstock","15":"virtual","16":"product-type-simple"},"_links":{"self":[{"href":"https:\/\/www.qualitymade.eu\/fr\/wp-json\/wp\/v2\/product\/1202","targetHints":{"allow":["GET"]}}],"collection":[{"href":"https:\/\/www.qualitymade.eu\/fr\/wp-json\/wp\/v2\/product"}],"about":[{"href":"https:\/\/www.qualitymade.eu\/fr\/wp-json\/wp\/v2\/types\/product"}],"replies":[{"embeddable":true,"href":"https:\/\/www.qualitymade.eu\/fr\/wp-json\/wp\/v2\/comments?post=1202"}],"wp:featuredmedia":[{"embeddable":true,"href":"https:\/\/www.qualitymade.eu\/fr\/wp-json\/wp\/v2\/media\/7829"}],"wp:attachment":[{"href":"https:\/\/www.qualitymade.eu\/fr\/wp-json\/wp\/v2\/media?parent=1202"}],"wp:term":[{"taxonomy":"product_brand","embeddable":true,"href":"https:\/\/www.qualitymade.eu\/fr\/wp-json\/wp\/v2\/product_brand?post=1202"},{"taxonomy":"product_cat","embeddable":true,"href":"https:\/\/www.qualitymade.eu\/fr\/wp-json\/wp\/v2\/product_cat?post=1202"},{"taxonomy":"product_tag","embeddable":true,"href":"https:\/\/www.qualitymade.eu\/fr\/wp-json\/wp\/v2\/product_tag?post=1202"},{"taxonomy":"berocket_brand","embeddable":true,"href":"https:\/\/www.qualitymade.eu\/fr\/wp-json\/wp\/v2\/berocket_brand?post=1202"}],"curies":[{"name":"wp","href":"https:\/\/api.w.org\/{rel}","templated":true}]}}