{"id":1406,"date":"2022-04-19T00:00:00","date_gmt":"2022-04-19T00:00:00","guid":{"rendered":"https:\/\/dev.qualitymade.eu\/?post_type=product&#038;p=1406"},"modified":"2025-02-01T16:54:50","modified_gmt":"2025-02-01T16:54:50","slug":"un-bagaglio-di-natura-arte-cultura-e-sapori-tra-genova-e-savona","status":"publish","type":"product","link":"https:\/\/www.qualitymade.eu\/fr\/produit\/un-bagaglio-di-natura-arte-cultura-e-sapori-tra-genova-e-savona\/","title":{"rendered":"Une richesse de nature, d'art, de culture et de saveurs entre G\u00eanes et Savone"},"content":{"rendered":"<p>[vc_row type=&#8221;full_width_background&#8221; full_screen_row_position=&#8221;middle&#8221; column_margin=&#8221;default&#8221; column_direction=&#8221;default&#8221; column_direction_tablet=&#8221;default&#8221; column_direction_phone=&#8221;default&#8221; bg_image=&#8221;72&#8243; bg_position=&#8221;center center&#8221; background_image_loading=&#8221;lazy-load&#8221; bg_repeat=&#8221;no-repeat&#8221; scene_position=&#8221;center&#8221; top_padding=&#8221;6%&#8221; bottom_padding=&#8221;6%&#8221; text_color=&#8221;dark&#8221; text_align=&#8221;left&#8221; row_border_radius=&#8221;none&#8221; row_border_radius_applies=&#8221;bg&#8221; overflow=&#8221;visible&#8221; id=&#8221;dettagli&#8221; advanced_gradient=&#8221;linear-gradient(320deg, rgba(130,193,194,0.4) 14%, rgba(130, 193, 194, 0.2) 79%)&#8221; advanced_gradient_angle=&#8221;320&#8243; shape_divider_position=&#8221;bottom&#8221; bg_image_animation=&#8221;none&#8221; shape_type=&#8221;&#8221; gradient_type=&#8221;advanced&#8221; advanced_gradient_display_type=&#8221;linear&#8221;][vc_column column_padding=&#8221;no-extra-padding&#8221; column_padding_tablet=&#8221;inherit&#8221; column_padding_phone=&#8221;inherit&#8221; column_padding_position=&#8221;all&#8221; column_element_spacing=&#8221;default&#8221; background_color_opacity=&#8221;1&#8243; background_hover_color_opacity=&#8221;1&#8243; column_shadow=&#8221;none&#8221; column_border_radius=&#8221;none&#8221; column_link_target=&#8221;_self&#8221; column_position=&#8221;default&#8221; gradient_direction=&#8221;left_to_right&#8221; overlay_strength=&#8221;0.3&#8243; width=&#8221;1\/1&#8243; tablet_width_inherit=&#8221;default&#8221; tablet_text_alignment=&#8221;default&#8221; phone_text_alignment=&#8221;default&#8221; animation_type=&#8221;default&#8221; bg_image_animation=&#8221;none&#8221; border_type=&#8221;simple&#8221; column_border_width=&#8221;none&#8221; column_border_style=&#8221;solid&#8221;][tabbed_section style=&#8221;vertical_scrolling&#8221; tab_color=&#8221;extra-color-gradient-1&#8243; vs_navigation_func=&#8221;active_link_only&#8221; vs_navigation_width=&#8221;regular&#8221; vs_tab_spacing=&#8221;20%&#8221; vs_tab_tag=&#8221;h5&#8243; vs_cta_style=&#8221;see-through&#8221; vs_cta_bg_color=&#8221;default&#8221; vs_cta_heading_tag=&#8221;h6&#8243; vs_sticky_aspect=&#8221;default&#8221; vs_font_size=&#8221;28px&#8221;][tab icon_family=&#8221;none&#8221; title=&#8221;Itinerario&#8221; id=&#8221;1650377951360-9&#8243; sub_desc=&#8221;Percorsi, indicazioni e suggestioni.&#8221; tab_id=&#8221;1650377951361-5&#8243;][vc_row_inner column_margin=&#8221;none&#8221; column_direction=&#8221;default&#8221; column_direction_tablet=&#8221;default&#8221; column_direction_phone=&#8221;default&#8221; text_align=&#8221;left&#8221; row_position=&#8221;default&#8221; row_position_tablet=&#8221;inherit&#8221; row_position_phone=&#8221;inherit&#8221; overflow=&#8221;visible&#8221; pointer_events=&#8221;all&#8221;][vc_column_inner column_padding=&#8221;no-extra-padding&#8221; column_padding_tablet=&#8221;inherit&#8221; column_padding_phone=&#8221;inherit&#8221; column_padding_position=&#8221;all&#8221; column_element_spacing=&#8221;default&#8221; background_color_opacity=&#8221;1&#8243; background_hover_color_opacity=&#8221;1&#8243; column_shadow=&#8221;none&#8221; column_border_radius=&#8221;none&#8221; column_link_target=&#8221;_self&#8221; gradient_direction=&#8221;left_to_right&#8221; overlay_strength=&#8221;0.3&#8243; width=&#8221;1\/1&#8243; tablet_width_inherit=&#8221;default&#8221; animation_type=&#8221;default&#8221; bg_image_animation=&#8221;none&#8221; border_type=&#8221;simple&#8221; column_border_width=&#8221;none&#8221; column_border_style=&#8221;solid&#8221;][vc_custom_heading text=&#8221;Natura, arte, cultura e sapori tra Genova e Savona&#8221; font_container=&#8221;tag:h2|font_size:30|text_align:left|line_height:40px&#8221; use_theme_fonts=&#8221;yes&#8221; css=&#8221;.vc_custom_1650382626094&#8243;][vc_column_text]Un vero e proprio itinerario di natura, arte, cultura e sapori tra due dei capoluoghi di provincia della Liguria:Genova e Savona.[\/vc_column_text][divider line_type=&#8221;Full Width Line&#8221; line_thickness=&#8221;1&#8243; divider_color=&#8221;extra-color-gradient-2&#8243; animate=&#8221;yes&#8221; delay=&#8221;150&#8243;][\/vc_column_inner][\/vc_row_inner][\/tab][tab icon_family=&#8221;none&#8221; title=&#8221;Giorno 1&#8243; id=&#8221;1650377951433-0&#8243; sub_desc=&#8221;ALBISOLA, VARAZZE, GENOVA&#8221; tab_id=&#8221;1650377951434-10&#8243;][vc_row_inner content_placement=&#8221;top&#8221; column_margin=&#8221;none&#8221; column_direction=&#8221;default&#8221; column_direction_tablet=&#8221;default&#8221; column_direction_phone=&#8221;default&#8221; text_align=&#8221;left&#8221; row_position=&#8221;default&#8221; row_position_tablet=&#8221;inherit&#8221; row_position_phone=&#8221;inherit&#8221; overflow=&#8221;visible&#8221; pointer_events=&#8221;all&#8221;][vc_column_inner column_padding=&#8221;no-extra-padding&#8221; column_padding_tablet=&#8221;inherit&#8221; column_padding_phone=&#8221;inherit&#8221; column_padding_position=&#8221;all&#8221; column_element_spacing=&#8221;default&#8221; background_color_opacity=&#8221;1&#8243; background_hover_color_opacity=&#8221;1&#8243; column_shadow=&#8221;none&#8221; column_border_radius=&#8221;none&#8221; column_link_target=&#8221;_self&#8221; gradient_direction=&#8221;left_to_right&#8221; overlay_strength=&#8221;0.3&#8243; width=&#8221;1\/1&#8243; tablet_width_inherit=&#8221;default&#8221; animation_type=&#8221;default&#8221; bg_image_animation=&#8221;none&#8221; border_type=&#8221;simple&#8221; column_border_width=&#8221;none&#8221; column_border_style=&#8221;solid&#8221;][fancy-ul icon_type=&#8221;font_icon&#8221; icon=&#8221;icon-minus&#8221; color=&#8221;Accent-Color&#8221; alignment=&#8221;left&#8221; spacing=&#8221;default&#8221; enable_animation=&#8221;true&#8221;]<\/p>\n<ul>\n<li>Arriv\u00e9e dans la matin\u00e9e par ses propres moyens \u00e0 <strong><em>Marina Albisola<\/em><\/strong>, et rencontrez le guide pour d\u00e9couvrir les \u00e9tapes de l'histoire artistique de la ville. L'itin\u00e9raire serpente \u00e0 travers les rues de la ville et les trois mus\u00e9es civiques du centre d'exposition, <em>Four Alba Docilia et <a href=\"https:\/\/www.qualitymade.eu\/fr\/azienda\/casa-museo-jorn\/\" target=\"_blank\" rel=\"noopener\">Mus\u00e9e de la maison Jorn<\/a><\/em>, dove \u00e8 ancora possibile respirare il grande estro dell&#8217;artista danese. Pausa pranzo libera presso uno dei numerosi ristoranti o bar del centro.<\/li>\n<li>Ensuite, transfert par son propre v\u00e9hicule vers <em><strong>Varazze<\/strong><\/em>. Pr\u00e8s de la Piazza Carlo Alberto dalla Chiesa, pr\u00e8s du Torrente Teiro, commence un sentier qui monte jusqu'\u00e0 la chapelle du bienheureux Jacopo da Varagine, pour arriver enfin \u00e0 la magnifique terrasse panoramique du Santuario della Guardia sur la colline de l'\u00e9glise. <em>Monte Grosso<\/em>. Ici, la vue s'\u00e9tend sur une grande partie de la c\u00f4te ligure. Le retour s'effectue par le m\u00eame chemin jusqu'\u00e0 un embranchement o\u00f9 l'on emprunte un large chemin de terre facile qui descend jusqu'\u00e0 la mer. La boucle compl\u00e8te repr\u00e9sente environ 3 heures de marche et 400 m\u00e8tres de d\u00e9nivel\u00e9.<\/li>\n<li>A la fin, transfert par ses propres moyens \u00e0 G\u00eanes \u00e0 l'a\u00e9roport de G\u00eanes. <a href=\"https:\/\/www.qualitymade.eu\/fr\/azienda\/bb-piccoli-leoni\/\" target=\"_blank\" rel=\"noopener\">B&amp;B Piccoli Leoni<\/a> o presso l&#8217;<a href=\"https:\/\/www.qualitymade.eu\/fr\/azienda\/affittacamere-citta-vecchia\/\" target=\"_blank\" rel=\"noopener\">Maison d'h\u00f4tes de la vieille ville<\/a>.<\/li>\n<li>D\u00eener et nuit\u00e9e gratuits dans l'\u00e9tablissement.<\/li>\n<\/ul>\n<p>[\/fancy-ul][divider line_type=&#8221;Full Width Line&#8221; line_thickness=&#8221;1&#8243; divider_color=&#8221;extra-color-gradient-2&#8243; animate=&#8221;yes&#8221; delay=&#8221;150&#8243;][\/vc_column_inner][\/vc_row_inner][\/tab][tab icon_family=&#8221;none&#8221; title=&#8221;Giorno 2&#8243; id=&#8221;1650377951483-6&#8243; sub_desc=&#8221;PASSO DEL FAIALLO, MONTE ARGENTEA, SASSELLO, GENOVA&#8221; tab_id=&#8221;1650377951484-8&#8243;][vc_row_inner content_placement=&#8221;top&#8221; column_margin=&#8221;none&#8221; column_direction=&#8221;default&#8221; column_direction_tablet=&#8221;default&#8221; column_direction_phone=&#8221;default&#8221; text_align=&#8221;left&#8221; row_position=&#8221;default&#8221; row_position_tablet=&#8221;inherit&#8221; row_position_phone=&#8221;inherit&#8221; overflow=&#8221;visible&#8221; pointer_events=&#8221;all&#8221;][vc_column_inner column_padding=&#8221;no-extra-padding&#8221; column_padding_tablet=&#8221;inherit&#8221; column_padding_phone=&#8221;inherit&#8221; column_padding_position=&#8221;all&#8221; column_element_spacing=&#8221;default&#8221; background_color_opacity=&#8221;1&#8243; background_hover_color_opacity=&#8221;1&#8243; column_shadow=&#8221;none&#8221; column_border_radius=&#8221;none&#8221; column_link_target=&#8221;_self&#8221; gradient_direction=&#8221;left_to_right&#8221; overlay_strength=&#8221;0.3&#8243; width=&#8221;1\/1&#8243; tablet_width_inherit=&#8221;default&#8221; animation_type=&#8221;default&#8221; bg_image_animation=&#8221;none&#8221; border_type=&#8221;simple&#8221; column_border_width=&#8221;none&#8221; column_border_style=&#8221;solid&#8221;][fancy-ul icon_type=&#8221;font_icon&#8221; icon=&#8221;icon-minus&#8221; color=&#8221;Accent-Color&#8221; alignment=&#8221;left&#8221; spacing=&#8221;default&#8221; enable_animation=&#8221;true&#8221;]<\/p>\n<ul>\n<li>Petit d\u00e9jeuner \u00e0 l'h\u00f4tel et d\u00e9part pour un trek moyen\/facile (4 h) le long de la route de la soie. <strong><em>Passo del Faiallo &#8211; Argentea &#8211; Passo del Faiallo<\/em><\/strong>. Boucle panoramique d'environ 7,5 km qui traverse quelques for\u00eats de h\u00eatres et longe ensuite la belle cr\u00eate, d'o\u00f9 la vue s'\u00e9tend de G\u00eanes \u00e0 la c\u00f4te jusqu'\u00e0 la mer. <em>Alpes maritimes<\/em> et le <em>Vall\u00e9e du P\u00f4<\/em>. D\u00e9jeuner gratuit pendant l'excursion.<\/li>\n<li>A la fin, transfert par ses propres moyens \u00e0 Sassello et temps libre pour visiter le centre historique du village, le premier \u00e0 figurer sur la liste des drapeaux orange du Touring Club, avec la possibilit\u00e9 de d\u00e9guster les c\u00e9l\u00e8bres biscuits amaretti locaux, suivi d'une visite \u00e0 l'h\u00f4tel de ville de Sassello. <a href=\"https:\/\/www.qualitymade.eu\/fr\/azienda\/beigua-store\/\" target=\"_blank\" rel=\"noopener\">Docks de Beigua<\/a> le vieux moulin encore en activit\u00e9 \u00e0 c\u00f4t\u00e9 du restaurant.<\/li>\n<li>Si la visite co\u00efncide avec le vendredi ou le samedi, d\u00eener typique aux Docks de Beigua. Sinon, d\u00eener dans un restaurant affili\u00e9.<\/li>\n<li>A la fin, retour par ses propres moyens et nuit dans l'\u00e9tablissement.<\/li>\n<\/ul>\n<p>[\/fancy-ul][divider line_type=&#8221;Full Width Line&#8221; line_thickness=&#8221;1&#8243; divider_color=&#8221;extra-color-gradient-2&#8243; animate=&#8221;yes&#8221; delay=&#8221;150&#8243;][\/vc_column_inner][\/vc_row_inner][\/tab][tab icon_family=&#8221;none&#8221; title=&#8221;Giorno 3&#8243; id=&#8221;1650377951523-7&#8243; sub_desc=&#8221;ACQUARIO DI GENOVA, GALATA MUSEO DEL MARE&#8221; tab_id=&#8221;1650377951523-0&#8243;][vc_row_inner content_placement=&#8221;top&#8221; column_margin=&#8221;none&#8221; column_direction=&#8221;default&#8221; column_direction_tablet=&#8221;default&#8221; column_direction_phone=&#8221;default&#8221; text_align=&#8221;left&#8221; row_position=&#8221;default&#8221; row_position_tablet=&#8221;inherit&#8221; row_position_phone=&#8221;inherit&#8221; overflow=&#8221;visible&#8221; pointer_events=&#8221;all&#8221;][vc_column_inner column_padding=&#8221;no-extra-padding&#8221; column_padding_tablet=&#8221;inherit&#8221; column_padding_phone=&#8221;inherit&#8221; column_padding_position=&#8221;all&#8221; column_element_spacing=&#8221;default&#8221; background_color_opacity=&#8221;1&#8243; background_hover_color_opacity=&#8221;1&#8243; column_shadow=&#8221;none&#8221; column_border_radius=&#8221;none&#8221; column_link_target=&#8221;_self&#8221; gradient_direction=&#8221;left_to_right&#8221; overlay_strength=&#8221;0.3&#8243; width=&#8221;1\/1&#8243; tablet_width_inherit=&#8221;default&#8221; animation_type=&#8221;default&#8221; bg_image_animation=&#8221;none&#8221; border_type=&#8221;simple&#8221; column_border_width=&#8221;none&#8221; column_border_style=&#8221;solid&#8221;][fancy-ul icon_type=&#8221;font_icon&#8221; icon=&#8221;icon-minus&#8221; color=&#8221;Accent-Color&#8221; alignment=&#8221;left&#8221; spacing=&#8221;default&#8221; enable_animation=&#8221;true&#8221;]<\/p>\n<ul>\n<li>Petit d\u00e9jeuner \u00e0 l'h\u00f4tel et transfert \u00e0 l'a\u00e9roport. <em><strong>Porto Antico<\/strong><\/em> o\u00f9 il sera possible de visiter, en 3 heures environ, le c\u00e9l\u00e8bre Aquarium, l'un des plus grands d'Europe. \u00c0 la fin de l'excursion, il sera \u00e9galement possible de visiter le tr\u00e8s int\u00e9ressant mus\u00e9e de l'eau, situ\u00e9 \u00e0 proximit\u00e9. <strong><em>Mus\u00e9e de la mer de Galata.<\/em><\/strong><\/li>\n<\/ul>\n<p>[\/fancy-ul][divider line_type=\u201dFull Width Line\u201d line_thickness=\u201d1\u2033 divider_colour=\u201dextra-colour-gradient-2\u2033 animate=\u201dyes\u201d delay=\u201d150\u2033][\/vc_column_inner][\/vc_row_inner][\/tab][\/tabbed_section][\/vc_column][\/vc_row][\/vc_column][\/vc_row]<\/p>","protected":false},"excerpt":{"rendered":"<p>Un v\u00e9ritable itin\u00e9raire de nature, d'art, de culture et de saveurs entre deux capitales provinciales de la Ligurie : G\u00eanes et Savone.<\/p>\n<p><a href=\"#dettagli\">En savoir plus<\/a><\/p>\n<p>&nbsp;<\/p>","protected":false},"featured_media":7893,"comment_status":"closed","ping_status":"closed","template":"","meta":[],"product_brand":[],"product_cat":[751],"product_tag":[602,592,567,606],"berocket_brand":[],"class_list":{"0":"post-1406","1":"product","2":"type-product","3":"status-publish","4":"has-post-thumbnail","6":"product_cat-liguria-percorsi","7":"product_tag-albisola","8":"product_tag-genova","9":"product_tag-liguria","10":"product_tag-savona","12":"first","13":"outofstock","14":"virtual","15":"product-type-simple"},"_links":{"self":[{"href":"https:\/\/www.qualitymade.eu\/fr\/wp-json\/wp\/v2\/product\/1406","targetHints":{"allow":["GET"]}}],"collection":[{"href":"https:\/\/www.qualitymade.eu\/fr\/wp-json\/wp\/v2\/product"}],"about":[{"href":"https:\/\/www.qualitymade.eu\/fr\/wp-json\/wp\/v2\/types\/product"}],"replies":[{"embeddable":true,"href":"https:\/\/www.qualitymade.eu\/fr\/wp-json\/wp\/v2\/comments?post=1406"}],"wp:featuredmedia":[{"embeddable":true,"href":"https:\/\/www.qualitymade.eu\/fr\/wp-json\/wp\/v2\/media\/7893"}],"wp:attachment":[{"href":"https:\/\/www.qualitymade.eu\/fr\/wp-json\/wp\/v2\/media?parent=1406"}],"wp:term":[{"taxonomy":"product_brand","embeddable":true,"href":"https:\/\/www.qualitymade.eu\/fr\/wp-json\/wp\/v2\/product_brand?post=1406"},{"taxonomy":"product_cat","embeddable":true,"href":"https:\/\/www.qualitymade.eu\/fr\/wp-json\/wp\/v2\/product_cat?post=1406"},{"taxonomy":"product_tag","embeddable":true,"href":"https:\/\/www.qualitymade.eu\/fr\/wp-json\/wp\/v2\/product_tag?post=1406"},{"taxonomy":"berocket_brand","embeddable":true,"href":"https:\/\/www.qualitymade.eu\/fr\/wp-json\/wp\/v2\/berocket_brand?post=1406"}],"curies":[{"name":"wp","href":"https:\/\/api.w.org\/{rel}","templated":true}]}}