{"id":2981,"date":"2022-07-13T00:00:00","date_gmt":"2022-07-13T00:00:00","guid":{"rendered":"https:\/\/dev.qualitymade.eu\/?post_type=product&#038;p=2981"},"modified":"2025-02-01T16:57:21","modified_gmt":"2025-02-01T16:57:21","slug":"hiking-e-relax-nel-cuore-della-sardegna","status":"publish","type":"product","link":"https:\/\/www.qualitymade.eu\/fr\/produit\/hiking-e-relax-nel-cuore-della-sardegna\/","title":{"rendered":"Randonn\u00e9e et d\u00e9tente au c\u0153ur de la Sardaigne"},"content":{"rendered":"<p>[vc_row type=&#8221;full_width_background&#8221; full_screen_row_position=&#8221;middle&#8221; column_margin=&#8221;default&#8221; column_direction=&#8221;default&#8221; column_direction_tablet=&#8221;default&#8221; column_direction_phone=&#8221;default&#8221; bg_image=&#8221;72&#8243; bg_position=&#8221;center center&#8221; background_image_loading=&#8221;lazy-load&#8221; bg_repeat=&#8221;no-repeat&#8221; scene_position=&#8221;center&#8221; top_padding=&#8221;6%&#8221; bottom_padding=&#8221;6%&#8221; text_color=&#8221;dark&#8221; text_align=&#8221;left&#8221; row_border_radius=&#8221;none&#8221; row_border_radius_applies=&#8221;bg&#8221; overflow=&#8221;visible&#8221; id=&#8221;dettagli&#8221; advanced_gradient=&#8221;linear-gradient(320deg, rgba(130,193,194,0.4) 14%, rgba(130, 193, 194, 0.2) 79%)&#8221; advanced_gradient_angle=&#8221;320&#8243; shape_divider_position=&#8221;bottom&#8221; bg_image_animation=&#8221;none&#8221; shape_type=&#8221;&#8221; gradient_type=&#8221;advanced&#8221; advanced_gradient_display_type=&#8221;linear&#8221;][vc_column column_padding=&#8221;no-extra-padding&#8221; column_padding_tablet=&#8221;inherit&#8221; column_padding_phone=&#8221;inherit&#8221; column_padding_position=&#8221;all&#8221; column_element_spacing=&#8221;default&#8221; background_color_opacity=&#8221;1&#8243; background_hover_color_opacity=&#8221;1&#8243; column_shadow=&#8221;none&#8221; column_border_radius=&#8221;none&#8221; column_link_target=&#8221;_self&#8221; column_position=&#8221;default&#8221; gradient_direction=&#8221;left_to_right&#8221; overlay_strength=&#8221;0.3&#8243; width=&#8221;1\/1&#8243; tablet_width_inherit=&#8221;default&#8221; tablet_text_alignment=&#8221;default&#8221; phone_text_alignment=&#8221;default&#8221; animation_type=&#8221;default&#8221; bg_image_animation=&#8221;none&#8221; border_type=&#8221;simple&#8221; column_border_width=&#8221;none&#8221; column_border_style=&#8221;solid&#8221;][tabbed_section style=&#8221;vertical_scrolling&#8221; tab_color=&#8221;extra-color-gradient-1&#8243; vs_navigation_func=&#8221;active_link_only&#8221; vs_navigation_width=&#8221;regular&#8221; vs_tab_spacing=&#8221;20%&#8221; vs_tab_tag=&#8221;h5&#8243; vs_cta_style=&#8221;see-through&#8221; vs_cta_bg_color=&#8221;default&#8221; vs_cta_heading_tag=&#8221;h6&#8243; vs_sticky_aspect=&#8221;default&#8221; vs_font_size=&#8221;28px&#8221;][tab icon_family=&#8221;none&#8221; title=&#8221;Itinerario&#8221; id=&#8221;1657721309621-2&#8243; sub_desc=&#8221;Percorsi, indicazioni e suggestioni.&#8221; tab_id=&#8221;1657721309621-4&#8243;][vc_row_inner column_margin=&#8221;none&#8221; column_direction=&#8221;default&#8221; column_direction_tablet=&#8221;default&#8221; column_direction_phone=&#8221;default&#8221; text_align=&#8221;left&#8221; row_position=&#8221;default&#8221; row_position_tablet=&#8221;inherit&#8221; row_position_phone=&#8221;inherit&#8221; overflow=&#8221;visible&#8221; pointer_events=&#8221;all&#8221;][vc_column_inner column_padding=&#8221;no-extra-padding&#8221; column_padding_tablet=&#8221;inherit&#8221; column_padding_phone=&#8221;inherit&#8221; column_padding_position=&#8221;all&#8221; column_element_spacing=&#8221;default&#8221; background_color_opacity=&#8221;1&#8243; background_hover_color_opacity=&#8221;1&#8243; column_shadow=&#8221;none&#8221; column_border_radius=&#8221;none&#8221; column_link_target=&#8221;_self&#8221; gradient_direction=&#8221;left_to_right&#8221; overlay_strength=&#8221;0.3&#8243; width=&#8221;1\/1&#8243; tablet_width_inherit=&#8221;default&#8221; animation_type=&#8221;default&#8221; bg_image_animation=&#8221;none&#8221; border_type=&#8221;simple&#8221; column_border_width=&#8221;none&#8221; column_border_style=&#8221;solid&#8221;][vc_custom_heading text=&#8221;4 meravigliosi giorni nel cuore della Sardegna&#8221; font_container=&#8221;tag:h2|font_size:30|text_align:left|line_height:40px&#8221; use_theme_fonts=&#8221;yes&#8221; css=&#8221;.vc_custom_1657722016500&#8243;][vc_column_text]Una vacanza tra gole, trekking e relax.[\/vc_column_text][divider line_type=&#8221;Full Width Line&#8221; line_thickness=&#8221;1&#8243; divider_color=&#8221;extra-color-gradient-2&#8243; animate=&#8221;yes&#8221; delay=&#8221;150&#8243;][\/vc_column_inner][\/vc_row_inner][\/tab][tab icon_family=&#8221;none&#8221; title=&#8221;Giorno 1&#8243; id=&#8221;1657721309798-7&#8243; sub_desc=&#8221;VILLAGRANDE STRISAILI&#8221; tab_id=&#8221;1657721309798-9&#8243;][vc_row_inner content_placement=&#8221;top&#8221; column_margin=&#8221;none&#8221; column_direction=&#8221;default&#8221; column_direction_tablet=&#8221;default&#8221; column_direction_phone=&#8221;default&#8221; text_align=&#8221;left&#8221; row_position=&#8221;default&#8221; row_position_tablet=&#8221;inherit&#8221; row_position_phone=&#8221;inherit&#8221; overflow=&#8221;visible&#8221; pointer_events=&#8221;all&#8221;][vc_column_inner column_padding=&#8221;no-extra-padding&#8221; column_padding_tablet=&#8221;inherit&#8221; column_padding_phone=&#8221;inherit&#8221; column_padding_position=&#8221;all&#8221; column_element_spacing=&#8221;default&#8221; background_color_opacity=&#8221;1&#8243; background_hover_color_opacity=&#8221;1&#8243; column_shadow=&#8221;none&#8221; column_border_radius=&#8221;none&#8221; column_link_target=&#8221;_self&#8221; gradient_direction=&#8221;left_to_right&#8221; overlay_strength=&#8221;0.3&#8243; width=&#8221;1\/1&#8243; tablet_width_inherit=&#8221;default&#8221; animation_type=&#8221;default&#8221; bg_image_animation=&#8221;none&#8221; border_type=&#8221;simple&#8221; column_border_width=&#8221;none&#8221; column_border_style=&#8221;solid&#8221;][fancy-ul icon_type=&#8221;font_icon&#8221; icon=&#8221;icon-minus&#8221; color=&#8221;Accent-Color&#8221; alignment=&#8221;left&#8221; spacing=&#8221;default&#8221; enable_animation=&#8221;true&#8221;]<\/p>\n<ul>\n<li>Arriv\u00e9e \u00e0 <strong>Villagrande Strisaili<\/strong>, sistemazione presso l\u2019<strong>H\u00f4tels Orlando<\/strong> e tempo a disposizione per dedicarsi alla scoperta di questa meravigliosa struttura &#8211; immersa in un ambiente naturale eccezionale &#8211; e dei suoi servizi, come la Spa <em>\u201cIl Bosco Incantato\u201d<\/em>, impreziosita da travi di ginepro che decorano i diversi ambienti, con bagno turco, sauna finlandese, due vasche idromassaggio, percorso Kneipp e docce di aroma\/cromoterapia. Possibilit\u00e0 di passeggiare nel bosco circostante, o di raggiungere le <em>Cascate di Sotzai<\/em> e <em>Bau Mela<\/em>, a 2 km dall\u2019hotel nel bel mezzo della vegetazione.<\/li>\n<li>D\u00eener et nuit sur place.<\/li>\n<\/ul>\n<p>[\/fancy-ul][divider line_type=&#8221;Full Width Line&#8221; line_thickness=&#8221;1&#8243; divider_color=&#8221;extra-color-gradient-2&#8243; animate=&#8221;yes&#8221; delay=&#8221;150&#8243;][\/vc_column_inner][\/vc_row_inner][\/tab][tab icon_family=&#8221;none&#8221; title=&#8221;Giorno 2&#8243; id=&#8221;1657721309954-0&#8243; sub_desc=&#8221;TISCALI &amp; LANAITTU HIKING TOUR&#8221; tab_id=&#8221;1657721309954-6&#8243;][vc_row_inner content_placement=&#8221;top&#8221; column_margin=&#8221;none&#8221; column_direction=&#8221;default&#8221; column_direction_tablet=&#8221;default&#8221; column_direction_phone=&#8221;default&#8221; text_align=&#8221;left&#8221; row_position=&#8221;default&#8221; row_position_tablet=&#8221;inherit&#8221; row_position_phone=&#8221;inherit&#8221; overflow=&#8221;visible&#8221; pointer_events=&#8221;all&#8221;][vc_column_inner column_padding=&#8221;no-extra-padding&#8221; column_padding_tablet=&#8221;inherit&#8221; column_padding_phone=&#8221;inherit&#8221; column_padding_position=&#8221;all&#8221; column_element_spacing=&#8221;default&#8221; background_color_opacity=&#8221;1&#8243; background_hover_color_opacity=&#8221;1&#8243; column_shadow=&#8221;none&#8221; column_border_radius=&#8221;none&#8221; column_link_target=&#8221;_self&#8221; gradient_direction=&#8221;left_to_right&#8221; overlay_strength=&#8221;0.3&#8243; width=&#8221;1\/1&#8243; tablet_width_inherit=&#8221;default&#8221; animation_type=&#8221;default&#8221; bg_image_animation=&#8221;none&#8221; border_type=&#8221;simple&#8221; column_border_width=&#8221;none&#8221; column_border_style=&#8221;solid&#8221;][fancy-ul icon_type=&#8221;font_icon&#8221; icon=&#8221;icon-minus&#8221; color=&#8221;Accent-Color&#8221; alignment=&#8221;left&#8221; spacing=&#8221;default&#8221; enable_animation=&#8221;true&#8221;]<\/p>\n<ul>\n<li>Colazione in struttura, incontro con l\u2019autista e trasferimento a <strong>Tiscali<\/strong>, un piccolo rilievo carsico nel cuore del <strong>Supramonte Dorgalese<\/strong>, in cima al quale si form\u00f2 una dolina a causa del crollo della volta di un\u2019antica grotta. All\u2019interno, nell\u2019angolo pi\u00f9 protetto della dolina, un villaggio \u00e8 stato costruito durante l\u2019era nuragica; \u00e8 stato successivamente abitato con discontinuit\u00e0 fino alle prime frequentazioni romane dell\u2019isola (III-IV secolo aC).<\/li>\n<li>Incontro con la guida e inizio del tour alla scoperta del sito storico di <em>Su Gologone<\/em> a <strong>Oliena<\/strong>, attraversando la <em>Valle di Lanaittu<\/em> fino a raggiungere <em>Monte Tiscali<\/em>, il vero punto di partenza del nostro trekking. Dopo circa 1 ora e 30 minuti di cammino leggermente in salita lungo un percorso panoramico, si raggiunge il sito archeologico nuragico di Tiscali. Visita del vasto insediamento nuragico e rientro al parcheggio.<\/li>\n<li>Pausa pranzo al sacco (non incluso) nel sito di Tiscali in corso d\u2019escursione (<strong>Sardinia Slow Experience<\/strong>) Rientro in struttura con trasferimento privato, cena e pernottamento.<\/li>\n<\/ul>\n<p>[\/fancy-ul][divider line_type=&#8221;Full Width Line&#8221; line_thickness=&#8221;1&#8243; divider_color=&#8221;extra-color-gradient-2&#8243; animate=&#8221;yes&#8221; delay=&#8221;150&#8243;][\/vc_column_inner][\/vc_row_inner][\/tab][tab icon_family=&#8221;none&#8221; title=&#8221;Giorno 3&#8243; id=&#8221;1657721310096-10&#8243; sub_desc=&#8221;GORROPU CANYON HIKING TOUR&#8221; tab_id=&#8221;1657721310097-9&#8243;][vc_row_inner content_placement=&#8221;top&#8221; column_margin=&#8221;none&#8221; column_direction=&#8221;default&#8221; column_direction_tablet=&#8221;default&#8221; column_direction_phone=&#8221;default&#8221; text_align=&#8221;left&#8221; row_position=&#8221;default&#8221; row_position_tablet=&#8221;inherit&#8221; row_position_phone=&#8221;inherit&#8221; overflow=&#8221;visible&#8221; pointer_events=&#8221;all&#8221;][vc_column_inner column_padding=&#8221;no-extra-padding&#8221; column_padding_tablet=&#8221;inherit&#8221; column_padding_phone=&#8221;inherit&#8221; column_padding_position=&#8221;all&#8221; column_element_spacing=&#8221;default&#8221; background_color_opacity=&#8221;1&#8243; background_hover_color_opacity=&#8221;1&#8243; column_shadow=&#8221;none&#8221; column_border_radius=&#8221;none&#8221; column_link_target=&#8221;_self&#8221; gradient_direction=&#8221;left_to_right&#8221; overlay_strength=&#8221;0.3&#8243; width=&#8221;1\/1&#8243; tablet_width_inherit=&#8221;default&#8221; animation_type=&#8221;default&#8221; bg_image_animation=&#8221;none&#8221; border_type=&#8221;simple&#8221; column_border_width=&#8221;none&#8221; column_border_style=&#8221;solid&#8221;][fancy-ul icon_type=&#8221;font_icon&#8221; icon=&#8221;icon-minus&#8221; color=&#8221;Accent-Color&#8221; alignment=&#8221;left&#8221; spacing=&#8221;default&#8221; enable_animation=&#8221;true&#8221;]<\/p>\n<ul>\n<li>Colazione in struttura, incontro con l\u2019autista e trasferimento a <strong>Dorgali<\/strong> da cui si accede a uno dei canyon pi\u00f9 spettacolari della Sardegna, il <em>Gorropu Canyon<\/em>. Dopo aver camminato lungo il <em>Rio Flumineddu<\/em>, si percorrono circa altri 6 km prima di raggiungere l\u2019entrata del canyon. Una volta arrivati all\u2019ingresso del canyon, si continuer\u00e0 lungo il Rio Flumineddu circondati da un paesaggio spettacolare, tra le pareti rocciose del canyon che raggiungono fino a 500 metri di altezza. Il percorso all\u2019interno del canyon \u00e8 lungo circa 1,5 km ed \u00e8 marcato con 3 colori diversi in base al grado di difficolt\u00e0: il percorso verde \u00e8 abbastanza semplice, il giallo di media difficolt\u00e0, mentre il rosso \u00e8 riservato agli escursionisti pi\u00f9 esperti. Sulla via del ritorno si potranno scoprire le piscine naturali del fiume, dove i partecipanti al tour potranno fare un bagno rinfrescante prima della camminata di ritorno finale.<br \/>\nSito nuragico di Tiscali. Visita del vasto insediamento nuragico e rientro al parcheggio.<\/li>\n<li>Pausa pranzo al sacco (non incluso) nel canyon in corso d\u2019escursione (<strong>Sardinia Slow Experience<\/strong>) Rientro in struttura con trasferimento privato, cena e pernottamento.<\/li>\n<\/ul>\n<p>[\/fancy-ul][divider line_type=&#8221;Full Width Line&#8221; line_thickness=&#8221;1&#8243; divider_color=&#8221;extra-color-gradient-2&#8243; animate=&#8221;yes&#8221; delay=&#8221;150&#8243;][\/vc_column_inner][\/vc_row_inner][\/tab][tab icon_family=&#8221;none&#8221; title=&#8221;Giorno 4&#8243; id=&#8221;1657721689625-6&#8243; tab_id=&#8221;1657721689626-10&#8243;][vc_row_inner content_placement=&#8221;top&#8221; column_margin=&#8221;none&#8221; column_direction=&#8221;default&#8221; column_direction_tablet=&#8221;default&#8221; column_direction_phone=&#8221;default&#8221; text_align=&#8221;left&#8221; row_position=&#8221;default&#8221; row_position_tablet=&#8221;inherit&#8221; row_position_phone=&#8221;inherit&#8221; overflow=&#8221;visible&#8221; pointer_events=&#8221;all&#8221;][vc_column_inner column_padding=&#8221;no-extra-padding&#8221; column_padding_tablet=&#8221;inherit&#8221; column_padding_phone=&#8221;inherit&#8221; column_padding_position=&#8221;all&#8221; column_element_spacing=&#8221;default&#8221; background_color_opacity=&#8221;1&#8243; background_hover_color_opacity=&#8221;1&#8243; column_shadow=&#8221;none&#8221; column_border_radius=&#8221;none&#8221; column_link_target=&#8221;_self&#8221; gradient_direction=&#8221;left_to_right&#8221; overlay_strength=&#8221;0.3&#8243; width=&#8221;1\/1&#8243; tablet_width_inherit=&#8221;default&#8221; animation_type=&#8221;default&#8221; bg_image_animation=&#8221;none&#8221; border_type=&#8221;simple&#8221; column_border_width=&#8221;none&#8221; column_border_style=&#8221;solid&#8221;][fancy-ul icon_type=&#8221;font_icon&#8221; icon=&#8221;icon-minus&#8221; color=&#8221;Accent-Color&#8221; alignment=&#8221;left&#8221; spacing=&#8221;default&#8221; enable_animation=&#8221;true&#8221;]<\/p>\n<ul>\n<li>Petit d\u00e9jeuner \u00e0 l'h\u00f4tel et d\u00e9part.<br \/>\nMattinata dedicata al relax in struttura dove poter godere dei servizi del centro benessere o delle passeggiate nei dintorni.<\/li>\n<\/ul>\n<p>[\/fancy-ul][divider line_type=\u201dFull Width Line\u201d line_thickness=\u201d1\u2033 divider_colour=\u201dextra-colour-gradient-2\u2033 animate=\u201dyes\u201d delay=\u201d150\u2033][\/vc_column_inner][\/vc_row_inner][\/tab][\/tabbed_section][\/vc_column][\/vc_row][\/vc_column][\/vc_row]<\/p>","protected":false},"excerpt":{"rendered":"<p>4 meravigliosi giorni nel cuore della Sardegna.<\/p>\n<p><a href=\"#dettagli\">En savoir plus<\/a><\/p>","protected":false},"featured_media":7913,"comment_status":"closed","ping_status":"closed","template":"","meta":[],"product_brand":[],"product_cat":[753],"product_tag":[644,642,643],"berocket_brand":[],"class_list":{"0":"post-2981","1":"product","2":"type-product","3":"status-publish","4":"has-post-thumbnail","6":"product_cat-sardegna-percorsi","7":"product_tag-lanaittu","8":"product_tag-tiscali","9":"product_tag-villagrande-strisali","11":"first","12":"outofstock","13":"virtual","14":"product-type-simple"},"_links":{"self":[{"href":"https:\/\/www.qualitymade.eu\/fr\/wp-json\/wp\/v2\/product\/2981","targetHints":{"allow":["GET"]}}],"collection":[{"href":"https:\/\/www.qualitymade.eu\/fr\/wp-json\/wp\/v2\/product"}],"about":[{"href":"https:\/\/www.qualitymade.eu\/fr\/wp-json\/wp\/v2\/types\/product"}],"replies":[{"embeddable":true,"href":"https:\/\/www.qualitymade.eu\/fr\/wp-json\/wp\/v2\/comments?post=2981"}],"wp:featuredmedia":[{"embeddable":true,"href":"https:\/\/www.qualitymade.eu\/fr\/wp-json\/wp\/v2\/media\/7913"}],"wp:attachment":[{"href":"https:\/\/www.qualitymade.eu\/fr\/wp-json\/wp\/v2\/media?parent=2981"}],"wp:term":[{"taxonomy":"product_brand","embeddable":true,"href":"https:\/\/www.qualitymade.eu\/fr\/wp-json\/wp\/v2\/product_brand?post=2981"},{"taxonomy":"product_cat","embeddable":true,"href":"https:\/\/www.qualitymade.eu\/fr\/wp-json\/wp\/v2\/product_cat?post=2981"},{"taxonomy":"product_tag","embeddable":true,"href":"https:\/\/www.qualitymade.eu\/fr\/wp-json\/wp\/v2\/product_tag?post=2981"},{"taxonomy":"berocket_brand","embeddable":true,"href":"https:\/\/www.qualitymade.eu\/fr\/wp-json\/wp\/v2\/berocket_brand?post=2981"}],"curies":[{"name":"wp","href":"https:\/\/api.w.org\/{rel}","templated":true}]}}