{"id":3024,"date":"2022-07-21T00:00:00","date_gmt":"2022-07-21T00:00:00","guid":{"rendered":"https:\/\/dev.qualitymade.eu\/?post_type=product&#038;p=3024"},"modified":"2025-02-01T16:57:26","modified_gmt":"2025-02-01T16:57:26","slug":"tour-archeo-gastronomico-nel-nord-della-sardegna","status":"publish","type":"product","link":"https:\/\/www.qualitymade.eu\/fr\/produit\/tour-archeo-gastronomico-nel-nord-della-sardegna\/","title":{"rendered":"Circuit arch\u00e9o-gastronomique dans le nord de la Sardaigne"},"content":{"rendered":"<p>[vc_row type=&#8221;full_width_background&#8221; full_screen_row_position=&#8221;middle&#8221; column_margin=&#8221;default&#8221; column_direction=&#8221;default&#8221; column_direction_tablet=&#8221;default&#8221; column_direction_phone=&#8221;default&#8221; bg_image=&#8221;72&#8243; bg_position=&#8221;center center&#8221; background_image_loading=&#8221;lazy-load&#8221; bg_repeat=&#8221;no-repeat&#8221; scene_position=&#8221;center&#8221; top_padding=&#8221;6%&#8221; bottom_padding=&#8221;6%&#8221; text_color=&#8221;dark&#8221; text_align=&#8221;left&#8221; row_border_radius=&#8221;none&#8221; row_border_radius_applies=&#8221;bg&#8221; overflow=&#8221;visible&#8221; id=&#8221;dettagli&#8221; advanced_gradient=&#8221;linear-gradient(320deg, rgba(130,193,194,0.4) 14%, rgba(130, 193, 194, 0.2) 79%)&#8221; advanced_gradient_angle=&#8221;320&#8243; shape_divider_position=&#8221;bottom&#8221; bg_image_animation=&#8221;none&#8221; shape_type=&#8221;&#8221; gradient_type=&#8221;advanced&#8221; advanced_gradient_display_type=&#8221;linear&#8221;][vc_column column_padding=&#8221;no-extra-padding&#8221; column_padding_tablet=&#8221;inherit&#8221; column_padding_phone=&#8221;inherit&#8221; column_padding_position=&#8221;all&#8221; column_element_spacing=&#8221;default&#8221; background_color_opacity=&#8221;1&#8243; background_hover_color_opacity=&#8221;1&#8243; column_shadow=&#8221;none&#8221; column_border_radius=&#8221;none&#8221; column_link_target=&#8221;_self&#8221; column_position=&#8221;default&#8221; gradient_direction=&#8221;left_to_right&#8221; overlay_strength=&#8221;0.3&#8243; width=&#8221;1\/1&#8243; tablet_width_inherit=&#8221;default&#8221; tablet_text_alignment=&#8221;default&#8221; phone_text_alignment=&#8221;default&#8221; animation_type=&#8221;default&#8221; bg_image_animation=&#8221;none&#8221; border_type=&#8221;simple&#8221; column_border_width=&#8221;none&#8221; column_border_style=&#8221;solid&#8221;][tabbed_section style=&#8221;vertical_scrolling&#8221; tab_color=&#8221;extra-color-gradient-1&#8243; vs_navigation_func=&#8221;active_link_only&#8221; vs_navigation_width=&#8221;regular&#8221; vs_tab_spacing=&#8221;20%&#8221; vs_tab_tag=&#8221;h5&#8243; vs_cta_style=&#8221;see-through&#8221; vs_cta_bg_color=&#8221;default&#8221; vs_cta_heading_tag=&#8221;h6&#8243; vs_sticky_aspect=&#8221;default&#8221; vs_font_size=&#8221;28px&#8221;][tab icon_family=&#8221;none&#8221; title=&#8221;Itinerario&#8221; id=&#8221;1658389970395-9&#8243; sub_desc=&#8221;Percorsi, indicazioni e suggestioni.&#8221; tab_id=&#8221;1658389970396-8&#8243;][vc_row_inner column_margin=&#8221;none&#8221; column_direction=&#8221;default&#8221; column_direction_tablet=&#8221;default&#8221; column_direction_phone=&#8221;default&#8221; text_align=&#8221;left&#8221; row_position=&#8221;default&#8221; row_position_tablet=&#8221;inherit&#8221; row_position_phone=&#8221;inherit&#8221; overflow=&#8221;visible&#8221; pointer_events=&#8221;all&#8221;][vc_column_inner column_padding=&#8221;no-extra-padding&#8221; column_padding_tablet=&#8221;inherit&#8221; column_padding_phone=&#8221;inherit&#8221; column_padding_position=&#8221;all&#8221; column_element_spacing=&#8221;default&#8221; background_color_opacity=&#8221;1&#8243; background_hover_color_opacity=&#8221;1&#8243; column_shadow=&#8221;none&#8221; column_border_radius=&#8221;none&#8221; column_link_target=&#8221;_self&#8221; gradient_direction=&#8221;left_to_right&#8221; overlay_strength=&#8221;0.3&#8243; width=&#8221;1\/1&#8243; tablet_width_inherit=&#8221;default&#8221; animation_type=&#8221;default&#8221; bg_image_animation=&#8221;none&#8221; border_type=&#8221;simple&#8221; column_border_width=&#8221;none&#8221; column_border_style=&#8221;solid&#8221;][vc_custom_heading text=&#8221;3 giorni di archeologia, arte e buon cibo nel nord della Sardegna.&#8221; font_container=&#8221;tag:h2|font_size:30|text_align:left|line_height:40px&#8221; use_theme_fonts=&#8221;yes&#8221; css=&#8221;.vc_custom_1658390011063&#8243;][divider line_type=&#8221;Full Width Line&#8221; line_thickness=&#8221;1&#8243; divider_color=&#8221;extra-color-gradient-2&#8243; animate=&#8221;yes&#8221; delay=&#8221;150&#8243;][\/vc_column_inner][\/vc_row_inner][\/tab][tab icon_family=&#8221;none&#8221; title=&#8221;Giorno 1&#8243; id=&#8221;1658389970592-2&#8243; sub_desc=&#8221;PORTO TORRES&#8221; tab_id=&#8221;1658389970592-3&#8243;][vc_row_inner content_placement=&#8221;top&#8221; column_margin=&#8221;none&#8221; column_direction=&#8221;default&#8221; column_direction_tablet=&#8221;default&#8221; column_direction_phone=&#8221;default&#8221; text_align=&#8221;left&#8221; row_position=&#8221;default&#8221; row_position_tablet=&#8221;inherit&#8221; row_position_phone=&#8221;inherit&#8221; overflow=&#8221;visible&#8221; pointer_events=&#8221;all&#8221;][vc_column_inner column_padding=&#8221;no-extra-padding&#8221; column_padding_tablet=&#8221;inherit&#8221; column_padding_phone=&#8221;inherit&#8221; column_padding_position=&#8221;all&#8221; column_element_spacing=&#8221;default&#8221; background_color_opacity=&#8221;1&#8243; background_hover_color_opacity=&#8221;1&#8243; column_shadow=&#8221;none&#8221; column_border_radius=&#8221;none&#8221; column_link_target=&#8221;_self&#8221; gradient_direction=&#8221;left_to_right&#8221; overlay_strength=&#8221;0.3&#8243; width=&#8221;1\/1&#8243; tablet_width_inherit=&#8221;default&#8221; animation_type=&#8221;default&#8221; bg_image_animation=&#8221;none&#8221; border_type=&#8221;simple&#8221; column_border_width=&#8221;none&#8221; column_border_style=&#8221;solid&#8221;][fancy-ul icon_type=&#8221;font_icon&#8221; icon=&#8221;icon-minus&#8221; color=&#8221;Accent-Color&#8221; alignment=&#8221;left&#8221; spacing=&#8221;default&#8221; enable_animation=&#8221;true&#8221;]<\/p>\n<ul>\n<li>Arriv\u00e9e \u00e0 <strong>Porto Torres<\/strong>, rencontre avec un guide de <em>Tourisme ArcheoTorres<\/em> ou de <em>Services culturels IBIS<\/em> et du tourisme et visiter la ville en empruntant l'un des itin\u00e9raires th\u00e9matiques propos\u00e9s par les entreprises. Ensuite, accompagn\u00e9s par les\u2019<em>Entreprise Turris Bisleonis<\/em>, visite de l'ancienne <em>Basilique de San Gavino<\/em>, l'unique \u00e9glise d'Italie \u00e0 abside double et le plus grand monument roman de Sardaigne, ainsi que les deux remarquables \u00e9glises c\u00f4ti\u00e8res de <strong>Balai Pr\u00e8s de<\/strong> e <strong>Far Balai<\/strong>. Transfert en v\u00e9hicule personnel vers le village de <strong>Nulvi<\/strong>.<br \/>\nVous pouvez choisir de suivre la route c\u00f4ti\u00e8re et de vous arr\u00eater bri\u00e8vement \u00e0 <strong>Castelsardo<\/strong>, Vous pouvez \u00e9galement emprunter la route int\u00e9rieure qui traverse la campagne de Sorso et de Sennori, au c\u0153ur d'un paysage o\u00f9 se m\u00ealent mer, vignobles et oliveraies.<\/li>\n<li>D\u00eener et nuit \u00e0 l'h\u00f4tel\u2019<em>Ferme agritouristique et p\u00e9dagogique Ruspina<\/em> .<\/li>\n<\/ul>\n<p>[\/fancy-ul][divider line_type=&#8221;Full Width Line&#8221; line_thickness=&#8221;1&#8243; divider_color=&#8221;extra-color-gradient-2&#8243; animate=&#8221;yes&#8221; delay=&#8221;150&#8243;][\/vc_column_inner][\/vc_row_inner][\/tab][tab icon_family=&#8221;none&#8221; title=&#8221;Giorno 2&#8243; id=&#8221;1658389970823-6&#8243; sub_desc=&#8221;PORTO TORRES &#8211; ALGHERO&#8221; tab_id=&#8221;1658389970824-7&#8243;][vc_row_inner content_placement=&#8221;top&#8221; column_margin=&#8221;none&#8221; column_direction=&#8221;default&#8221; column_direction_tablet=&#8221;default&#8221; column_direction_phone=&#8221;default&#8221; text_align=&#8221;left&#8221; row_position=&#8221;default&#8221; row_position_tablet=&#8221;inherit&#8221; row_position_phone=&#8221;inherit&#8221; overflow=&#8221;visible&#8221; pointer_events=&#8221;all&#8221;][vc_column_inner column_padding=&#8221;no-extra-padding&#8221; column_padding_tablet=&#8221;inherit&#8221; column_padding_phone=&#8221;inherit&#8221; column_padding_position=&#8221;all&#8221; column_element_spacing=&#8221;default&#8221; background_color_opacity=&#8221;1&#8243; background_hover_color_opacity=&#8221;1&#8243; column_shadow=&#8221;none&#8221; column_border_radius=&#8221;none&#8221; column_link_target=&#8221;_self&#8221; gradient_direction=&#8221;left_to_right&#8221; overlay_strength=&#8221;0.3&#8243; width=&#8221;1\/1&#8243; tablet_width_inherit=&#8221;default&#8221; animation_type=&#8221;default&#8221; bg_image_animation=&#8221;none&#8221; border_type=&#8221;simple&#8221; column_border_width=&#8221;none&#8221; column_border_style=&#8221;solid&#8221;][fancy-ul icon_type=&#8221;font_icon&#8221; icon=&#8221;icon-minus&#8221; color=&#8221;Accent-Color&#8221; alignment=&#8221;left&#8221; spacing=&#8221;default&#8221; enable_animation=&#8221;true&#8221;]<\/p>\n<ul>\n<li>Petit-d\u00e9jeuner sur place et visite de l'entreprise et des ateliers sur demande.<\/li>\n<li>Suite \u00e0 la visite de <strong>Nulvi<\/strong>, ville de tradition agropastorale, c\u00e9l\u00e8bre pour ses excellents fromages de brebis et o\u00f9 l'on trouve de nombreux nuraghi, dont le <em>Nuraghe Alvu<\/em>, de nombreuses \u00e9glises et le mus\u00e9e des chandeliers. Transfert en v\u00e9hicule personnel vers <strong>Alghero<\/strong>. En cours de route, si vous choisissez l'int\u00e9rieur, un petit arr\u00eat \u00e0 <strong>Osilo<\/strong>, Le village est caract\u00e9ristique, perch\u00e9 sur une colline autour des vestiges d'un ch\u00e2teau, et c\u00e9l\u00e8bre pour son fromage \u201cpecorino di Osilo\u201d, une Sentinelle Slow Food. Arriv\u00e9e \u00e0 Alghero, la \u201cRiviera du Corail\u201d, o\u00f9 vit la plus grande colonie de coraux de la plus haute qualit\u00e9 et o\u00f9 l'on peut visiter l'\u00e9glise de l'\u00eele d'Alghero. <em>Mus\u00e9e du corail Rubrum<\/em>. C'est l'une des portes d'entr\u00e9e de la Sardaigne, entour\u00e9e d'anciennes murailles et connue pour sa vieille ville pav\u00e9e. Ses \u00e9difices de style gothique catalan comprennent le <em>Cath\u00e9drale Sainte-Marie<\/em>, avec un imposant clocher, <em>Palais Guillot<\/em> et le <em>\u00c9glise Saint-Fran\u00e7ois<\/em>, datant du XIVe si\u00e8cle. L'\u00e9glise San Miguel, situ\u00e9e \u00e0 proximit\u00e9, poss\u00e8de un d\u00f4me color\u00e9 d\u00e9cor\u00e9 de tuiles. Elle est \u00e9galement connue sous le nom de Barceloneta Sarda. C'est l'un des endroits les plus appr\u00e9ci\u00e9s de Sardaigne pour ses belles plages \u00e0 la mer \u00e9meraude et \u00e0 l'artisanat raffin\u00e9, son centre historique et les promenades passionnantes le long des remparts du port, d'o\u00f9 l'on peut admirer un magnifique coucher de soleil sur la mer de Sardaigne. <strong>Chasse au Cap<\/strong>.<\/li>\n<li>D\u00e9jeuner au\u2019<em>Ferme agritouristique et p\u00e9dagogique de Sa Mandra<\/em>, gardien de la v\u00e9ritable tradition gastronomique sarde, o\u00f9 l'on peut visiter le mus\u00e9e de la tradition sarde, la ferme, ses animaux et sa laiterie, ainsi que des ateliers sur demande.<\/li>\n<li>D\u00eener et nuit dans l'\u00e9tablissement, ou transfert pour le d\u00eener et la nuit dans l'\u00e9tablissement.\u2019<em>Ferme agritouristique et p\u00e9dagogique La Genziana<\/em>.<\/li>\n<\/ul>\n<p>[\/fancy-ul][divider line_type=&#8221;Full Width Line&#8221; line_thickness=&#8221;1&#8243; divider_color=&#8221;extra-color-gradient-2&#8243; animate=&#8221;yes&#8221; delay=&#8221;150&#8243;][\/vc_column_inner][\/vc_row_inner][\/tab][tab icon_family=&#8221;none&#8221; title=&#8221;Giorno 2&#8243; id=&#8221;1658389970972-4&#8243; sub_desc=&#8221;ALGHERO&#8221; tab_id=&#8221;1658389970973-2&#8243;][vc_row_inner content_placement=&#8221;top&#8221; column_margin=&#8221;none&#8221; column_direction=&#8221;default&#8221; column_direction_tablet=&#8221;default&#8221; column_direction_phone=&#8221;default&#8221; text_align=&#8221;left&#8221; row_position=&#8221;default&#8221; row_position_tablet=&#8221;inherit&#8221; row_position_phone=&#8221;inherit&#8221; overflow=&#8221;visible&#8221; pointer_events=&#8221;all&#8221;][vc_column_inner column_padding=&#8221;no-extra-padding&#8221; column_padding_tablet=&#8221;inherit&#8221; column_padding_phone=&#8221;inherit&#8221; column_padding_position=&#8221;all&#8221; column_element_spacing=&#8221;default&#8221; background_color_opacity=&#8221;1&#8243; background_hover_color_opacity=&#8221;1&#8243; column_shadow=&#8221;none&#8221; column_border_radius=&#8221;none&#8221; column_link_target=&#8221;_self&#8221; gradient_direction=&#8221;left_to_right&#8221; overlay_strength=&#8221;0.3&#8243; width=&#8221;1\/1&#8243; tablet_width_inherit=&#8221;default&#8221; animation_type=&#8221;default&#8221; bg_image_animation=&#8221;none&#8221; border_type=&#8221;simple&#8221; column_border_width=&#8221;none&#8221; column_border_style=&#8221;solid&#8221;][fancy-ul icon_type=&#8221;font_icon&#8221; icon=&#8221;icon-minus&#8221; color=&#8221;Accent-Color&#8221; alignment=&#8221;left&#8221; spacing=&#8221;default&#8221; enable_animation=&#8221;true&#8221;]<\/p>\n<ul>\n<li>Petit d\u00e9jeuner \u00e0 l'h\u00f4tel et d\u00e9part.<\/li>\n<li>Pour ceux qui choisissent le\u2019<em>Ferme agritouristique et p\u00e9dagogique La Genziana<\/em>, des ateliers \u00e9ducatifs peuvent \u00eatre organis\u00e9s sur demande.<br \/>\nTransfert vers le <em>Parc naturel r\u00e9gional de Porto Conte<\/em> et ses mus\u00e9es pour une visite et un d\u00e9jeuner \u00e0 l'Emporio del Parco (Mangiarsardo).<br \/>\nDans l'apr\u00e8s-midi, visite guid\u00e9e de la <em>Palmavera nuraghe<\/em> (1500 av. J.-C.) et le <em>N\u00e9cropole d'Anghelu Ruju<\/em> (4200 AV. J.-C.).<br \/>\nSur la sc\u00e8ne arch\u00e9ologique italienne : les nuraghe de Palmavera (1500 av. J.-C.) et la n\u00e9cropole d'Anghelu Ruju<br \/>\n(4200 AV. J.-C.).<\/li>\n<li>D\u00e9jeuner au\u2019<em>Park Emporium<\/em> (Mangiarsardo)<br \/>\nNous vous recommandons \u00e9galement de visiter le splendide <em>\u201cMus\u00e9e du corail\u201d<\/em> situ\u00e9 \u00e0 l'int\u00e9rieur d'une Villa Art Nouveau : une v\u00e9ritable immersion dans la d\u00e9couverte de l'une de ses principales ressources, le corail rouge.<\/li>\n<\/ul>\n<p>[\/fancy-ul][divider line_type=\u201dFull Width Line\u201d line_thickness=\u201d1\u2033 divider_colour=\u201dextra-colour-gradient-2\u2033 animate=\u201dyes\u201d delay=\u201d150\u2033][\/vc_column_inner][\/vc_row_inner][\/tab][\/tabbed_section][\/vc_column][\/vc_row][\/vc_column][\/vc_row]<\/p>","protected":false},"excerpt":{"rendered":"<p>3 jours d'arch\u00e9ologie, d'art et de bonne cuisine dans le nord de la Sardaigne.<\/p>\n<p><a href=\"#dettagli\">En savoir plus<\/a><\/p>","protected":false},"featured_media":7922,"comment_status":"closed","ping_status":"closed","template":"","meta":[],"product_brand":[],"product_cat":[753],"product_tag":[651,652,653,650,654],"berocket_brand":[],"class_list":{"0":"post-3024","1":"product","2":"type-product","3":"status-publish","4":"has-post-thumbnail","6":"product_cat-sardegna-percorsi","7":"product_tag-alghero","8":"product_tag-capo-caccia","9":"product_tag-castelsardo","10":"product_tag-nulvi","11":"product_tag-osilo","13":"first","14":"outofstock","15":"virtual","16":"product-type-simple"},"_links":{"self":[{"href":"https:\/\/www.qualitymade.eu\/fr\/wp-json\/wp\/v2\/product\/3024","targetHints":{"allow":["GET"]}}],"collection":[{"href":"https:\/\/www.qualitymade.eu\/fr\/wp-json\/wp\/v2\/product"}],"about":[{"href":"https:\/\/www.qualitymade.eu\/fr\/wp-json\/wp\/v2\/types\/product"}],"replies":[{"embeddable":true,"href":"https:\/\/www.qualitymade.eu\/fr\/wp-json\/wp\/v2\/comments?post=3024"}],"wp:featuredmedia":[{"embeddable":true,"href":"https:\/\/www.qualitymade.eu\/fr\/wp-json\/wp\/v2\/media\/7922"}],"wp:attachment":[{"href":"https:\/\/www.qualitymade.eu\/fr\/wp-json\/wp\/v2\/media?parent=3024"}],"wp:term":[{"taxonomy":"product_brand","embeddable":true,"href":"https:\/\/www.qualitymade.eu\/fr\/wp-json\/wp\/v2\/product_brand?post=3024"},{"taxonomy":"product_cat","embeddable":true,"href":"https:\/\/www.qualitymade.eu\/fr\/wp-json\/wp\/v2\/product_cat?post=3024"},{"taxonomy":"product_tag","embeddable":true,"href":"https:\/\/www.qualitymade.eu\/fr\/wp-json\/wp\/v2\/product_tag?post=3024"},{"taxonomy":"berocket_brand","embeddable":true,"href":"https:\/\/www.qualitymade.eu\/fr\/wp-json\/wp\/v2\/berocket_brand?post=3024"}],"curies":[{"name":"wp","href":"https:\/\/api.w.org\/{rel}","templated":true}]}}