{"id":3035,"date":"2022-07-21T00:00:00","date_gmt":"2022-07-21T00:00:00","guid":{"rendered":"https:\/\/dev.qualitymade.eu\/?post_type=product&#038;p=3035"},"modified":"2025-02-01T16:57:26","modified_gmt":"2025-02-01T16:57:26","slug":"tour-alla-scoperta-della-gastronomia-e-tradizioni-della-sardegna-centrale","status":"publish","type":"product","link":"https:\/\/www.qualitymade.eu\/fr\/produit\/tour-alla-scoperta-della-gastronomia-e-tradizioni-della-sardegna-centrale\/","title":{"rendered":"Circuit \u00e0 la d\u00e9couverte de la gastronomie et des traditions du centre de la Sardaigne"},"content":{"rendered":"<p>[vc_row type=&#8221;full_width_background&#8221; full_screen_row_position=&#8221;middle&#8221; column_margin=&#8221;default&#8221; column_direction=&#8221;default&#8221; column_direction_tablet=&#8221;default&#8221; column_direction_phone=&#8221;default&#8221; bg_image=&#8221;72&#8243; bg_position=&#8221;center center&#8221; background_image_loading=&#8221;lazy-load&#8221; bg_repeat=&#8221;no-repeat&#8221; scene_position=&#8221;center&#8221; top_padding=&#8221;6%&#8221; bottom_padding=&#8221;6%&#8221; text_color=&#8221;dark&#8221; text_align=&#8221;left&#8221; row_border_radius=&#8221;none&#8221; row_border_radius_applies=&#8221;bg&#8221; overflow=&#8221;visible&#8221; id=&#8221;dettagli&#8221; advanced_gradient=&#8221;linear-gradient(320deg, rgba(130,193,194,0.4) 14%, rgba(130, 193, 194, 0.2) 79%)&#8221; advanced_gradient_angle=&#8221;320&#8243; shape_divider_position=&#8221;bottom&#8221; bg_image_animation=&#8221;none&#8221; shape_type=&#8221;&#8221; gradient_type=&#8221;advanced&#8221; advanced_gradient_display_type=&#8221;linear&#8221;][vc_column column_padding=&#8221;no-extra-padding&#8221; column_padding_tablet=&#8221;inherit&#8221; column_padding_phone=&#8221;inherit&#8221; column_padding_position=&#8221;all&#8221; column_element_spacing=&#8221;default&#8221; background_color_opacity=&#8221;1&#8243; background_hover_color_opacity=&#8221;1&#8243; column_shadow=&#8221;none&#8221; column_border_radius=&#8221;none&#8221; column_link_target=&#8221;_self&#8221; column_position=&#8221;default&#8221; gradient_direction=&#8221;left_to_right&#8221; overlay_strength=&#8221;0.3&#8243; width=&#8221;1\/1&#8243; tablet_width_inherit=&#8221;default&#8221; tablet_text_alignment=&#8221;default&#8221; phone_text_alignment=&#8221;default&#8221; animation_type=&#8221;default&#8221; bg_image_animation=&#8221;none&#8221; border_type=&#8221;simple&#8221; column_border_width=&#8221;none&#8221; column_border_style=&#8221;solid&#8221;][tabbed_section style=&#8221;vertical_scrolling&#8221; tab_color=&#8221;extra-color-gradient-1&#8243; vs_navigation_func=&#8221;active_link_only&#8221; vs_navigation_width=&#8221;regular&#8221; vs_tab_spacing=&#8221;20%&#8221; vs_tab_tag=&#8221;h5&#8243; vs_cta_style=&#8221;see-through&#8221; vs_cta_bg_color=&#8221;default&#8221; vs_cta_heading_tag=&#8221;h6&#8243; vs_sticky_aspect=&#8221;default&#8221; vs_font_size=&#8221;28px&#8221;][tab icon_family=&#8221;none&#8221; title=&#8221;Itinerario&#8221; id=&#8221;1658391669963-0&#8243; sub_desc=&#8221;Percorsi, indicazioni e suggestioni.&#8221; tab_id=&#8221;1658391669964-6&#8243;][vc_row_inner column_margin=&#8221;none&#8221; column_direction=&#8221;default&#8221; column_direction_tablet=&#8221;default&#8221; column_direction_phone=&#8221;default&#8221; text_align=&#8221;left&#8221; row_position=&#8221;default&#8221; row_position_tablet=&#8221;inherit&#8221; row_position_phone=&#8221;inherit&#8221; overflow=&#8221;visible&#8221; pointer_events=&#8221;all&#8221;][vc_column_inner column_padding=&#8221;no-extra-padding&#8221; column_padding_tablet=&#8221;inherit&#8221; column_padding_phone=&#8221;inherit&#8221; column_padding_position=&#8221;all&#8221; column_element_spacing=&#8221;default&#8221; background_color_opacity=&#8221;1&#8243; background_hover_color_opacity=&#8221;1&#8243; column_shadow=&#8221;none&#8221; column_border_radius=&#8221;none&#8221; column_link_target=&#8221;_self&#8221; gradient_direction=&#8221;left_to_right&#8221; overlay_strength=&#8221;0.3&#8243; width=&#8221;1\/1&#8243; tablet_width_inherit=&#8221;default&#8221; animation_type=&#8221;default&#8221; bg_image_animation=&#8221;none&#8221; border_type=&#8221;simple&#8221; column_border_width=&#8221;none&#8221; column_border_style=&#8221;solid&#8221;][vc_custom_heading text=&#8221;Un tour di 3 giorni alla scoperta della gastronomia e delle tradizioni della Sardegna centrale.&#8221; font_container=&#8221;tag:h2|font_size:30|text_align:left|line_height:40px&#8221; use_theme_fonts=&#8221;yes&#8221; css=&#8221;.vc_custom_1658392357947&#8243;][divider line_type=&#8221;Full Width Line&#8221; line_thickness=&#8221;1&#8243; divider_color=&#8221;extra-color-gradient-2&#8243; animate=&#8221;yes&#8221; delay=&#8221;150&#8243;][\/vc_column_inner][\/vc_row_inner][\/tab][tab icon_family=&#8221;none&#8221; title=&#8221;Giorno 1&#8243; id=&#8221;1658391670149-6&#8243; sub_desc=&#8221;SAMUGHEO&#8221; tab_id=&#8221;1658391670149-9&#8243;][vc_row_inner content_placement=&#8221;top&#8221; column_margin=&#8221;none&#8221; column_direction=&#8221;default&#8221; column_direction_tablet=&#8221;default&#8221; column_direction_phone=&#8221;default&#8221; text_align=&#8221;left&#8221; row_position=&#8221;default&#8221; row_position_tablet=&#8221;inherit&#8221; row_position_phone=&#8221;inherit&#8221; overflow=&#8221;visible&#8221; pointer_events=&#8221;all&#8221;][vc_column_inner column_padding=&#8221;no-extra-padding&#8221; column_padding_tablet=&#8221;inherit&#8221; column_padding_phone=&#8221;inherit&#8221; column_padding_position=&#8221;all&#8221; column_element_spacing=&#8221;default&#8221; background_color_opacity=&#8221;1&#8243; background_hover_color_opacity=&#8221;1&#8243; column_shadow=&#8221;none&#8221; column_border_radius=&#8221;none&#8221; column_link_target=&#8221;_self&#8221; gradient_direction=&#8221;left_to_right&#8221; overlay_strength=&#8221;0.3&#8243; width=&#8221;1\/1&#8243; tablet_width_inherit=&#8221;default&#8221; animation_type=&#8221;default&#8221; bg_image_animation=&#8221;none&#8221; border_type=&#8221;simple&#8221; column_border_width=&#8221;none&#8221; column_border_style=&#8221;solid&#8221;][fancy-ul icon_type=&#8221;font_icon&#8221; icon=&#8221;icon-minus&#8221; color=&#8221;Accent-Color&#8221; alignment=&#8221;left&#8221; spacing=&#8221;default&#8221; enable_animation=&#8221;true&#8221;]<\/p>\n<ul>\n<li>Arriv\u00e9e en v\u00e9hicule priv\u00e9 \u00e0 <strong>Samugheo<\/strong> et visitez cette belle ville de la r\u00e9gion d'Oristanese, au c\u0153ur de la Sardaigne. Vous d\u00e9couvrirez l'activit\u00e9 qui rend ce lieu unique : l'artisanat textile. Ce village est en effet le gardien d'un patrimoine culturel inestimable, transmis depuis des si\u00e8cles. Samugheo, \u00e9galement reconnu comme l'un des plus beaux villages de Sardaigne, est une destination de choix pour les touristes. <em>\u201cVillages authentiques d'Italie\u201d<\/em>, est le principal centre de production de v\u00eatements traditionnels, de tapis et de tapisseries.<\/li>\n<li>D\u00e9jeuner gratuit.<\/li>\n<li>L'apr\u00e8s-midi, il est conseill\u00e9 de poursuivre la d\u00e9couverte du territoire et de la culture traditionnelle en visitant l'int\u00e9ressant <em>Mus\u00e9e r\u00e9gional d'art textile de Murats\u201c<\/em>, Vous pourrez y appr\u00e9cier de splendides objets provenant de toute la Sardaigne et des pi\u00e8ces plus rares, comme les affaciadas, petites tapisseries expos\u00e9es \u00e0 l'occasion de la F\u00eate-Dieu, et cinq tapinu de mortus du XVIIIe si\u00e8cle. \u00c0 la fin de la visite, vous quitterez l'h\u00f4tel de ville avec votre propre v\u00e9hicule.\u201c<em>Agriturismo Da Lino<\/em> pour le d\u00eener avec des produits \u00e0 z\u00e9ro kilom\u00e8tre et la nuit\u00e9e.<\/li>\n<\/ul>\n<p>[\/fancy-ul][divider line_type=&#8221;Full Width Line&#8221; line_thickness=&#8221;1&#8243; divider_color=&#8221;extra-color-gradient-2&#8243; animate=&#8221;yes&#8221; delay=&#8221;150&#8243;][\/vc_column_inner][\/vc_row_inner][\/tab][tab icon_family=&#8221;none&#8221; title=&#8221;Giorno 2&#8243; id=&#8221;1658391670377-10&#8243; sub_desc=&#8221;SAMUGHEO e PAULILATINO&#8221; tab_id=&#8221;1658391670378-7&#8243;][vc_row_inner content_placement=&#8221;top&#8221; column_margin=&#8221;none&#8221; column_direction=&#8221;default&#8221; column_direction_tablet=&#8221;default&#8221; column_direction_phone=&#8221;default&#8221; text_align=&#8221;left&#8221; row_position=&#8221;default&#8221; row_position_tablet=&#8221;inherit&#8221; row_position_phone=&#8221;inherit&#8221; overflow=&#8221;visible&#8221; pointer_events=&#8221;all&#8221;][vc_column_inner column_padding=&#8221;no-extra-padding&#8221; column_padding_tablet=&#8221;inherit&#8221; column_padding_phone=&#8221;inherit&#8221; column_padding_position=&#8221;all&#8221; column_element_spacing=&#8221;default&#8221; background_color_opacity=&#8221;1&#8243; background_hover_color_opacity=&#8221;1&#8243; column_shadow=&#8221;none&#8221; column_border_radius=&#8221;none&#8221; column_link_target=&#8221;_self&#8221; gradient_direction=&#8221;left_to_right&#8221; overlay_strength=&#8221;0.3&#8243; width=&#8221;1\/1&#8243; tablet_width_inherit=&#8221;default&#8221; animation_type=&#8221;default&#8221; bg_image_animation=&#8221;none&#8221; border_type=&#8221;simple&#8221; column_border_width=&#8221;none&#8221; column_border_style=&#8221;solid&#8221;][fancy-ul icon_type=&#8221;font_icon&#8221; icon=&#8221;icon-minus&#8221; color=&#8221;Accent-Color&#8221; alignment=&#8221;left&#8221; spacing=&#8221;default&#8221; enable_animation=&#8221;true&#8221;]<\/p>\n<ul>\n<li>Matin\u00e9e consacr\u00e9e \u00e0 la visite de l'exploitation. L'exploitation s'\u00e9tend sur une magnifique superficie de 16 hectares consacr\u00e9e principalement \u00e0 la culture de la vigne, de l'olivier et d'autres cultures mineures, ainsi qu'\u00e0 l'\u00e9levage de porcs, l'une des principales activit\u00e9s de l'exploitation. Il sera possible d'organiser, apr\u00e8s la visite des terres et des \u00e9levages, une d\u00e9gustation de produits enrichie d'explications sur les techniques de production et les caract\u00e9ristiques qualitatives et organoleptiques.<\/li>\n<li>A la fin de la visite, transfert par votre propre v\u00e9hicule \u00e0 <strong>Paulilatino<\/strong>.<\/li>\n<li>Visite de la <em>Coop\u00e9rative sociale agricole Agribio<\/em> certifi\u00e9 pour l'horticulture biologique. Vous pourrez y \u201ctoucher du doigt\u201d l'art de cultiver des produits tels que les tomates, les courgettes, les aubergines, les concombres, le fenouil et les melons. Vous pourrez \u00e9galement profiter d'un d\u00e9jeuner rapide et de d\u00e9gustations de produits locaux \u201cz\u00e9ro kilom\u00e8tre\u201d. \u00c0 la fin de la visite, vous pourrez \u00e9galement acheter leurs produits. Avant de retourner \u00e0 Samugheo, vous ferez un d\u00e9tour de quelques kilom\u00e8tres par la route de l'Avent, qui vous m\u00e8nera jusqu'\u00e0 l'auberge de jeunesse. <em>Puits sacr\u00e9 de Sainte Christine<\/em>, un parc arch\u00e9ologique o\u00f9 l'on peut admirer de nombreux \u00e9tablissements, dont le village de Nuragic o\u00f9 se distingue le \u201cmonotorre nuraghe\u201d.<\/li>\n<li>Transfert vers <strong>Samugheo<\/strong>, d\u00eener et nuit \u00e0 l'h\u00f4tel <em>Agriturismo Da Lino<\/em>.<\/li>\n<\/ul>\n<p>[\/fancy-ul][divider line_type=&#8221;Full Width Line&#8221; line_thickness=&#8221;1&#8243; divider_color=&#8221;extra-color-gradient-2&#8243; animate=&#8221;yes&#8221; delay=&#8221;150&#8243;][\/vc_column_inner][\/vc_row_inner][\/tab][tab icon_family=&#8221;none&#8221; title=&#8221;Giorno 3&#8243; id=&#8221;1658391670523-5&#8243; sub_desc=&#8221;NORBELLO&#8221; tab_id=&#8221;1658391670524-3&#8243;][vc_row_inner content_placement=&#8221;top&#8221; column_margin=&#8221;none&#8221; column_direction=&#8221;default&#8221; column_direction_tablet=&#8221;default&#8221; column_direction_phone=&#8221;default&#8221; text_align=&#8221;left&#8221; row_position=&#8221;default&#8221; row_position_tablet=&#8221;inherit&#8221; row_position_phone=&#8221;inherit&#8221; overflow=&#8221;visible&#8221; pointer_events=&#8221;all&#8221;][vc_column_inner column_padding=&#8221;no-extra-padding&#8221; column_padding_tablet=&#8221;inherit&#8221; column_padding_phone=&#8221;inherit&#8221; column_padding_position=&#8221;all&#8221; column_element_spacing=&#8221;default&#8221; background_color_opacity=&#8221;1&#8243; background_hover_color_opacity=&#8221;1&#8243; column_shadow=&#8221;none&#8221; column_border_radius=&#8221;none&#8221; column_link_target=&#8221;_self&#8221; gradient_direction=&#8221;left_to_right&#8221; overlay_strength=&#8221;0.3&#8243; width=&#8221;1\/1&#8243; tablet_width_inherit=&#8221;default&#8221; animation_type=&#8221;default&#8221; bg_image_animation=&#8221;none&#8221; border_type=&#8221;simple&#8221; column_border_width=&#8221;none&#8221; column_border_style=&#8221;solid&#8221;][fancy-ul icon_type=&#8221;font_icon&#8221; icon=&#8221;icon-minus&#8221; color=&#8221;Accent-Color&#8221; alignment=&#8221;left&#8221; spacing=&#8221;default&#8221; enable_animation=&#8221;true&#8221;]<\/p>\n<ul>\n<li>D\u00e9part et transfert par son propre v\u00e9hicule vers <strong>Norbello<\/strong> Putzu Furau pour visiter l'exploitation agricole familiale de <em>Eleonora Carboni<\/em>.<\/li>\n<li>Vous y visiterez les 64 hectares de terres principalement consacr\u00e9es \u00e0 l'\u00e9levage de bovins et d'ovins. Ces derniers sont \u00e9lev\u00e9s \u00e0 l'\u00e9tat sauvage et semi-sauvage, en exploitant les p\u00e2turages naturels dans des conditions d'\u00e9levage extensif et en respectant ainsi la durabilit\u00e9 environnementale du territoire.<br \/>\nUne fois la visite termin\u00e9e, vous pouvez acheter ses savoureux fromages aupr\u00e8s d'Eleonora.<br \/>\nLa d\u00e9couverte du territoire peut se poursuivre par la visite du Sanctuaire de San Costantino, th\u00e9\u00e2tre de l'un des \u00e9v\u00e9nements traditionnels les plus attendus et c\u00e9l\u00e9br\u00e9s de l'\u00eele : c'est en effet ici que se d\u00e9roule chaque ann\u00e9e, au coucher du soleil le 6 juillet et \u00e0 l'aube le 7 juillet, s'Ardia, une spectaculaire course de chevaux en l'honneur du saint. Il est \u00e9galement recommand\u00e9 de visiter le <em>Parc arch\u00e9ologique d'Iloi<\/em>On pourra y admirer un nuraghe trilob\u00e9, soutenu par un corps de forme trap\u00e9zo\u00efdale, un village et deux tombes de g\u00e9ants (de l'\u00e2ge du bronze moyen \u00e0 l'\u00e2ge du bronze tardif).<\/li>\n<\/ul>\n<p>[\/fancy-ul][divider line_type=\u201dFull Width Line\u201d line_thickness=\u201d1\u2033 divider_colour=\u201dextra-colour-gradient-2\u2033 animate=\u201dyes\u201d delay=\u201d150\u2033][\/vc_column_inner][\/vc_row_inner][\/tab][\/tabbed_section][\/vc_column][\/vc_row][\/vc_column][\/vc_row]<\/p>","protected":false},"excerpt":{"rendered":"<p>Un circuit de 3 jours pour d\u00e9couvrir la gastronomie et les traditions du centre de la Sardaigne.<\/p>\n<p><a href=\"#dettagli\">En savoir plus<\/a><\/p>","protected":false},"featured_media":7931,"comment_status":"closed","ping_status":"closed","template":"","meta":[],"product_brand":[],"product_cat":[753],"product_tag":[648],"berocket_brand":[],"class_list":{"0":"post-3035","1":"product","2":"type-product","3":"status-publish","4":"has-post-thumbnail","6":"product_cat-sardegna-percorsi","7":"product_tag-samugheo","9":"first","10":"outofstock","11":"virtual","12":"product-type-simple"},"_links":{"self":[{"href":"https:\/\/www.qualitymade.eu\/fr\/wp-json\/wp\/v2\/product\/3035","targetHints":{"allow":["GET"]}}],"collection":[{"href":"https:\/\/www.qualitymade.eu\/fr\/wp-json\/wp\/v2\/product"}],"about":[{"href":"https:\/\/www.qualitymade.eu\/fr\/wp-json\/wp\/v2\/types\/product"}],"replies":[{"embeddable":true,"href":"https:\/\/www.qualitymade.eu\/fr\/wp-json\/wp\/v2\/comments?post=3035"}],"wp:featuredmedia":[{"embeddable":true,"href":"https:\/\/www.qualitymade.eu\/fr\/wp-json\/wp\/v2\/media\/7931"}],"wp:attachment":[{"href":"https:\/\/www.qualitymade.eu\/fr\/wp-json\/wp\/v2\/media?parent=3035"}],"wp:term":[{"taxonomy":"product_brand","embeddable":true,"href":"https:\/\/www.qualitymade.eu\/fr\/wp-json\/wp\/v2\/product_brand?post=3035"},{"taxonomy":"product_cat","embeddable":true,"href":"https:\/\/www.qualitymade.eu\/fr\/wp-json\/wp\/v2\/product_cat?post=3035"},{"taxonomy":"product_tag","embeddable":true,"href":"https:\/\/www.qualitymade.eu\/fr\/wp-json\/wp\/v2\/product_tag?post=3035"},{"taxonomy":"berocket_brand","embeddable":true,"href":"https:\/\/www.qualitymade.eu\/fr\/wp-json\/wp\/v2\/berocket_brand?post=3035"}],"curies":[{"name":"wp","href":"https:\/\/api.w.org\/{rel}","templated":true}]}}