{"id":3143,"date":"2022-07-22T00:00:00","date_gmt":"2022-07-22T00:00:00","guid":{"rendered":"https:\/\/dev.qualitymade.eu\/?post_type=product&#038;p=3143"},"modified":"2025-02-01T16:58:03","modified_gmt":"2025-02-01T16:58:03","slug":"scuole-2-giorni-a-festambiente-grosseto-programma-per-minigruppi-e-scuole","status":"publish","type":"product","link":"https:\/\/www.qualitymade.eu\/fr\/produit\/scuole-2-giorni-a-festambiente-grosseto-programma-per-minigruppi-e-scuole\/","title":{"rendered":"\u00c9coles 2 jours \u00e0 festambiente Grosseto (programme pour les mini-groupes et les \u00e9coles)"},"content":{"rendered":"<p>[vc_row type=&#8221;full_width_background&#8221; full_screen_row_position=&#8221;middle&#8221; column_margin=&#8221;default&#8221; column_direction=&#8221;default&#8221; column_direction_tablet=&#8221;default&#8221; column_direction_phone=&#8221;default&#8221; bg_image=&#8221;72&#8243; bg_position=&#8221;center center&#8221; background_image_loading=&#8221;lazy-load&#8221; bg_repeat=&#8221;no-repeat&#8221; scene_position=&#8221;center&#8221; top_padding=&#8221;6%&#8221; bottom_padding=&#8221;6%&#8221; text_color=&#8221;dark&#8221; text_align=&#8221;left&#8221; row_border_radius=&#8221;none&#8221; row_border_radius_applies=&#8221;bg&#8221; overflow=&#8221;visible&#8221; id=&#8221;dettagli&#8221; advanced_gradient=&#8221;linear-gradient(320deg, rgba(130,193,194,0.4) 14%, rgba(130, 193, 194, 0.2) 79%)&#8221; advanced_gradient_angle=&#8221;320&#8243; shape_divider_position=&#8221;bottom&#8221; bg_image_animation=&#8221;none&#8221; shape_type=&#8221;&#8221; gradient_type=&#8221;advanced&#8221; advanced_gradient_display_type=&#8221;linear&#8221;][vc_column column_padding=&#8221;no-extra-padding&#8221; column_padding_tablet=&#8221;inherit&#8221; column_padding_phone=&#8221;inherit&#8221; column_padding_position=&#8221;all&#8221; column_element_spacing=&#8221;default&#8221; background_color_opacity=&#8221;1&#8243; background_hover_color_opacity=&#8221;1&#8243; column_shadow=&#8221;none&#8221; column_border_radius=&#8221;none&#8221; column_link_target=&#8221;_self&#8221; column_position=&#8221;default&#8221; gradient_direction=&#8221;left_to_right&#8221; overlay_strength=&#8221;0.3&#8243; width=&#8221;1\/1&#8243; tablet_width_inherit=&#8221;default&#8221; tablet_text_alignment=&#8221;default&#8221; phone_text_alignment=&#8221;default&#8221; animation_type=&#8221;default&#8221; bg_image_animation=&#8221;none&#8221; border_type=&#8221;simple&#8221; column_border_width=&#8221;none&#8221; column_border_style=&#8221;solid&#8221;][tabbed_section style=&#8221;vertical_scrolling&#8221; tab_color=&#8221;extra-color-gradient-1&#8243; vs_navigation_func=&#8221;active_link_only&#8221; vs_navigation_width=&#8221;regular&#8221; vs_tab_spacing=&#8221;20%&#8221; vs_tab_tag=&#8221;h5&#8243; vs_cta_style=&#8221;see-through&#8221; vs_cta_bg_color=&#8221;default&#8221; vs_cta_heading_tag=&#8221;h6&#8243; vs_sticky_aspect=&#8221;default&#8221; vs_font_size=&#8221;28px&#8221;][tab icon_family=&#8221;none&#8221; title=&#8221;Itinerario&#8221; id=&#8221;1658476145195-4&#8243; sub_desc=&#8221;Percorsi, indicazioni e suggestioni.&#8221; tab_id=&#8221;1658476145195-8&#8243;][vc_row_inner column_margin=&#8221;none&#8221; column_direction=&#8221;default&#8221; column_direction_tablet=&#8221;default&#8221; column_direction_phone=&#8221;default&#8221; text_align=&#8221;left&#8221; row_position=&#8221;default&#8221; row_position_tablet=&#8221;inherit&#8221; row_position_phone=&#8221;inherit&#8221; overflow=&#8221;visible&#8221; pointer_events=&#8221;all&#8221;][vc_column_inner column_padding=&#8221;no-extra-padding&#8221; column_padding_tablet=&#8221;inherit&#8221; column_padding_phone=&#8221;inherit&#8221; column_padding_position=&#8221;all&#8221; column_element_spacing=&#8221;default&#8221; background_color_opacity=&#8221;1&#8243; background_hover_color_opacity=&#8221;1&#8243; column_shadow=&#8221;none&#8221; column_border_radius=&#8221;none&#8221; column_link_target=&#8221;_self&#8221; gradient_direction=&#8221;left_to_right&#8221; overlay_strength=&#8221;0.3&#8243; width=&#8221;1\/1&#8243; tablet_width_inherit=&#8221;default&#8221; animation_type=&#8221;default&#8221; bg_image_animation=&#8221;none&#8221; border_type=&#8221;simple&#8221; column_border_width=&#8221;none&#8221; column_border_style=&#8221;solid&#8221;][vc_custom_heading text=&#8221;2 giorni dedicate alle scuole presso il Girasole&#8221; font_container=&#8221;tag:h2|font_size:30|text_align:left|line_height:40px&#8221; use_theme_fonts=&#8221;yes&#8221; css=&#8221;.vc_custom_1658476862375&#8243;][divider line_type=&#8221;Full Width Line&#8221; line_thickness=&#8221;1&#8243; divider_color=&#8221;extra-color-gradient-2&#8243; animate=&#8221;yes&#8221; delay=&#8221;150&#8243;][\/vc_column_inner][\/vc_row_inner][\/tab][tab icon_family=&#8221;none&#8221; title=&#8221;Giorno 1-2&#8243; id=&#8221;1658476145345-9&#8243; sub_desc=&#8221;GROSSETO&#8221; tab_id=&#8221;1658476145346-5&#8243;][vc_row_inner content_placement=&#8221;top&#8221; column_margin=&#8221;none&#8221; column_direction=&#8221;default&#8221; column_direction_tablet=&#8221;default&#8221; column_direction_phone=&#8221;default&#8221; text_align=&#8221;left&#8221; row_position=&#8221;default&#8221; row_position_tablet=&#8221;inherit&#8221; row_position_phone=&#8221;inherit&#8221; overflow=&#8221;visible&#8221; pointer_events=&#8221;all&#8221;][vc_column_inner column_padding=&#8221;no-extra-padding&#8221; column_padding_tablet=&#8221;inherit&#8221; column_padding_phone=&#8221;inherit&#8221; column_padding_position=&#8221;all&#8221; column_element_spacing=&#8221;default&#8221; background_color_opacity=&#8221;1&#8243; background_hover_color_opacity=&#8221;1&#8243; column_shadow=&#8221;none&#8221; column_border_radius=&#8221;none&#8221; column_link_target=&#8221;_self&#8221; gradient_direction=&#8221;left_to_right&#8221; overlay_strength=&#8221;0.3&#8243; width=&#8221;1\/1&#8243; tablet_width_inherit=&#8221;default&#8221; animation_type=&#8221;default&#8221; bg_image_animation=&#8221;none&#8221; border_type=&#8221;simple&#8221; column_border_width=&#8221;none&#8221; column_border_style=&#8221;solid&#8221;][fancy-ul icon_type=&#8221;font_icon&#8221; icon=&#8221;icon-minus&#8221; color=&#8221;Accent-Color&#8221; alignment=&#8221;left&#8221; spacing=&#8221;default&#8221; enable_animation=&#8221;true&#8221;]<\/p>\n<h4>Arrivo a Grosseto, in localit\u00e0 Ripescia presso \u201cIl Girasole\u201d.<\/h4>\n<ul>\n<li>Cos\u2019\u00e8 \u201cil Girasole\u201d:<br \/>\nCentro nazionale per lo sviluppo sostenibile di Legambiente, \u00e8 aperto tutto l\u2019anno ed \u00e8 sede permanente di attivit\u00e0 di educazione ambientale, conferenze, workshop, manifestazioni, corsi di aggiornamento e formazione su tematiche ambientali.<br \/>\nUn laboratorio di idee e buone pratiche con una forte valenza divulgativa, formativa e didattica.<br \/>\nAl Centro \u201cIl Girasole\u201d si possono toccare con mano esempi concreti di economia civile, risparmio energetico e utilizzo delle fonti di energia rinnovabili, conservazione della natura, gestione dei rifiuti, utilizzo di prodotti provenienti dalla lavorazione di MPS (Materie Prime Secondarie) e sana alimentazione.<br \/>\n\u00c8 la sede operativa e una delle strutture di Legambiente pi\u00f9 importanti d\u2019Italia. Al suo interno operano anche il Centro nazionale delle energie rinnovabili, Il Centro per lo sviluppo sostenibile, Legambiente solidariet\u00e0, l\u2019Osservatorio sul turismo, il Dipartimento internazionale e Festambiente, il festival nazionale di Legambiente che ospita ogni anno oltre 60.000 visitatori.<\/li>\n<\/ul>\n<p>Presso \u201cIl Girasole\u201d si ha la possibilita\u0300 di svolgere una vasta gamma di attivita\u0300 tra cui:<\/p>\n<ul>\n<li>laboratori didattici per le scuole dell\u2019infanzia (su alberi, acqua, agricoltura, apicoltura, carta, riciclo, percorsi natura), primarie (energie rinnovabili, riciclo, acqua, orientamento, natura, latte, semi, api, cibo, astronomia, compostaggio)<\/li>\n<li>laboratori didattici per le scuole secondarie di primo grado e secondarie di secondo grado(energie rinnovabili, acqua, natura, orienteering, agricoltura, alimentazione, riciclo, compostaggio, salvaguardia e monitoraggio ambientale, astronomia, genetica),<\/li>\n<li>organizzare e prendere parte a convegni e corsi di formazione presso l\u2019Auditorium e gli altri spazi presenti nella struttura, visitare la Casa ecologica (un vero e proprio percorso nella casa del futuro per grandi e piccini per poter toccare con mano la possibilit\u00e0 reale di costruire case totalmente autosufficienti. La casa ecologica \u00e8 incastonata in un prato, affacciato sul Parco della Maremma, dove sar\u00e0 possibile visitare anche i laghetti fitodepurati e il giardino musicale),<\/li>\n<li>divertirsi nei Parchi gioco ecologici (il Parco TuttinGioco, \u00e8 stato realizzato in gomma riciclata per far giocare tutti i bambini, rispettando la differenza delle prestazioni e tenendo conto delle loro potenzialit\u00e0.<br \/>\nI piccoli avranno la possibilit\u00e0 di passeggiare sul viale sonoro scalzi e ascoltare le note musicali. Inoltre, potranno utilizzare le macchinine colorate, provare lo Xilofono, entrare nel Box del sussurro, giocare alla Pallavolo four, utilizzare il campo sportivo per calcio, basket, yoga o ginnastica, provare l\u2019Albero Mangia Palla, le poltrone Mollydolly e toccare i Fiori Appiccicosi)<\/li>\n<li>effettuare il percorso natura (un itinerario creato appositamente per valorizzare la natura presente intorno al centro e per dare la possibilit\u00e0 ai ragazzi di apprezzare da vicino le particolarit\u00e0 della macchia mediterranea e della campagna maremmana. Un percorso in cui i rumori della citt\u00e0 e della vita quotidiana scompaiono come per magia, per far posto al suono melodioso del canto degli uccelli e al fruscio delle fronde degli alberi mossi dal vento. Una cartellonistica specifica permette di capire pi\u00f9 approfonditamente alcune particolarit\u00e0 della fauna e della flora mediterranea, le curiosit\u00e0 della natura e alcune buone pratiche per ridurre l\u2019inquinamento. Le soste previste sono, tra le altre, il giardino delle farfalle, il compost, l\u2019agor\u00e0 dei mammiferi, le essenze odorose, il frutteto e la fitodepurazione)<\/li>\n<li>visitare alcune zone verdi (come il bosco di sughere, l\u2019oliveto e il vigneto che sorgono intorno alla struttura e sono aree naturali in cui \u00e8 possibile realizzare passeggiate, percorsi didattico- educativi, attivit\u00e0 o semplicemente leggere un buon libro o rilassarsi)<\/li>\n<li>ed effettuare interessanti escursioni.<\/li>\n<\/ul>\n<p>Cena, pernottamento e pranzi in loco, con piatti tipici e tradizionali, con l\u2019utilizzo di prodotti biologici e naturali toscani.[\/fancy-ul][divider line_type=&#8221;Full Width Line&#8221; line_thickness=&#8221;1&#8243; divider_color=&#8221;extra-color-gradient-2&#8243; animate=&#8221;yes&#8221; delay=&#8221;150&#8243;][\/vc_column_inner][\/vc_row_inner][\/tab][\/tabbed_section][\/vc_column][\/vc_row]<\/p>","protected":false},"excerpt":{"rendered":"<p>2 giorni dedicate alle scuole presso il Girasole<\/p>\n<p><a href=\"#dettagli\">En savoir plus<\/a><\/p>","protected":false},"featured_media":7979,"comment_status":"closed","ping_status":"closed","template":"","meta":[],"product_brand":[],"product_cat":[752],"product_tag":[672,673,674],"berocket_brand":[],"class_list":{"0":"post-3143","1":"product","2":"type-product","3":"status-publish","4":"has-post-thumbnail","6":"product_cat-toscana-percorsi","7":"product_tag-festambiente","8":"product_tag-grosseto","9":"product_tag-scuole","11":"first","12":"outofstock","13":"virtual","14":"product-type-simple"},"_links":{"self":[{"href":"https:\/\/www.qualitymade.eu\/fr\/wp-json\/wp\/v2\/product\/3143","targetHints":{"allow":["GET"]}}],"collection":[{"href":"https:\/\/www.qualitymade.eu\/fr\/wp-json\/wp\/v2\/product"}],"about":[{"href":"https:\/\/www.qualitymade.eu\/fr\/wp-json\/wp\/v2\/types\/product"}],"replies":[{"embeddable":true,"href":"https:\/\/www.qualitymade.eu\/fr\/wp-json\/wp\/v2\/comments?post=3143"}],"wp:featuredmedia":[{"embeddable":true,"href":"https:\/\/www.qualitymade.eu\/fr\/wp-json\/wp\/v2\/media\/7979"}],"wp:attachment":[{"href":"https:\/\/www.qualitymade.eu\/fr\/wp-json\/wp\/v2\/media?parent=3143"}],"wp:term":[{"taxonomy":"product_brand","embeddable":true,"href":"https:\/\/www.qualitymade.eu\/fr\/wp-json\/wp\/v2\/product_brand?post=3143"},{"taxonomy":"product_cat","embeddable":true,"href":"https:\/\/www.qualitymade.eu\/fr\/wp-json\/wp\/v2\/product_cat?post=3143"},{"taxonomy":"product_tag","embeddable":true,"href":"https:\/\/www.qualitymade.eu\/fr\/wp-json\/wp\/v2\/product_tag?post=3143"},{"taxonomy":"berocket_brand","embeddable":true,"href":"https:\/\/www.qualitymade.eu\/fr\/wp-json\/wp\/v2\/berocket_brand?post=3143"}],"curies":[{"name":"wp","href":"https:\/\/api.w.org\/{rel}","templated":true}]}}