{"id":3227,"date":"2022-07-26T00:00:00","date_gmt":"2022-07-26T00:00:00","guid":{"rendered":"https:\/\/dev.qualitymade.eu\/?post_type=product&#038;p=3227"},"modified":"2025-02-01T16:58:28","modified_gmt":"2025-02-01T16:58:28","slug":"corsica-centrale-zaino-in-spalla","status":"publish","type":"product","link":"https:\/\/www.qualitymade.eu\/fr\/produit\/corsica-centrale-zaino-in-spalla\/","title":{"rendered":"Centre de la Corse sac \u00e0 dos"},"content":{"rendered":"<p>[vc_row type=&#8221;full_width_background&#8221; full_screen_row_position=&#8221;middle&#8221; column_margin=&#8221;default&#8221; column_direction=&#8221;default&#8221; column_direction_tablet=&#8221;default&#8221; column_direction_phone=&#8221;default&#8221; bg_image=&#8221;72&#8243; bg_position=&#8221;center center&#8221; background_image_loading=&#8221;lazy-load&#8221; bg_repeat=&#8221;no-repeat&#8221; scene_position=&#8221;center&#8221; top_padding=&#8221;6%&#8221; bottom_padding=&#8221;6%&#8221; text_color=&#8221;dark&#8221; text_align=&#8221;left&#8221; row_border_radius=&#8221;none&#8221; row_border_radius_applies=&#8221;bg&#8221; overflow=&#8221;visible&#8221; id=&#8221;dettagli&#8221; advanced_gradient=&#8221;linear-gradient(320deg, rgba(130,193,194,0.4) 14%, rgba(130, 193, 194, 0.2) 79%)&#8221; advanced_gradient_angle=&#8221;320&#8243; shape_divider_position=&#8221;bottom&#8221; bg_image_animation=&#8221;none&#8221; shape_type=&#8221;&#8221; gradient_type=&#8221;advanced&#8221; advanced_gradient_display_type=&#8221;linear&#8221;][vc_column column_padding=&#8221;no-extra-padding&#8221; column_padding_tablet=&#8221;inherit&#8221; column_padding_phone=&#8221;inherit&#8221; column_padding_position=&#8221;all&#8221; column_element_spacing=&#8221;default&#8221; background_color_opacity=&#8221;1&#8243; background_hover_color_opacity=&#8221;1&#8243; column_shadow=&#8221;none&#8221; column_border_radius=&#8221;none&#8221; column_link_target=&#8221;_self&#8221; column_position=&#8221;default&#8221; gradient_direction=&#8221;left_to_right&#8221; overlay_strength=&#8221;0.3&#8243; width=&#8221;1\/1&#8243; tablet_width_inherit=&#8221;default&#8221; tablet_text_alignment=&#8221;default&#8221; phone_text_alignment=&#8221;default&#8221; animation_type=&#8221;default&#8221; bg_image_animation=&#8221;none&#8221; border_type=&#8221;simple&#8221; column_border_width=&#8221;none&#8221; column_border_style=&#8221;solid&#8221;][tabbed_section style=&#8221;vertical_scrolling&#8221; tab_color=&#8221;extra-color-gradient-1&#8243; vs_navigation_func=&#8221;active_link_only&#8221; vs_navigation_width=&#8221;regular&#8221; vs_tab_spacing=&#8221;20%&#8221; vs_tab_tag=&#8221;h5&#8243; vs_cta_style=&#8221;see-through&#8221; vs_cta_bg_color=&#8221;default&#8221; vs_cta_heading_tag=&#8221;h6&#8243; vs_sticky_aspect=&#8221;default&#8221; vs_font_size=&#8221;28px&#8221;][tab icon_family=&#8221;none&#8221; title=&#8221;Itinerario&#8221; id=&#8221;1658913731266-7&#8243; sub_desc=&#8221;Percorsi, indicazioni e suggestioni.&#8221; tab_id=&#8221;1658913731266-4&#8243;][vc_row_inner column_margin=&#8221;none&#8221; column_direction=&#8221;default&#8221; column_direction_tablet=&#8221;default&#8221; column_direction_phone=&#8221;default&#8221; text_align=&#8221;left&#8221; row_position=&#8221;default&#8221; row_position_tablet=&#8221;inherit&#8221; row_position_phone=&#8221;inherit&#8221; overflow=&#8221;visible&#8221; pointer_events=&#8221;all&#8221;][vc_column_inner column_padding=&#8221;no-extra-padding&#8221; column_padding_tablet=&#8221;inherit&#8221; column_padding_phone=&#8221;inherit&#8221; column_padding_position=&#8221;all&#8221; column_element_spacing=&#8221;default&#8221; background_color_opacity=&#8221;1&#8243; background_hover_color_opacity=&#8221;1&#8243; column_shadow=&#8221;none&#8221; column_border_radius=&#8221;none&#8221; column_link_target=&#8221;_self&#8221; gradient_direction=&#8221;left_to_right&#8221; overlay_strength=&#8221;0.3&#8243; width=&#8221;1\/1&#8243; tablet_width_inherit=&#8221;default&#8221; animation_type=&#8221;default&#8221; bg_image_animation=&#8221;none&#8221; border_type=&#8221;simple&#8221; column_border_width=&#8221;none&#8221; column_border_style=&#8221;solid&#8221;][vc_custom_heading text=&#8221;Nella splendida cornice della Corsica centrale, con zaino in spalla!&#8221; font_container=&#8221;tag:h2|font_size:30|text_align:left|line_height:40px&#8221; use_theme_fonts=&#8221;yes&#8221; css=&#8221;.vc_custom_1658844712529&#8243;][divider line_type=&#8221;Full Width Line&#8221; line_thickness=&#8221;1&#8243; divider_color=&#8221;extra-color-gradient-2&#8243; animate=&#8221;yes&#8221; delay=&#8221;150&#8243;][\/vc_column_inner][\/vc_row_inner][\/tab][tab icon_family=&#8221;none&#8221; title=&#8221;Giorno 1&#8243; id=&#8221;1658913731446-10&#8243; sub_desc=&#8221;AJACCIO, VALLE DEL TARAVO&#8221; tab_id=&#8221;1658913731446-4&#8243;][vc_row_inner content_placement=&#8221;top&#8221; column_margin=&#8221;none&#8221; column_direction=&#8221;default&#8221; column_direction_tablet=&#8221;default&#8221; column_direction_phone=&#8221;default&#8221; text_align=&#8221;left&#8221; row_position=&#8221;default&#8221; row_position_tablet=&#8221;inherit&#8221; row_position_phone=&#8221;inherit&#8221; overflow=&#8221;visible&#8221; pointer_events=&#8221;all&#8221;][vc_column_inner column_padding=&#8221;no-extra-padding&#8221; column_padding_tablet=&#8221;inherit&#8221; column_padding_phone=&#8221;inherit&#8221; column_padding_position=&#8221;all&#8221; column_element_spacing=&#8221;default&#8221; background_color_opacity=&#8221;1&#8243; background_hover_color_opacity=&#8221;1&#8243; column_shadow=&#8221;none&#8221; column_border_radius=&#8221;none&#8221; column_link_target=&#8221;_self&#8221; gradient_direction=&#8221;left_to_right&#8221; overlay_strength=&#8221;0.3&#8243; width=&#8221;1\/1&#8243; tablet_width_inherit=&#8221;default&#8221; animation_type=&#8221;default&#8221; bg_image_animation=&#8221;none&#8221; border_type=&#8221;simple&#8221; column_border_width=&#8221;none&#8221; column_border_style=&#8221;solid&#8221;][fancy-ul icon_type=&#8221;font_icon&#8221; icon=&#8221;icon-minus&#8221; color=&#8221;Accent-Color&#8221; alignment=&#8221;left&#8221; spacing=&#8221;default&#8221; enable_animation=&#8221;true&#8221;]<\/p>\n<ul>\n<li>Arriv\u00e9e \u00e0 <strong>Ajaccio<\/strong> et transfert en v\u00e9hicule priv\u00e9 vers le parc <em>\u00c0 Cupulatta<\/em>, un centre de sauvegarde des tortues du monde entier \u00e0 quelques kilom\u00e8tres de la capitale, au terme de laquelle nous poursuivons vers la vall\u00e9e du Taravo, riche en for\u00eats denses et ombrag\u00e9es, qui s'\u00e9tend de la c\u00f4te au centre de la Corse, r\u00e9put\u00e9e gastronomiquement pour ses charcuteries et ses sp\u00e9cialit\u00e9s \u00e0 base de ch\u00e2taignes. Arr\u00eat au Centre d'Interpr\u00e9tation \u201c<em>U Mondu di U Porcu<\/em>\u201do\u00f9 l'on peut d\u00e9couvrir le microcosme li\u00e9 \u00e0 l'\u00e9levage des porcs et \u00e0 la transformation de leur viande avec la visite de l'espace d'exposition interactif et le parcours \u00e0 travers les \u00e9tapes du d\u00e9veloppement de cette activit\u00e9 traditionnelle. A la fin, d\u00e9gustation de salaisons avec la possibilit\u00e9 de les acheter.<\/li>\n<li>Continuation vers le <em>Maison d'h\u00f4tes Zella<\/em>, au c\u0153ur de la <em>Vall\u00e9e de Taravo<\/em> et l'h\u00e9bergement dans l'\u00e9tablissement, avec un petit cadeau de la boutique d'artisanat <em>Fleurs du Maquis<\/em> (parfum produit localement, essences de Corse).<\/li>\n<li>Temps libre pour profiter de la nature environnante. D\u00eener et nuit\u00e9e.<\/li>\n<\/ul>\n<p>[\/fancy-ul][divider line_type=&#8221;Full Width Line&#8221; line_thickness=&#8221;1&#8243; divider_color=&#8221;extra-color-gradient-2&#8243; animate=&#8221;yes&#8221; delay=&#8221;150&#8243;][\/vc_column_inner][\/vc_row_inner][\/tab][tab icon_family=&#8221;none&#8221; title=&#8221;Giorno 2&#8243; id=&#8221;1658913731602-3&#8243; sub_desc=&#8221;CASCADE DE PISCIA DI GHJADDU, PORTO VECCHIO&#8221; tab_id=&#8221;1658913731602-4&#8243;][vc_row_inner content_placement=&#8221;top&#8221; column_margin=&#8221;none&#8221; column_direction=&#8221;default&#8221; column_direction_tablet=&#8221;default&#8221; column_direction_phone=&#8221;default&#8221; text_align=&#8221;left&#8221; row_position=&#8221;default&#8221; row_position_tablet=&#8221;inherit&#8221; row_position_phone=&#8221;inherit&#8221; overflow=&#8221;visible&#8221; pointer_events=&#8221;all&#8221;][vc_column_inner column_padding=&#8221;no-extra-padding&#8221; column_padding_tablet=&#8221;inherit&#8221; column_padding_phone=&#8221;inherit&#8221; column_padding_position=&#8221;all&#8221; column_element_spacing=&#8221;default&#8221; background_color_opacity=&#8221;1&#8243; background_hover_color_opacity=&#8221;1&#8243; column_shadow=&#8221;none&#8221; column_border_radius=&#8221;none&#8221; column_link_target=&#8221;_self&#8221; gradient_direction=&#8221;left_to_right&#8221; overlay_strength=&#8221;0.3&#8243; width=&#8221;1\/1&#8243; tablet_width_inherit=&#8221;default&#8221; animation_type=&#8221;default&#8221; bg_image_animation=&#8221;none&#8221; border_type=&#8221;simple&#8221; column_border_width=&#8221;none&#8221; column_border_style=&#8221;solid&#8221;][fancy-ul icon_type=&#8221;font_icon&#8221; icon=&#8221;icon-minus&#8221; color=&#8221;Accent-Color&#8221; alignment=&#8221;left&#8221; spacing=&#8221;default&#8221; enable_animation=&#8221;true&#8221;]<\/p>\n<ul>\n<li>Petit d\u00e9jeuner \u00e0 l'h\u00f4tel et d\u00e9part en v\u00e9hicule priv\u00e9 pour la piste (juste avant le d\u00e9part de l'h\u00f4tel).<em> Lac de l'h\u00f4pital<\/em>, en direction de <em>Porto Vecchio<\/em>) d'environ 2 heures aller-retour (chaussures de marche et sac \u00e0 dos indispensables), en d\u00e9couvrant l'une des plus belles chutes d'eau de l'\u00eele, P<em>Iscia di Ghjaddu<\/em>, ce qui, contrairement \u00e0 ce que l'on pourrait penser, signifie <em>Cascade de pins<\/em>. Cette cascade atteint une hauteur de 60 m\u00e8tres et, dans les environs imm\u00e9diats, vous pourrez \u00e9galement admirer le Masso Sentinelle, un grand bloc de granit en \u00e9quilibre entre deux rochers. Repas \u00e0 emporter non fourni.<\/li>\n<li>Dans l'apr\u00e8s-midi, transfert vers <strong>Porto Vecchio<\/strong>. Riche en histoire, elle abrite un patrimoine artistique et culturel de grand int\u00e9r\u00eat, avec ses petites maisons de pierre typiques et ses ruelles pav\u00e9es, ainsi que les vestiges des anciennes murailles g\u00e9noises et les c\u00e9l\u00e8bres bastions datant de 1539. Une halte relaxante sur l'une des magnifiques plages situ\u00e9es \u00e0 quelques minutes en voiture au sud du centre est vivement recommand\u00e9e, comme Palombaggia, l'une des plages les plus connues de Corse : une longue plage de sable dor\u00e9, aux eaux peu profondes et entour\u00e9e d'une pin\u00e8de, dot\u00e9e de nombreux services et attractions. Ou encore la plage de Santa Giulia : entour\u00e9e de montagnes, bien abrit\u00e9e, caract\u00e9ris\u00e9e par un sable fin, des eaux tr\u00e8s transparentes et des eaux peu profondes qui descendent en pente douce.<\/li>\n<li>Retour \u00e0 l'h\u00f4tel pour le d\u00eener et la nuit.<\/li>\n<\/ul>\n<p>[\/fancy-ul][divider line_type=&#8221;Full Width Line&#8221; line_thickness=&#8221;1&#8243; divider_color=&#8221;extra-color-gradient-2&#8243; animate=&#8221;yes&#8221; delay=&#8221;150&#8243;][\/vc_column_inner][\/vc_row_inner][\/tab][tab icon_family=&#8221;none&#8221; title=&#8221;Giorno 3&#8243; id=&#8221;1658913731759-3&#8243; sub_desc=&#8221;VALLE RESTONICA, CORTE&#8221; tab_id=&#8221;1658913731760-8&#8243;][vc_row_inner content_placement=&#8221;top&#8221; column_margin=&#8221;none&#8221; column_direction=&#8221;default&#8221; column_direction_tablet=&#8221;default&#8221; column_direction_phone=&#8221;default&#8221; text_align=&#8221;left&#8221; row_position=&#8221;default&#8221; row_position_tablet=&#8221;inherit&#8221; row_position_phone=&#8221;inherit&#8221; overflow=&#8221;visible&#8221; pointer_events=&#8221;all&#8221;][vc_column_inner column_padding=&#8221;no-extra-padding&#8221; column_padding_tablet=&#8221;inherit&#8221; column_padding_phone=&#8221;inherit&#8221; column_padding_position=&#8221;all&#8221; column_element_spacing=&#8221;default&#8221; background_color_opacity=&#8221;1&#8243; background_hover_color_opacity=&#8221;1&#8243; column_shadow=&#8221;none&#8221; column_border_radius=&#8221;none&#8221; column_link_target=&#8221;_self&#8221; gradient_direction=&#8221;left_to_right&#8221; overlay_strength=&#8221;0.3&#8243; width=&#8221;1\/1&#8243; tablet_width_inherit=&#8221;default&#8221; animation_type=&#8221;default&#8221; bg_image_animation=&#8221;none&#8221; border_type=&#8221;simple&#8221; column_border_width=&#8221;none&#8221; column_border_style=&#8221;solid&#8221;][fancy-ul icon_type=&#8221;font_icon&#8221; icon=&#8221;icon-minus&#8221; color=&#8221;Accent-Color&#8221; alignment=&#8221;left&#8221; spacing=&#8221;default&#8221; enable_animation=&#8221;true&#8221;]<\/p>\n<ul>\n<li>Petit d\u00e9jeuner \u00e0 l'h\u00f4tel et d\u00e9part en v\u00e9hicule priv\u00e9 vers le centre de vill\u00e9giature. <em>Vall\u00e9e de la Restonica<\/em>, 15 minutes en voiture du centre de<strong> Cour<\/strong>. Depuis le parking (cabane o\u00f9 l'on peut acheter un panier-repas, non inclus) commence le sentier d'environ 5 km (chaussures de marche et sac \u00e0 dos indispensables) jusqu'\u00e0 l'auberge de jeunesse. <em>Lac du Melu<\/em>, le premier lac de baignade, situ\u00e9 \u00e0 une altitude d'environ 1700 m ; ici, il est possible soit de continuer et de monter \u00e0 1930 m jusqu'au <em>Lac de Capitello<\/em> (sentier pour randonneurs exp\u00e9riment\u00e9s), ou visiter les sources de la Restonica en faisant une petite boucle autour du lac. La boucle compl\u00e8te prend 5h de marche, 3h 30 min celle jusqu'au premier lac.<\/li>\n<li>Retour au parking, transfert \u00e0 Corte et temps libre pour visiter ce qui fut la capitale historique de la Corse. Situ\u00e9e \u00e0 l'int\u00e9rieur des terres, elle se caract\u00e9rise par sa citadelle fortifi\u00e9e qui s'\u00e9l\u00e8ve au-dessus du reste de la ville sur un \u00e9peron rocheux, et par son tr\u00e8s int\u00e9ressant mus\u00e9e ethnographique. Retour \u00e0 l'h\u00f4tel pour le d\u00eener et la nuit.<\/li>\n<\/ul>\n<p>[\/fancy-ul][divider line_type=&#8221;Full Width Line&#8221; line_thickness=&#8221;1&#8243; divider_color=&#8221;extra-color-gradient-2&#8243; animate=&#8221;yes&#8221; delay=&#8221;150&#8243;][\/vc_column_inner][\/vc_row_inner][\/tab][tab icon_family=&#8221;none&#8221; title=&#8221;Giorno 3&#8243; id=&#8221;1658913869523-9&#8243; sub_desc=&#8221;AJACCIO, PUNTA PARATA&#8221; tab_id=&#8221;1658913869525-9&#8243;][vc_row_inner content_placement=&#8221;top&#8221; column_margin=&#8221;none&#8221; column_direction=&#8221;default&#8221; column_direction_tablet=&#8221;default&#8221; column_direction_phone=&#8221;default&#8221; text_align=&#8221;left&#8221; row_position=&#8221;default&#8221; row_position_tablet=&#8221;inherit&#8221; row_position_phone=&#8221;inherit&#8221; overflow=&#8221;visible&#8221; pointer_events=&#8221;all&#8221;][vc_column_inner column_padding=&#8221;no-extra-padding&#8221; column_padding_tablet=&#8221;inherit&#8221; column_padding_phone=&#8221;inherit&#8221; column_padding_position=&#8221;all&#8221; column_element_spacing=&#8221;default&#8221; background_color_opacity=&#8221;1&#8243; background_hover_color_opacity=&#8221;1&#8243; column_shadow=&#8221;none&#8221; column_border_radius=&#8221;none&#8221; column_link_target=&#8221;_self&#8221; gradient_direction=&#8221;left_to_right&#8221; overlay_strength=&#8221;0.3&#8243; width=&#8221;1\/1&#8243; tablet_width_inherit=&#8221;default&#8221; animation_type=&#8221;default&#8221; bg_image_animation=&#8221;none&#8221; border_type=&#8221;simple&#8221; column_border_width=&#8221;none&#8221; column_border_style=&#8221;solid&#8221;][fancy-ul icon_type=&#8221;font_icon&#8221; icon=&#8221;icon-minus&#8221; color=&#8221;Accent-Color&#8221; alignment=&#8221;left&#8221; spacing=&#8221;default&#8221; enable_animation=&#8221;true&#8221;]<\/p>\n<ul>\n<li>Petit d\u00e9jeuner et d\u00e9part sur place<\/li>\n<li>D\u00e9part avec son propre v\u00e9hicule pour <strong>Ajaccio<\/strong>, Le temps de fl\u00e2ner dans les belles rues \u00e9troites de la capitale, surplomb\u00e9es de hautes maisons color\u00e9es. <em>Place Mar\u00e9chal-Foch<\/em>, La place principale, orn\u00e9e d'une belle fontaine, est charmante avec ses palmiers et ses platanes. Dans l'une des rues \u00e9troites de la vieille ville, la rue Saint-Charles, se trouve la maison natale de Napol\u00e9on Bonaparte, aujourd'hui transform\u00e9e en mus\u00e9e. D\u00e9jeuner libre dans l'un des nombreux restaurants du centre.<\/li>\n<li>Transfert pour le <em>Site naturel de Punta della Parata<\/em>. Cette belle p\u00e9ninsule, et les quatre \u00eeles Sanguinaires qui la bordent, sont class\u00e9es dans les cat\u00e9gories suivantes <em>\u201cGrand site de France\u201d<\/em> (titre qui r\u00e9compense les plus beaux sites naturels de France). Ici, il est possible de parcourir l'un ou l'autre des trois sentiers de l'espace naturel. Le premier parcours (environ 1h) fait le tour de la presqu'\u00eele de la Parata, puis monte jusqu'\u00e0 la tour construite par les G\u00e9nois pour d\u00e9fendre la c\u00f4te des attaques turco-barbaresques. C'est de l\u00e0 que l'on a la meilleure vue panoramique sur les \u00eeles Sanguinaires. Le deuxi\u00e8me itin\u00e9raire (40 min) grimpe les collines pour atteindre un belv\u00e9d\u00e8re, d'o\u00f9 l'on jouit d'une autre vue panoramique splendide sur les \u00eeles. Le dernier est le sentier des parfums (environ 1h), o\u00f9 l'on peut d\u00e9couvrir la merveilleuse flore de Punta de la Parata. Ces randonn\u00e9es simples sont particuli\u00e8rement recommand\u00e9es en fin d'apr\u00e8s-midi, afin d'admirer le magnifique coucher de soleil sur les \u00eeles Sanguinaires et de comprendre la raison de ce curieux nom.<\/li>\n<\/ul>\n<p>[\/fancy-ul][divider line_type=\u201dFull Width Line\u201d line_thickness=\u201d1\u2033 divider_colour=\u201dextra-colour-gradient-2\u2033 animate=\u201dyes\u201d delay=\u201d150\u2033][\/vc_column_inner][\/vc_row_inner][\/tab][\/tabbed_section][\/vc_column][\/vc_row][\/vc_column][\/vc_row]<\/p>","protected":false},"excerpt":{"rendered":"<p>Dans le cadre magnifique du centre de la Corse, le sac \u00e0 dos !<\/p>\n<p><a href=\"#dettagli\">En savoir plus<\/a><\/p>","protected":false},"featured_media":8015,"comment_status":"closed","ping_status":"closed","template":"","meta":[],"product_brand":[],"product_cat":[755],"product_tag":[687,636],"berocket_brand":[],"class_list":{"0":"post-3227","1":"product","2":"type-product","3":"status-publish","4":"has-post-thumbnail","6":"product_cat-corsica-percorsi","7":"product_tag-ajaccio","8":"product_tag-corsica","10":"first","11":"outofstock","12":"virtual","13":"product-type-simple"},"_links":{"self":[{"href":"https:\/\/www.qualitymade.eu\/fr\/wp-json\/wp\/v2\/product\/3227","targetHints":{"allow":["GET"]}}],"collection":[{"href":"https:\/\/www.qualitymade.eu\/fr\/wp-json\/wp\/v2\/product"}],"about":[{"href":"https:\/\/www.qualitymade.eu\/fr\/wp-json\/wp\/v2\/types\/product"}],"replies":[{"embeddable":true,"href":"https:\/\/www.qualitymade.eu\/fr\/wp-json\/wp\/v2\/comments?post=3227"}],"wp:featuredmedia":[{"embeddable":true,"href":"https:\/\/www.qualitymade.eu\/fr\/wp-json\/wp\/v2\/media\/8015"}],"wp:attachment":[{"href":"https:\/\/www.qualitymade.eu\/fr\/wp-json\/wp\/v2\/media?parent=3227"}],"wp:term":[{"taxonomy":"product_brand","embeddable":true,"href":"https:\/\/www.qualitymade.eu\/fr\/wp-json\/wp\/v2\/product_brand?post=3227"},{"taxonomy":"product_cat","embeddable":true,"href":"https:\/\/www.qualitymade.eu\/fr\/wp-json\/wp\/v2\/product_cat?post=3227"},{"taxonomy":"product_tag","embeddable":true,"href":"https:\/\/www.qualitymade.eu\/fr\/wp-json\/wp\/v2\/product_tag?post=3227"},{"taxonomy":"berocket_brand","embeddable":true,"href":"https:\/\/www.qualitymade.eu\/fr\/wp-json\/wp\/v2\/berocket_brand?post=3227"}],"curies":[{"name":"wp","href":"https:\/\/api.w.org\/{rel}","templated":true}]}}