{"id":3305,"date":"2022-07-27T00:00:00","date_gmt":"2022-07-27T00:00:00","guid":{"rendered":"https:\/\/dev.qualitymade.eu\/?post_type=product&#038;p=3305"},"modified":"2025-02-01T16:58:32","modified_gmt":"2025-02-01T16:58:32","slug":"alla-scoperta-dei-villaggi-arroccati","status":"publish","type":"product","link":"https:\/\/www.qualitymade.eu\/fr\/produit\/alla-scoperta-dei-villaggi-arroccati\/","title":{"rendered":"A la d\u00e9couverte des villages perch\u00e9s"},"content":{"rendered":"<p>[vc_row type=&#8221;full_width_background&#8221; full_screen_row_position=&#8221;middle&#8221; column_margin=&#8221;default&#8221; column_direction=&#8221;default&#8221; column_direction_tablet=&#8221;default&#8221; column_direction_phone=&#8221;default&#8221; bg_image=&#8221;72&#8243; bg_position=&#8221;center center&#8221; background_image_loading=&#8221;lazy-load&#8221; bg_repeat=&#8221;no-repeat&#8221; scene_position=&#8221;center&#8221; top_padding=&#8221;6%&#8221; bottom_padding=&#8221;6%&#8221; text_color=&#8221;dark&#8221; text_align=&#8221;left&#8221; row_border_radius=&#8221;none&#8221; row_border_radius_applies=&#8221;bg&#8221; overflow=&#8221;visible&#8221; id=&#8221;dettagli&#8221; advanced_gradient=&#8221;linear-gradient(320deg, rgba(130,193,194,0.4) 14%, rgba(130, 193, 194, 0.2) 79%)&#8221; advanced_gradient_angle=&#8221;320&#8243; shape_divider_position=&#8221;bottom&#8221; bg_image_animation=&#8221;none&#8221; shape_type=&#8221;&#8221; gradient_type=&#8221;advanced&#8221; advanced_gradient_display_type=&#8221;linear&#8221;][vc_column column_padding=&#8221;no-extra-padding&#8221; column_padding_tablet=&#8221;inherit&#8221; column_padding_phone=&#8221;inherit&#8221; column_padding_position=&#8221;all&#8221; column_element_direction_desktop=&#8221;default&#8221; column_element_spacing=&#8221;default&#8221; desktop_text_alignment=&#8221;default&#8221; tablet_text_alignment=&#8221;default&#8221; phone_text_alignment=&#8221;default&#8221; background_color_opacity=&#8221;1&#8243; background_hover_color_opacity=&#8221;1&#8243; column_backdrop_filter=&#8221;none&#8221; column_shadow=&#8221;none&#8221; column_border_radius=&#8221;none&#8221; column_link_target=&#8221;_self&#8221; column_position=&#8221;default&#8221; gradient_direction=&#8221;left_to_right&#8221; overlay_strength=&#8221;0.3&#8243; width=&#8221;1\/1&#8243; tablet_width_inherit=&#8221;default&#8221; animation_type=&#8221;default&#8221; bg_image_animation=&#8221;none&#8221; border_type=&#8221;simple&#8221; column_border_width=&#8221;none&#8221; column_border_style=&#8221;solid&#8221;][tabbed_section style=&#8221;vertical_scrolling&#8221; tab_color=&#8221;extra-color-gradient-1&#8243; vs_navigation_func=&#8221;active_link_only&#8221; vs_navigation_width=&#8221;regular&#8221; vs_tab_spacing=&#8221;20%&#8221; vs_tab_tag=&#8221;h5&#8243; vs_cta_style=&#8221;see-through&#8221; vs_cta_bg_color=&#8221;default&#8221; vs_cta_heading_tag=&#8221;h6&#8243; vs_sticky_aspect=&#8221;default&#8221; vs_font_size=&#8221;28px&#8221;][tab icon_family=&#8221;none&#8221; title=&#8221;Itinerario&#8221; id=&#8221;1680102199989-8&#8243; sub_desc=&#8221;Percorsi, indicazioni e suggestioni.&#8221; tab_id=&#8221;1680102199990-5&#8243;][vc_row_inner column_margin=&#8221;none&#8221; column_direction=&#8221;default&#8221; column_direction_tablet=&#8221;default&#8221; column_direction_phone=&#8221;default&#8221; text_align=&#8221;left&#8221; row_position=&#8221;default&#8221; row_position_tablet=&#8221;inherit&#8221; row_position_phone=&#8221;inherit&#8221; overflow=&#8221;visible&#8221; pointer_events=&#8221;all&#8221;][vc_column_inner column_padding=&#8221;no-extra-padding&#8221; column_padding_tablet=&#8221;inherit&#8221; column_padding_phone=&#8221;inherit&#8221; column_padding_position=&#8221;all&#8221; column_element_direction_desktop=&#8221;default&#8221; column_element_spacing=&#8221;default&#8221; desktop_text_alignment=&#8221;default&#8221; tablet_text_alignment=&#8221;default&#8221; phone_text_alignment=&#8221;default&#8221; background_color_opacity=&#8221;1&#8243; background_hover_color_opacity=&#8221;1&#8243; column_backdrop_filter=&#8221;none&#8221; column_shadow=&#8221;none&#8221; column_border_radius=&#8221;none&#8221; column_link_target=&#8221;_self&#8221; overflow=&#8221;visible&#8221; gradient_direction=&#8221;left_to_right&#8221; overlay_strength=&#8221;0.3&#8243; width=&#8221;1\/1&#8243; tablet_width_inherit=&#8221;default&#8221; animation_type=&#8221;default&#8221; bg_image_animation=&#8221;none&#8221; border_type=&#8221;simple&#8221; column_border_width=&#8221;none&#8221; column_border_style=&#8221;solid&#8221;][vc_custom_heading text=&#8221;3 giorni alla scoperta dei villaggi arroccati nel Var&#8221; font_container=&#8221;tag:h2|font_size:30|text_align:left|line_height:40px&#8221; use_theme_fonts=&#8221;yes&#8221; css=&#8221;.vc_custom_1658931520088&#8243;][divider line_type=&#8221;Full Width Line&#8221; line_thickness=&#8221;1&#8243; divider_color=&#8221;extra-color-gradient-2&#8243; animate=&#8221;yes&#8221; delay=&#8221;150&#8243;][\/vc_column_inner][\/vc_row_inner][\/tab][tab icon_family=&#8221;none&#8221; title=&#8221;Giorno 1&#8243; id=&#8221;1680102200062-0&#8243; sub_desc=&#8221;TANNERON e MONTAUROUX&#8221; tab_id=&#8221;1680102200063-3&#8243;][vc_row_inner content_placement=&#8221;top&#8221; column_margin=&#8221;none&#8221; column_direction=&#8221;default&#8221; column_direction_tablet=&#8221;default&#8221; column_direction_phone=&#8221;default&#8221; text_align=&#8221;left&#8221; row_position=&#8221;default&#8221; row_position_tablet=&#8221;inherit&#8221; row_position_phone=&#8221;inherit&#8221; overflow=&#8221;visible&#8221; pointer_events=&#8221;all&#8221;][vc_column_inner column_padding=&#8221;no-extra-padding&#8221; column_padding_tablet=&#8221;inherit&#8221; column_padding_phone=&#8221;inherit&#8221; column_padding_position=&#8221;all&#8221; column_element_direction_desktop=&#8221;default&#8221; column_element_spacing=&#8221;default&#8221; desktop_text_alignment=&#8221;default&#8221; tablet_text_alignment=&#8221;default&#8221; phone_text_alignment=&#8221;default&#8221; background_color_opacity=&#8221;1&#8243; background_hover_color_opacity=&#8221;1&#8243; column_backdrop_filter=&#8221;none&#8221; column_shadow=&#8221;none&#8221; column_border_radius=&#8221;none&#8221; column_link_target=&#8221;_self&#8221; overflow=&#8221;visible&#8221; gradient_direction=&#8221;left_to_right&#8221; overlay_strength=&#8221;0.3&#8243; width=&#8221;1\/1&#8243; tablet_width_inherit=&#8221;default&#8221; animation_type=&#8221;default&#8221; bg_image_animation=&#8221;none&#8221; border_type=&#8221;simple&#8221; column_border_width=&#8221;none&#8221; column_border_style=&#8221;solid&#8221;][fancy-ul icon_type=&#8221;font_icon&#8221; icon=&#8221;icon-minus&#8221; color=&#8221;Accent-Color&#8221; alignment=&#8221;left&#8221; spacing=&#8221;default&#8221; enable_animation=&#8221;true&#8221;]<\/p>\n<ul>\n<li>Arriv\u00e9e en d\u00e9but d'apr\u00e8s-midi \u00e0 <strong>Tanneron<\/strong>, splendido borgo delle Alpi Marittime, nobilitato dai profumi e dai colori provenzali. Il villaggio ha la fortuna di essere incastonato in una regione che incanta per le straordinarie risorse naturali, tra cui spicca la specialissima foresta di mimosa floreale, fiore- simbolo del borgo. Tempo libero per passeggiare e scoprire, tra le viuzze del centro, le botteghe artigiane.<\/li>\n<li>A seguire, trasferimento con mezzo privato a <strong>Montauroux<\/strong>, villaggio provenzale risalente al XI sec. Tra vicoletti, fontane e contrafforti, sar\u00e0 possibile scoprire i tesori del centro, come la <em>Cappella di Saint-Barth\u00e9lemy<\/em>, le cui pareti e volta sono interamente rivestiti da pannelli di legno dipinto.<\/li>\n<li>Al termine, cena libera e sistemazione presso <a href=\"https:\/\/www.qualitymade.eu\/fr\/azienda\/vallon-oliviers\/\" target=\"_blank\" rel=\"noopener\"><strong><em>Le Vallon des Oliviers<\/em><\/strong><\/a>.<\/li>\n<li>Nuit sur place.<\/li>\n<\/ul>\n<p>[\/fancy-ul][divider line_type=&#8221;Full Width Line&#8221; line_thickness=&#8221;1&#8243; divider_color=&#8221;extra-color-gradient-2&#8243; animate=&#8221;yes&#8221; delay=&#8221;150&#8243;][\/vc_column_inner][\/vc_row_inner][\/tab][tab icon_family=&#8221;none&#8221; title=&#8221;Giorno 2&#8243; id=&#8221;1680102200117-2&#8243; sub_desc=&#8221;SEILLANS, FAYENCE e TOURRETTES&#8221; tab_id=&#8221;1680102200117-1&#8243;][vc_row_inner content_placement=&#8221;top&#8221; column_margin=&#8221;none&#8221; column_direction=&#8221;default&#8221; column_direction_tablet=&#8221;default&#8221; column_direction_phone=&#8221;default&#8221; text_align=&#8221;left&#8221; row_position=&#8221;default&#8221; row_position_tablet=&#8221;inherit&#8221; row_position_phone=&#8221;inherit&#8221; overflow=&#8221;visible&#8221; pointer_events=&#8221;all&#8221;][vc_column_inner column_padding=&#8221;no-extra-padding&#8221; column_padding_tablet=&#8221;inherit&#8221; column_padding_phone=&#8221;inherit&#8221; column_padding_position=&#8221;all&#8221; column_element_direction_desktop=&#8221;default&#8221; column_element_spacing=&#8221;default&#8221; desktop_text_alignment=&#8221;default&#8221; tablet_text_alignment=&#8221;default&#8221; phone_text_alignment=&#8221;default&#8221; background_color_opacity=&#8221;1&#8243; background_hover_color_opacity=&#8221;1&#8243; column_backdrop_filter=&#8221;none&#8221; column_shadow=&#8221;none&#8221; column_border_radius=&#8221;none&#8221; column_link_target=&#8221;_self&#8221; overflow=&#8221;visible&#8221; gradient_direction=&#8221;left_to_right&#8221; overlay_strength=&#8221;0.3&#8243; width=&#8221;1\/1&#8243; tablet_width_inherit=&#8221;default&#8221; animation_type=&#8221;default&#8221; bg_image_animation=&#8221;none&#8221; border_type=&#8221;simple&#8221; column_border_width=&#8221;none&#8221; column_border_style=&#8221;solid&#8221;][fancy-ul icon_type=&#8221;font_icon&#8221; icon=&#8221;icon-minus&#8221; color=&#8221;Accent-Color&#8221; alignment=&#8221;left&#8221; spacing=&#8221;default&#8221; enable_animation=&#8221;true&#8221;]<\/p>\n<ul>\n<li>Petit d\u00e9jeuner \u00e0 l'h\u00f4tel et transfert en v\u00e9hicule priv\u00e9 vers <strong>Seillans<\/strong>, considerato uno dei pi\u00f9 bei paesi di Francia, dove sar\u00e0 possibile scoprire il patrimonio architettonico e storico seguendo una pittoresca passeggiate nel cuore del centro storico medievale.<\/li>\n<li>Proseguimento per <strong>Fayance<\/strong>, tradizionale villaggio provenzale arroccato sul fianco di una collina, dominato dalla Torre dell\u2019Orologio da cui poter godere di uno strepitoso panorama a 360\u00b0. Il centro del borgo conserva i suoi vicoli tortuosi, le piazzette ombreggiate e le animate bancarelle. Ingresso e visita all\u2019<em>Eco-Mus\u00e9e Agricole du Pays de Fayence<\/em>. Situato all\u2019interno di due antichi mulini ad acqua del XIII e XVIII secolo, ai piedi del villaggio di Fayence, l\u2019ecomuseo \u00e8 dedicato alla lavorazione della pietra, alla creazione di muretti a secco e alla valorizzazione della seta, che in passato rappresentava una parte importante dell\u2019attivit\u00e0 agricola dei contadini del Var.<\/li>\n<li>D\u00e9jeuner gratuit pendant la visite.<\/li>\n<li>Nel pomeriggio, trasferimento con mezzo privato a <strong>Tourrettes<\/strong>, altro villaggio arroccato dalla cui cima \u00e8 possibile ammirare, sullo sfondo, il Massiccio dell\u2019<em>Esterel<\/em> e, all\u2019orizzonte, il blu del Mediterraneo. Tempo a disposizione per passeggiare tra le antiche scalette in pietra e i passaggi coperti di questo \u201cvillaggio-museo a cielo aperto\u201d, dove scoprire le oltre 80 opere d\u2019arte di pittori e scultori esposte tra le vie del centro.<\/li>\n<li>Al termine, cena libera e rientro in struttura per il pernottamento.<\/li>\n<\/ul>\n<p>[\/fancy-ul][divider line_type=&#8221;Full Width Line&#8221; line_thickness=&#8221;1&#8243; divider_color=&#8221;extra-color-gradient-2&#8243; animate=&#8221;yes&#8221; delay=&#8221;150&#8243;][\/vc_column_inner][\/vc_row_inner][\/tab][tab icon_family=&#8221;none&#8221; title=&#8221;Giorno 3&#8243; id=&#8221;1680102200157-4&#8243; sub_desc=&#8221;CALLIAN e MONS&#8221; tab_id=&#8221;1680102200157-9&#8243;][vc_row_inner content_placement=&#8221;top&#8221; column_margin=&#8221;none&#8221; column_direction=&#8221;default&#8221; column_direction_tablet=&#8221;default&#8221; column_direction_phone=&#8221;default&#8221; text_align=&#8221;left&#8221; row_position=&#8221;default&#8221; row_position_tablet=&#8221;inherit&#8221; row_position_phone=&#8221;inherit&#8221; overflow=&#8221;visible&#8221; pointer_events=&#8221;all&#8221;][vc_column_inner column_padding=&#8221;no-extra-padding&#8221; column_padding_tablet=&#8221;inherit&#8221; column_padding_phone=&#8221;inherit&#8221; column_padding_position=&#8221;all&#8221; column_element_direction_desktop=&#8221;default&#8221; column_element_spacing=&#8221;default&#8221; desktop_text_alignment=&#8221;default&#8221; tablet_text_alignment=&#8221;default&#8221; phone_text_alignment=&#8221;default&#8221; background_color_opacity=&#8221;1&#8243; background_hover_color_opacity=&#8221;1&#8243; column_backdrop_filter=&#8221;none&#8221; column_shadow=&#8221;none&#8221; column_border_radius=&#8221;none&#8221; column_link_target=&#8221;_self&#8221; overflow=&#8221;visible&#8221; gradient_direction=&#8221;left_to_right&#8221; overlay_strength=&#8221;0.3&#8243; width=&#8221;1\/1&#8243; tablet_width_inherit=&#8221;default&#8221; animation_type=&#8221;default&#8221; bg_image_animation=&#8221;none&#8221; border_type=&#8221;simple&#8221; column_border_width=&#8221;none&#8221; column_border_style=&#8221;solid&#8221;][fancy-ul icon_type=&#8221;font_icon&#8221; icon=&#8221;icon-minus&#8221; color=&#8221;Accent-Color&#8221; alignment=&#8221;left&#8221; spacing=&#8221;default&#8221; enable_animation=&#8221;true&#8221;]<\/p>\n<ul>\n<li>Petit d\u00e9jeuner \u00e0 l'h\u00f4tel et transfert en v\u00e9hicule priv\u00e9 vers <strong>Callian<\/strong>, pittoresco villaggio medievale che deve il suo charme alle sue stradine disposte a spirale intorno al castello feudale.<\/li>\n<li>Proseguimento per <strong>Mons<\/strong>, situato su uno sperone di roccia a 814 m di altitudine, da cui \u00e8 possibile ammirare, con cielo terso, persino la Corsica. La chiesa parrocchiale, risalente al XII sec., presenta un raro insieme di pale d\u2019altare barocche del XVII sec., inserite tra i monumenti storici insieme ai crocifissi processionali. La <em>Chapelle Notre Dame de la Piti\u00e9<\/em> (sulla strada da Callian) offre una splendida vista del villaggio.<\/li>\n<\/ul>\n<p>[\/fancy-ul][divider line_type=\u201dFull Width Line\u201d line_thickness=\u201d1\u2033 divider_colour=\u201dextra-colour-gradient-2\u2033 animate=\u201dyes\u201d delay=\u201d150\u2033][\/vc_column_inner][\/vc_row_inner][\/tab][\/tabbed_section][\/vc_column][\/vc_row][\/vc_column][\/vc_row]<\/p>","protected":false},"excerpt":{"rendered":"<p>3 giorni alla scoperta dei villaggi arroccati nel Var<\/p>\n<p><a href=\"#dettagli\">En savoir plus<\/a><\/p>","protected":false},"featured_media":8044,"comment_status":"closed","ping_status":"closed","template":"","meta":[],"product_brand":[],"product_cat":[754],"product_tag":[701,700,703,699,702],"berocket_brand":[],"class_list":{"0":"post-3305","1":"product","2":"type-product","3":"status-publish","4":"has-post-thumbnail","6":"product_cat-var-percorsi","7":"product_tag-fayence","8":"product_tag-montaroux","9":"product_tag-seillans","10":"product_tag-tanneron","11":"product_tag-tourrettes","13":"first","14":"outofstock","15":"virtual","16":"product-type-simple"},"_links":{"self":[{"href":"https:\/\/www.qualitymade.eu\/fr\/wp-json\/wp\/v2\/product\/3305","targetHints":{"allow":["GET"]}}],"collection":[{"href":"https:\/\/www.qualitymade.eu\/fr\/wp-json\/wp\/v2\/product"}],"about":[{"href":"https:\/\/www.qualitymade.eu\/fr\/wp-json\/wp\/v2\/types\/product"}],"replies":[{"embeddable":true,"href":"https:\/\/www.qualitymade.eu\/fr\/wp-json\/wp\/v2\/comments?post=3305"}],"wp:featuredmedia":[{"embeddable":true,"href":"https:\/\/www.qualitymade.eu\/fr\/wp-json\/wp\/v2\/media\/8044"}],"wp:attachment":[{"href":"https:\/\/www.qualitymade.eu\/fr\/wp-json\/wp\/v2\/media?parent=3305"}],"wp:term":[{"taxonomy":"product_brand","embeddable":true,"href":"https:\/\/www.qualitymade.eu\/fr\/wp-json\/wp\/v2\/product_brand?post=3305"},{"taxonomy":"product_cat","embeddable":true,"href":"https:\/\/www.qualitymade.eu\/fr\/wp-json\/wp\/v2\/product_cat?post=3305"},{"taxonomy":"product_tag","embeddable":true,"href":"https:\/\/www.qualitymade.eu\/fr\/wp-json\/wp\/v2\/product_tag?post=3305"},{"taxonomy":"berocket_brand","embeddable":true,"href":"https:\/\/www.qualitymade.eu\/fr\/wp-json\/wp\/v2\/berocket_brand?post=3305"}],"curies":[{"name":"wp","href":"https:\/\/api.w.org\/{rel}","templated":true}]}}