{"id":4153,"date":"2023-05-04T00:00:00","date_gmt":"2023-05-04T00:00:00","guid":{"rendered":"https:\/\/dev.qualitymade.eu\/?post_type=product&#038;p=4153"},"modified":"2025-02-01T17:02:45","modified_gmt":"2025-02-01T17:02:45","slug":"team-building-natura-35-ore-solo-per-aziende","status":"publish","type":"product","link":"https:\/\/www.qualitymade.eu\/fr\/produit\/team-building-natura-35-ore-solo-per-aziende\/","title":{"rendered":"Team Building Nature 3,5 heures (uniquement pour les entreprises)"},"content":{"rendered":"<p>[vc_row type=&#8221;full_width_background&#8221; full_screen_row_position=&#8221;middle&#8221; column_margin=&#8221;default&#8221; column_direction=&#8221;default&#8221; column_direction_tablet=&#8221;default&#8221; column_direction_phone=&#8221;default&#8221; bg_image=&#8221;72&#8243; bg_position=&#8221;center center&#8221; background_image_loading=&#8221;default&#8221; bg_repeat=&#8221;no-repeat&#8221; scene_position=&#8221;center&#8221; top_padding=&#8221;6%&#8221; constrain_group_1=&#8221;yes&#8221; bottom_padding=&#8221;6%&#8221; text_color=&#8221;dark&#8221; text_align=&#8221;left&#8221; row_border_radius=&#8221;none&#8221; row_border_radius_applies=&#8221;bg&#8221; overflow=&#8221;visible&#8221; id=&#8221;dettagli&#8221; advanced_gradient=&#8221;linear-gradient(140deg, rgba(130,193,194,0.5) 9%, rgba(130,193,194,0.2) 69%)&#8221; advanced_gradient_angle=&#8221;140&#8243; shape_divider_position=&#8221;bottom&#8221; bg_image_animation=&#8221;none&#8221; shape_type=&#8221;&#8221; gradient_type=&#8221;advanced&#8221; advanced_gradient_display_type=&#8221;linear&#8221;][vc_column column_padding=&#8221;no-extra-padding&#8221; column_padding_tablet=&#8221;inherit&#8221; column_padding_phone=&#8221;inherit&#8221; column_padding_position=&#8221;all&#8221; column_element_direction_desktop=&#8221;default&#8221; column_element_spacing=&#8221;default&#8221; desktop_text_alignment=&#8221;default&#8221; tablet_text_alignment=&#8221;default&#8221; phone_text_alignment=&#8221;default&#8221; background_color_opacity=&#8221;1&#8243; background_hover_color_opacity=&#8221;1&#8243; column_backdrop_filter=&#8221;none&#8221; column_shadow=&#8221;none&#8221; column_border_radius=&#8221;none&#8221; column_link_target=&#8221;_self&#8221; column_position=&#8221;default&#8221; gradient_direction=&#8221;left_to_right&#8221; overlay_strength=&#8221;0.3&#8243; width=&#8221;1\/1&#8243; tablet_width_inherit=&#8221;default&#8221; animation_type=&#8221;default&#8221; bg_image_animation=&#8221;none&#8221; border_type=&#8221;simple&#8221; column_border_width=&#8221;none&#8221; column_border_style=&#8221;solid&#8221;][tabbed_section style=&#8221;vertical_scrolling&#8221; tab_color=&#8221;extra-color-gradient-2&#8243; vs_navigation_func=&#8221;default&#8221; vs_navigation_width=&#8221;regular&#8221; vs_navigation_spacing=&#8221;30px&#8221; vs_navigation_mobile_display=&#8221;visible&#8221; vs_tab_spacing=&#8221;20%&#8221; vs_tab_tag=&#8221;h5&#8243; vs_cta_style=&#8221;see-through&#8221; vs_cta_bg_color=&#8221;default&#8221; vs_cta_heading_tag=&#8221;h6&#8243; vs_sticky_aspect=&#8221;default&#8221; vs_font_size=&#8221;28px&#8221;][tab icon_family=&#8221;none&#8221; title=&#8221;Itinerario&#8221; id=&#8221;1683881092368-0&#8243; sub_desc=&#8221;Percorsi, indicazioni e suggestioni.&#8221; tab_id=&#8221;1683881092368-10&#8243;][vc_row_inner column_margin=&#8221;none&#8221; column_direction=&#8221;default&#8221; column_direction_tablet=&#8221;default&#8221; column_direction_phone=&#8221;default&#8221; text_align=&#8221;left&#8221; row_position=&#8221;default&#8221; row_position_tablet=&#8221;inherit&#8221; row_position_phone=&#8221;inherit&#8221; overflow=&#8221;visible&#8221; pointer_events=&#8221;all&#8221;][vc_column_inner column_padding=&#8221;no-extra-padding&#8221; column_padding_tablet=&#8221;inherit&#8221; column_padding_phone=&#8221;inherit&#8221; column_padding_position=&#8221;all&#8221; column_element_direction_desktop=&#8221;default&#8221; column_element_spacing=&#8221;default&#8221; desktop_text_alignment=&#8221;default&#8221; tablet_text_alignment=&#8221;default&#8221; phone_text_alignment=&#8221;default&#8221; background_color_opacity=&#8221;1&#8243; background_hover_color_opacity=&#8221;1&#8243; column_backdrop_filter=&#8221;none&#8221; column_shadow=&#8221;none&#8221; column_border_radius=&#8221;none&#8221; column_link_target=&#8221;_self&#8221; overflow=&#8221;visible&#8221; gradient_direction=&#8221;left_to_right&#8221; overlay_strength=&#8221;0.3&#8243; width=&#8221;1\/1&#8243; tablet_width_inherit=&#8221;default&#8221; animation_type=&#8221;default&#8221; bg_image_animation=&#8221;none&#8221; border_type=&#8221;simple&#8221; column_border_width=&#8221;none&#8221; column_border_style=&#8221;solid&#8221;][vc_custom_heading text=&#8221;Un team building esperienziale principalmente focalizzato su due temi chiave del progetto Team Building&#8221; font_container=&#8221;tag:h2|font_size:30|text_align:left|line_height:40px&#8221; use_theme_fonts=&#8221;yes&#8221;][\/vc_column_inner][\/vc_row_inner][vc_row_inner column_margin=&#8221;40px&#8221; column_direction=&#8221;default&#8221; column_direction_tablet=&#8221;default&#8221; column_direction_phone=&#8221;default&#8221; text_align=&#8221;left&#8221; row_position=&#8221;default&#8221; row_position_tablet=&#8221;inherit&#8221; row_position_phone=&#8221;inherit&#8221; overflow=&#8221;visible&#8221; pointer_events=&#8221;all&#8221;][vc_column_inner column_padding=&#8221;padding-3-percent&#8221; column_padding_tablet=&#8221;inherit&#8221; column_padding_phone=&#8221;inherit&#8221; column_padding_position=&#8221;top-bottom&#8221; column_element_direction_desktop=&#8221;default&#8221; column_element_spacing=&#8221;default&#8221; desktop_text_alignment=&#8221;default&#8221; tablet_text_alignment=&#8221;default&#8221; phone_text_alignment=&#8221;default&#8221; background_color_opacity=&#8221;1&#8243; background_hover_color_opacity=&#8221;1&#8243; column_backdrop_filter=&#8221;none&#8221; column_shadow=&#8221;none&#8221; column_border_radius=&#8221;none&#8221; column_link_target=&#8221;_self&#8221; overflow=&#8221;visible&#8221; gradient_direction=&#8221;left_to_right&#8221; overlay_strength=&#8221;0.3&#8243; width=&#8221;1\/1&#8243; tablet_width_inherit=&#8221;default&#8221; animation_type=&#8221;default&#8221; enable_animation=&#8221;true&#8221; animation=&#8221;fade-in-from-bottom&#8221; animation_easing=&#8221;default&#8221; bg_image_animation=&#8221;none&#8221; border_type=&#8221;simple&#8221; column_border_width=&#8221;none&#8221; column_border_style=&#8221;solid&#8221;][vc_column_text css=&#8221;.vc_custom_1683292894104&#8243;]In una location unica nel suo genere, immersa nel verde dei monti liguri che si tuffano in mare, all\u2019ombra degli ulivi e con una vista mozzafiato sul Golfo del Tigullio, un nuovo format di <a href=\"https:\/\/www.teambuildingnatura.it\/\">Team Building Nature<\/a> di mezza giornata.<\/p>\n<p>Un&#8217;occasione per vivere insieme al tuo team aziendale un\u2019esperienza indimenticabile, in cui entrare in uno spazio di confronto completamente nuovo, dove potersi riconoscere come esseri umani, prima ancora che colleghi e professionisti.<\/p>\n<p><a href=\"https:\/\/torresangioachino.com\/\">Torre San Gioachino<\/a>, a San Lorenzo della Costa, nei pressi di Santa Margherita Ligure, \u00e8 il luogo magico in cui sar\u00e0 possibile lasciarsi ispirare dalla Natura e sperimentare insieme a noi pratiche e attivit\u00e0 su temi centrali in ambito organizzativo, quali ascolto, intelligenza emotiva, fiducia, sicurezza psicologica e creativit\u00e0, ma non solo.[\/vc_column_text][divider line_type=&#8221;Full Width Line&#8221; line_thickness=&#8221;1&#8243; divider_color=&#8221;extra-color-gradient-2&#8243; animate=&#8221;yes&#8221; delay=&#8221;150&#8243;][\/vc_column_inner][\/vc_row_inner][\/tab][tab icon_family=&#8221;none&#8221; title=&#8221;Durata&#8221; id=&#8221;1683881092444-9&#8243; sub_desc=&#8221;Orari, punti di raccolta&#8221; tab_id=&#8221;1683881092444-4&#8243;][vc_row_inner content_placement=&#8221;top&#8221; column_margin=&#8221;none&#8221; column_direction=&#8221;default&#8221; column_direction_tablet=&#8221;default&#8221; column_direction_phone=&#8221;default&#8221; text_align=&#8221;left&#8221; row_position=&#8221;default&#8221; row_position_tablet=&#8221;inherit&#8221; row_position_phone=&#8221;inherit&#8221; overflow=&#8221;visible&#8221; pointer_events=&#8221;all&#8221;][vc_column_inner column_padding=&#8221;no-extra-padding&#8221; column_padding_tablet=&#8221;inherit&#8221; column_padding_phone=&#8221;inherit&#8221; column_padding_position=&#8221;all&#8221; column_element_direction_desktop=&#8221;default&#8221; column_element_spacing=&#8221;default&#8221; desktop_text_alignment=&#8221;default&#8221; tablet_text_alignment=&#8221;default&#8221; phone_text_alignment=&#8221;default&#8221; background_color_opacity=&#8221;1&#8243; background_hover_color_opacity=&#8221;1&#8243; column_backdrop_filter=&#8221;none&#8221; column_shadow=&#8221;none&#8221; column_border_radius=&#8221;none&#8221; column_link_target=&#8221;_self&#8221; overflow=&#8221;visible&#8221; gradient_direction=&#8221;left_to_right&#8221; overlay_strength=&#8221;0.3&#8243; width=&#8221;2\/3&#8243; tablet_width_inherit=&#8221;default&#8221; animation_type=&#8221;default&#8221; bg_image_animation=&#8221;none&#8221; border_type=&#8221;simple&#8221; column_border_width=&#8221;none&#8221; column_border_style=&#8221;solid&#8221;][vc_custom_heading text=&#8221;3h 30min. circa&#8221; font_container=&#8221;tag:h4|text_align:left&#8221; use_theme_fonts=&#8221;yes&#8221;][\/vc_column_inner][vc_column_inner column_padding=&#8221;no-extra-padding&#8221; column_padding_tablet=&#8221;inherit&#8221; column_padding_phone=&#8221;inherit&#8221; column_padding_position=&#8221;all&#8221; column_element_direction_desktop=&#8221;default&#8221; column_element_spacing=&#8221;default&#8221; desktop_text_alignment=&#8221;default&#8221; tablet_text_alignment=&#8221;default&#8221; phone_text_alignment=&#8221;default&#8221; background_color_opacity=&#8221;1&#8243; background_hover_color_opacity=&#8221;1&#8243; column_backdrop_filter=&#8221;none&#8221; column_shadow=&#8221;none&#8221; column_border_radius=&#8221;none&#8221; column_link_target=&#8221;_self&#8221; overflow=&#8221;visible&#8221; gradient_direction=&#8221;left_to_right&#8221; overlay_strength=&#8221;0.3&#8243; width=&#8221;1\/3&#8243; tablet_width_inherit=&#8221;default&#8221; animation_type=&#8221;default&#8221; bg_image_animation=&#8221;none&#8221; border_type=&#8221;simple&#8221; column_border_width=&#8221;none&#8221; column_border_style=&#8221;solid&#8221;][\/vc_column_inner][vc_column_inner column_padding=&#8221;no-extra-padding&#8221; column_padding_tablet=&#8221;inherit&#8221; column_padding_phone=&#8221;inherit&#8221; column_padding_position=&#8221;all&#8221; column_element_direction_desktop=&#8221;default&#8221; column_element_spacing=&#8221;default&#8221; desktop_text_alignment=&#8221;default&#8221; tablet_text_alignment=&#8221;default&#8221; phone_text_alignment=&#8221;default&#8221; background_color_opacity=&#8221;1&#8243; background_hover_color_opacity=&#8221;1&#8243; column_backdrop_filter=&#8221;none&#8221; column_shadow=&#8221;none&#8221; column_border_radius=&#8221;none&#8221; column_link_target=&#8221;_self&#8221; overflow=&#8221;visible&#8221; gradient_direction=&#8221;left_to_right&#8221; overlay_strength=&#8221;0.3&#8243; width=&#8221;1\/1&#8243; tablet_width_inherit=&#8221;default&#8221; animation_type=&#8221;default&#8221; bg_image_animation=&#8221;none&#8221; border_type=&#8221;simple&#8221; column_border_width=&#8221;none&#8221; column_border_style=&#8221;solid&#8221;][divider line_type=&#8221;Full Width Line&#8221; line_thickness=&#8221;1&#8243; divider_color=&#8221;extra-color-gradient-2&#8243; animate=&#8221;yes&#8221; delay=&#8221;150&#8243;][\/vc_column_inner][\/vc_row_inner][\/tab][tab icon_family=&#8221;none&#8221; title=&#8221;Dati Tecnici&#8221; id=&#8221;1683881092507-8&#8243; sub_desc=&#8221;Dislivelli, difficolt\u00e0, lunghezza&#8221; tab_id=&#8221;1683881092508-9&#8243;][vc_row_inner content_placement=&#8221;top&#8221; column_margin=&#8221;default&#8221; column_direction=&#8221;default&#8221; column_direction_tablet=&#8221;default&#8221; column_direction_phone=&#8221;default&#8221; text_align=&#8221;left&#8221; row_position=&#8221;default&#8221; row_position_tablet=&#8221;inherit&#8221; row_position_phone=&#8221;inherit&#8221; overflow=&#8221;visible&#8221; pointer_events=&#8221;all&#8221;][vc_column_inner column_padding=&#8221;padding-3-percent&#8221; column_padding_tablet=&#8221;inherit&#8221; column_padding_phone=&#8221;inherit&#8221; column_padding_position=&#8221;top-bottom&#8221; column_element_direction_desktop=&#8221;default&#8221; column_element_spacing=&#8221;default&#8221; desktop_text_alignment=&#8221;default&#8221; tablet_text_alignment=&#8221;default&#8221; phone_text_alignment=&#8221;default&#8221; background_color_opacity=&#8221;1&#8243; background_hover_color_opacity=&#8221;1&#8243; column_backdrop_filter=&#8221;none&#8221; column_shadow=&#8221;none&#8221; column_border_radius=&#8221;none&#8221; column_link_target=&#8221;_self&#8221; overflow=&#8221;visible&#8221; advanced_gradient_angle=&#8221;0&#8243; gradient_direction=&#8221;left_to_right&#8221; overlay_strength=&#8221;0.3&#8243; width=&#8221;1\/1&#8243; tablet_width_inherit=&#8221;default&#8221; animation_type=&#8221;default&#8221; enable_animation=&#8221;true&#8221; animation=&#8221;fade-in-from-bottom&#8221; animation_easing=&#8221;default&#8221; bg_image_animation=&#8221;none&#8221; border_type=&#8221;simple&#8221; column_border_width=&#8221;none&#8221; column_border_style=&#8221;solid&#8221; gradient_type=&#8221;default&#8221;][vc_column_text]Un <strong>team building esperienziale<\/strong> principalmente focalizzato su due temi chiave del progetto <a href=\"https:\/\/www.teambuildingnatura.it\/\">Team Building Nature<\/a>, <strong>Ascolto<\/strong> e <strong>Fiducia<\/strong>, che i partecipanti potranno sperimentare attraverso diverse pratiche individuali o di gruppo ispirate alla Mindfulness e momenti di facilitazione condotti da professionisti esperti.<\/p>\n<p>Vi inviteremo a <strong>rallentare<\/strong>, espandere la vostra<strong> percezione sentoriale<\/strong>, ascoltarvi ed entrare in uno spazio di <strong>fiducia e sicurezza psicologica<\/strong>.<\/p>\n<p>Come?<\/p>\n<p>L&#8217;invito \u00e8 di venire a scoprirlo in prima persona insieme al tuo team di lavoro.<\/p>\n<p><strong>Richiedi una quotazione personalizzata per un team superiore alle 7 persone.<\/strong>[\/vc_column_text][divider line_type=&#8221;Full Width Line&#8221; line_thickness=&#8221;1&#8243; divider_color=&#8221;extra-color-gradient-2&#8243; animate=&#8221;yes&#8221; delay=&#8221;150&#8243;][\/vc_column_inner][\/vc_row_inner][\/tab][tab icon_family=&#8221;none&#8221; title=&#8221;Incluso&#8221; id=&#8221;1683881092540-10&#8243; sub_desc=&#8221;Tutto ci\u00f2 che comprende l&#8217;offerta&#8221; tab_id=&#8221;1683881092540-5&#8243;][vc_row_inner content_placement=&#8221;top&#8221; column_margin=&#8221;none&#8221; column_direction=&#8221;default&#8221; column_direction_tablet=&#8221;default&#8221; column_direction_phone=&#8221;default&#8221; text_align=&#8221;left&#8221; row_position=&#8221;default&#8221; row_position_tablet=&#8221;inherit&#8221; row_position_phone=&#8221;inherit&#8221; overflow=&#8221;visible&#8221; pointer_events=&#8221;all&#8221;][vc_column_inner column_padding=&#8221;no-extra-padding&#8221; column_padding_tablet=&#8221;inherit&#8221; column_padding_phone=&#8221;inherit&#8221; column_padding_position=&#8221;all&#8221; column_element_direction_desktop=&#8221;default&#8221; column_element_spacing=&#8221;default&#8221; desktop_text_alignment=&#8221;default&#8221; tablet_text_alignment=&#8221;default&#8221; phone_text_alignment=&#8221;default&#8221; background_color_opacity=&#8221;1&#8243; background_hover_color_opacity=&#8221;1&#8243; column_backdrop_filter=&#8221;none&#8221; column_shadow=&#8221;none&#8221; column_border_radius=&#8221;none&#8221; column_link_target=&#8221;_self&#8221; overflow=&#8221;visible&#8221; gradient_direction=&#8221;left_to_right&#8221; overlay_strength=&#8221;0.3&#8243; width=&#8221;1\/1&#8243; tablet_width_inherit=&#8221;default&#8221; animation_type=&#8221;default&#8221; bg_image_animation=&#8221;none&#8221; border_type=&#8221;simple&#8221; column_border_width=&#8221;none&#8221; column_border_style=&#8221;solid&#8221;][vc_custom_heading text=&#8221;Progettazione del team building, logistica e organizzazione dell\u2019evento, trainer e\/o assistant trainer per lo svolgimento del team building come da programma, costi di viaggio dei trainer, prenotazione e utilizzo della location, eventuali materiali di consumo.&#8221; font_container=&#8221;tag:p|text_align:left&#8221; use_theme_fonts=&#8221;yes&#8221;][divider line_type=&#8221;Full Width Line&#8221; line_thickness=&#8221;1&#8243; divider_color=&#8221;extra-color-gradient-2&#8243; animate=&#8221;yes&#8221; delay=&#8221;150&#8243;][\/vc_column_inner][\/vc_row_inner][\/tab][tab icon_family=&#8221;none&#8221; title=&#8221;Non Incluso&#8221; id=&#8221;1683881092577-1&#8243; sub_desc=&#8221;Costi extra, trasferimenti e altro&#8221; tab_id=&#8221;1683881092577-5&#8243;][vc_row_inner content_placement=&#8221;top&#8221; column_margin=&#8221;none&#8221; column_direction=&#8221;default&#8221; column_direction_tablet=&#8221;default&#8221; column_direction_phone=&#8221;default&#8221; text_align=&#8221;left&#8221; row_position=&#8221;default&#8221; row_position_tablet=&#8221;inherit&#8221; row_position_phone=&#8221;inherit&#8221; overflow=&#8221;visible&#8221; pointer_events=&#8221;all&#8221;][vc_column_inner column_padding=&#8221;no-extra-padding&#8221; column_padding_tablet=&#8221;inherit&#8221; column_padding_phone=&#8221;inherit&#8221; column_padding_position=&#8221;all&#8221; column_element_direction_desktop=&#8221;default&#8221; column_element_spacing=&#8221;default&#8221; desktop_text_alignment=&#8221;default&#8221; tablet_text_alignment=&#8221;default&#8221; phone_text_alignment=&#8221;default&#8221; background_color_opacity=&#8221;1&#8243; background_hover_color_opacity=&#8221;1&#8243; column_backdrop_filter=&#8221;none&#8221; column_shadow=&#8221;none&#8221; column_border_radius=&#8221;none&#8221; column_link_target=&#8221;_self&#8221; overflow=&#8221;visible&#8221; gradient_direction=&#8221;left_to_right&#8221; overlay_strength=&#8221;0.3&#8243; width=&#8221;1\/1&#8243; tablet_width_inherit=&#8221;default&#8221; animation_type=&#8221;default&#8221; bg_image_animation=&#8221;none&#8221; border_type=&#8221;simple&#8221; column_border_width=&#8221;none&#8221; column_border_style=&#8221;solid&#8221;][vc_custom_heading text=&#8221;Costi di trasferimento dei partecipanti da\/per Torre San Gioachino, qualsiasi altro servizio non espressamente indicato.&#8221; font_container=&#8221;tag:p|text_align:left&#8221; use_theme_fonts=&#8221;yes&#8221;][divider line_type=&#8221;Full Width Line&#8221; line_thickness=&#8221;1&#8243; divider_color=&#8221;extra-color-gradient-2&#8243;][\/vc_column_inner][\/vc_row_inner][\/tab][\/tabbed_section][\/vc_column][\/vc_row]<\/p>","protected":false},"excerpt":{"rendered":"<p><span style=\"font-weight: 400;\">Un team building esperienziale principalmente focalizzato su due temi chiave del progetto <a href=\"https:\/\/www.teambuildingnatura.it\/\">Team Building Nature<\/a>, que les participants exp\u00e9rimenteront \u00e0 travers diverses pratiques individuelles ou de groupe et des moments d'animation dirig\u00e9s par des professionnels exp\u00e9riment\u00e9s.<\/span><\/p>","protected":false},"featured_media":8343,"comment_status":"open","ping_status":"closed","template":"","meta":[],"product_brand":[413],"product_cat":[744,746],"product_tag":[647],"berocket_brand":[552],"class_list":{"0":"post-4153","1":"product","2":"type-product","3":"status-publish","4":"has-post-thumbnail","6":"product_brand-go-and-ply","7":"product_cat-sport-e-natura","8":"product_cat-liguria","9":"product_tag-team-building","10":"berocket_brand-go-and-ply","12":"first","13":"instock","14":"virtual","15":"purchasable","16":"product-type-simple"},"_links":{"self":[{"href":"https:\/\/www.qualitymade.eu\/fr\/wp-json\/wp\/v2\/product\/4153","targetHints":{"allow":["GET"]}}],"collection":[{"href":"https:\/\/www.qualitymade.eu\/fr\/wp-json\/wp\/v2\/product"}],"about":[{"href":"https:\/\/www.qualitymade.eu\/fr\/wp-json\/wp\/v2\/types\/product"}],"replies":[{"embeddable":true,"href":"https:\/\/www.qualitymade.eu\/fr\/wp-json\/wp\/v2\/comments?post=4153"}],"wp:featuredmedia":[{"embeddable":true,"href":"https:\/\/www.qualitymade.eu\/fr\/wp-json\/wp\/v2\/media\/8343"}],"wp:attachment":[{"href":"https:\/\/www.qualitymade.eu\/fr\/wp-json\/wp\/v2\/media?parent=4153"}],"wp:term":[{"taxonomy":"product_brand","embeddable":true,"href":"https:\/\/www.qualitymade.eu\/fr\/wp-json\/wp\/v2\/product_brand?post=4153"},{"taxonomy":"product_cat","embeddable":true,"href":"https:\/\/www.qualitymade.eu\/fr\/wp-json\/wp\/v2\/product_cat?post=4153"},{"taxonomy":"product_tag","embeddable":true,"href":"https:\/\/www.qualitymade.eu\/fr\/wp-json\/wp\/v2\/product_tag?post=4153"},{"taxonomy":"berocket_brand","embeddable":true,"href":"https:\/\/www.qualitymade.eu\/fr\/wp-json\/wp\/v2\/berocket_brand?post=4153"}],"curies":[{"name":"wp","href":"https:\/\/api.w.org\/{rel}","templated":true}]}}